{"id":789,"date":"2022-08-24T15:04:04","date_gmt":"2022-08-24T13:04:04","guid":{"rendered":"https:\/\/woop.design\/?page_id=789"},"modified":"2022-08-24T15:16:17","modified_gmt":"2022-08-24T13:16:17","slug":"vesela-hoblina","status":"publish","type":"page","link":"https:\/\/woop.design\/en\/nase-prace\/vesela-hoblina\/","title":{"rendered":"Vesel\u00e1 hoblina"},"content":{"rendered":"<div data-elementor-type=\"wp-page\" data-elementor-id=\"789\" class=\"elementor elementor-789\" data-elementor-post-type=\"page\">\n\t\t\t\t\t\t<section class=\"elementor-section elementor-top-section elementor-element elementor-element-09980b8 elementor-section-full_width elementor-section-height-default elementor-section-height-default\" data-id=\"09980b8\" data-element_type=\"section\" data-e-type=\"section\">\n\t\t\t\t\t\t<div class=\"elementor-container elementor-column-gap-default\">\n\t\t\t\t\t<div class=\"elementor-column elementor-col-100 elementor-top-column elementor-element elementor-element-9f84433\" data-id=\"9f84433\" data-element_type=\"column\" data-e-type=\"column\">\n\t\t\t<div class=\"elementor-widget-wrap elementor-element-populated\">\n\t\t\t\t\t\t<div class=\"elementor-element elementor-element-d815649 elementor-widget elementor-widget-image\" data-id=\"d815649\" data-element_type=\"widget\" data-e-type=\"widget\" data-widget_type=\"image.default\">\n\t\t\t\t<div class=\"elementor-widget-container\">\n\t\t\t\t\t\t\t\t\t\t\t\t\t\t\t<img fetchpriority=\"high\" decoding=\"async\" width=\"1101\" height=\"649\" src=\"https:\/\/woop.design\/wp-content\/uploads\/2022\/08\/Vesela-Hoblina-01.jpg\" class=\"attachment-full size-full wp-image-791\" alt=\"\" srcset=\"https:\/\/woop.design\/wp-content\/uploads\/2022\/08\/Vesela-Hoblina-01.jpg 1101w, https:\/\/woop.design\/wp-content\/uploads\/2022\/08\/Vesela-Hoblina-01-300x177.jpg 300w, https:\/\/woop.design\/wp-content\/uploads\/2022\/08\/Vesela-Hoblina-01-1024x604.jpg 1024w, https:\/\/woop.design\/wp-content\/uploads\/2022\/08\/Vesela-Hoblina-01-768x453.jpg 768w, https:\/\/woop.design\/wp-content\/uploads\/2022\/08\/Vesela-Hoblina-01-18x12.jpg 18w\" sizes=\"(max-width: 1101px) 100vw, 1101px\" \/>\t\t\t\t\t\t\t\t\t\t\t\t\t\t\t<\/div>\n\t\t\t\t<\/div>\n\t\t\t\t<div class=\"elementor-element elementor-element-1f0bfb9 elementor-widget elementor-widget-heading\" data-id=\"1f0bfb9\" data-element_type=\"widget\" data-e-type=\"widget\" data-widget_type=\"heading.default\">\n\t\t\t\t<div class=\"elementor-widget-container\">\n\t\t\t\t\t<h1 class=\"elementor-heading-title elementor-size-default\">Vesel\u00e1 hoblina<\/h1>\t\t\t\t<\/div>\n\t\t\t\t<\/div>\n\t\t\t\t<div class=\"elementor-element elementor-element-e41fa88 elementor-widget elementor-widget-text-editor\" data-id=\"e41fa88\" data-element_type=\"widget\" data-e-type=\"widget\" data-widget_type=\"text-editor.default\">\n\t\t\t\t<div class=\"elementor-widget-container\">\n\t\t\t\t\t\t\t\t\t<p>Webdesign \/ Web development \/ Product catalog<\/p>\t\t\t\t\t\t\t\t<\/div>\n\t\t\t\t<\/div>\n\t\t\t\t<section class=\"elementor-section elementor-inner-section elementor-element elementor-element-6f9342e elementor-section-content-middle elementor-section-boxed elementor-section-height-default elementor-section-height-default\" data-id=\"6f9342e\" data-element_type=\"section\" data-e-type=\"section\">\n\t\t\t\t\t\t<div class=\"elementor-container elementor-column-gap-default\">\n\t\t\t\t\t<div class=\"elementor-column elementor-col-100 elementor-inner-column elementor-element elementor-element-bb73716\" data-id=\"bb73716\" data-element_type=\"column\" data-e-type=\"column\">\n\t\t\t<div class=\"elementor-widget-wrap elementor-element-populated\">\n\t\t\t\t\t\t<div class=\"elementor-element elementor-element-d1af800 elementor-widget elementor-widget-image\" data-id=\"d1af800\" data-element_type=\"widget\" data-e-type=\"widget\" data-widget_type=\"image.default\">\n\t\t\t\t<div class=\"elementor-widget-container\">\n\t\t\t\t\t\t\t\t\t\t\t\t\t\t\t<img decoding=\"async\" width=\"1\" height=\"1\" src=\"https:\/\/woop.design\/wp-content\/uploads\/2019\/11\/uvozovky_zacatek.svg\" class=\"attachment-full size-full wp-image-22\" alt=\"\" \/>\t\t\t\t\t\t\t\t\t\t\t\t\t\t\t<\/div>\n\t\t\t\t<\/div>\n\t\t\t\t<div class=\"elementor-element elementor-element-8b6643c elementor-widget elementor-widget-text-editor\" data-id=\"8b6643c\" data-element_type=\"widget\" data-e-type=\"widget\" data-widget_type=\"text-editor.default\">\n\t\t\t\t<div class=\"elementor-widget-container\">\n\t\t\t\t\t\t\t\t\t<p>In Vesel\u00e1 Hoblina they were clear about their identity. They had the visuals worked out about halfway. So we worked with their logo, their company values (they make really high quality custom furniture with minimalist design) and brought the visual and presentation of their products to a level that matches the quality of their production. The result is a clean and elegant website where solid wood, craftsmanship and perfect furniture of the highest quality are the main words. Presenting such quality goods and services is a real pleasure for us.<\/p>\t\t\t\t\t\t\t\t<\/div>\n\t\t\t\t<\/div>\n\t\t\t\t<div class=\"elementor-element elementor-element-ca785b2 elementor-widget elementor-widget-image\" data-id=\"ca785b2\" data-element_type=\"widget\" data-e-type=\"widget\" data-widget_type=\"image.default\">\n\t\t\t\t<div class=\"elementor-widget-container\">\n\t\t\t\t\t\t\t\t\t\t\t\t\t\t\t<img decoding=\"async\" width=\"1\" height=\"1\" src=\"https:\/\/woop.design\/wp-content\/uploads\/2019\/11\/uvozovky_konec.svg\" class=\"attachment-full size-full wp-image-23\" alt=\"\" \/>\t\t\t\t\t\t\t\t\t\t\t\t\t\t\t<\/div>\n\t\t\t\t<\/div>\n\t\t\t\t\t<\/div>\n\t\t<\/div>\n\t\t\t\t\t<\/div>\n\t\t<\/section>\n\t\t\t\t<div class=\"elementor-element elementor-element-6d0e8d4 elementor-widget elementor-widget-image\" data-id=\"6d0e8d4\" data-element_type=\"widget\" data-e-type=\"widget\" data-widget_type=\"image.default\">\n\t\t\t\t<div class=\"elementor-widget-container\">\n\t\t\t\t\t\t\t\t\t\t\t\t\t\t\t<img loading=\"lazy\" decoding=\"async\" width=\"1062\" height=\"2560\" src=\"https:\/\/woop.design\/wp-content\/uploads\/2022\/08\/Vesela-Hoblina-02.jpg\" class=\"attachment-full size-full wp-image-794\" alt=\"\" srcset=\"https:\/\/woop.design\/wp-content\/uploads\/2022\/08\/Vesela-Hoblina-02.jpg 1062w, https:\/\/woop.design\/wp-content\/uploads\/2022\/08\/Vesela-Hoblina-02-125x300.jpg 125w, https:\/\/woop.design\/wp-content\/uploads\/2022\/08\/Vesela-Hoblina-02-425x1024.jpg 425w, https:\/\/woop.design\/wp-content\/uploads\/2022\/08\/Vesela-Hoblina-02-768x1851.jpg 768w, https:\/\/woop.design\/wp-content\/uploads\/2022\/08\/Vesela-Hoblina-02-637x1536.jpg 637w, https:\/\/woop.design\/wp-content\/uploads\/2022\/08\/Vesela-Hoblina-02-850x2048.jpg 850w, https:\/\/woop.design\/wp-content\/uploads\/2022\/08\/Vesela-Hoblina-02-5x12.jpg 5w\" sizes=\"(max-width: 1062px) 100vw, 1062px\" \/>\t\t\t\t\t\t\t\t\t\t\t\t\t\t\t<\/div>\n\t\t\t\t<\/div>\n\t\t\t\t<div class=\"elementor-element elementor-element-8a48b92 elementor-widget elementor-widget-image\" data-id=\"8a48b92\" data-element_type=\"widget\" data-e-type=\"widget\" data-widget_type=\"image.default\">\n\t\t\t\t<div class=\"elementor-widget-container\">\n\t\t\t\t\t\t\t\t\t\t\t\t\t\t\t<img loading=\"lazy\" decoding=\"async\" width=\"1051\" height=\"2560\" src=\"https:\/\/woop.design\/wp-content\/uploads\/2022\/08\/Vesela-Hoblina-03.jpg\" class=\"attachment-full size-full wp-image-795\" alt=\"\" srcset=\"https:\/\/woop.design\/wp-content\/uploads\/2022\/08\/Vesela-Hoblina-03.jpg 1051w, https:\/\/woop.design\/wp-content\/uploads\/2022\/08\/Vesela-Hoblina-03-123x300.jpg 123w, https:\/\/woop.design\/wp-content\/uploads\/2022\/08\/Vesela-Hoblina-03-420x1024.jpg 420w, https:\/\/woop.design\/wp-content\/uploads\/2022\/08\/Vesela-Hoblina-03-768x1871.jpg 768w, https:\/\/woop.design\/wp-content\/uploads\/2022\/08\/Vesela-Hoblina-03-630x1536.jpg 630w, https:\/\/woop.design\/wp-content\/uploads\/2022\/08\/Vesela-Hoblina-03-841x2048.jpg 841w, https:\/\/woop.design\/wp-content\/uploads\/2022\/08\/Vesela-Hoblina-03-5x12.jpg 5w\" sizes=\"(max-width: 1051px) 100vw, 1051px\" \/>\t\t\t\t\t\t\t\t\t\t\t\t\t\t\t<\/div>\n\t\t\t\t<\/div>\n\t\t\t\t<div class=\"elementor-element elementor-element-9af1c59 elementor-widget elementor-widget-text-editor\" data-id=\"9af1c59\" data-element_type=\"widget\" data-e-type=\"widget\" data-widget_type=\"text-editor.default\">\n\t\t\t\t<div class=\"elementor-widget-container\">\n\t\t\t\t\t\t\t\t\t<p>Website of the project: <a href=\"https:\/\/veselahoblina.cz\/\" target=\"_blank\" rel=\"nofollow noopener\">veselahoblina.cz<\/a><\/p>\t\t\t\t\t\t\t\t<\/div>\n\t\t\t\t<\/div>\n\t\t\t\t\t<\/div>\n\t\t<\/div>\n\t\t\t\t\t<\/div>\n\t\t<\/section>\n\t\t\t\t<\/div>","protected":false},"excerpt":{"rendered":"<p>Vesel\u00e1 hoblina Webdesign \/ Web \/ Katalog produkt\u016f Ve Vesel\u00e9 Hoblin\u011b m\u011bli o svoj\u00ed identit\u011b jasno. Vizu\u00e1l m\u011bli zpracovan\u00fd tak nap\u016fl cesty. Pracovali jsme tedy s jejich logem, firemn\u00edmi hodnotami (d\u011blaj\u00ed opravdu kvalitn\u00ed zak\u00e1zkov\u00fd n\u00e1bytek s minimalistick\u00fdm designem) a dot\u00e1hli jsme vizu\u00e1l a prezentaci jejich v\u00fdrobk\u016f na \u00farove\u0148, kter\u00e1 odpov\u00edd\u00e1 kvalit\u011b jejich produkce. V\u00fdsledkem je [&hellip;]<\/p>\n","protected":false},"author":1,"featured_media":0,"parent":147,"menu_order":0,"comment_status":"closed","ping_status":"closed","template":"","meta":{"inline_featured_image":false,"footnotes":""},"class_list":["post-789","page","type-page","status-publish","hentry"],"_links":{"self":[{"href":"https:\/\/woop.design\/en\/wp-json\/wp\/v2\/pages\/789","targetHints":{"allow":["GET"]}}],"collection":[{"href":"https:\/\/woop.design\/en\/wp-json\/wp\/v2\/pages"}],"about":[{"href":"https:\/\/woop.design\/en\/wp-json\/wp\/v2\/types\/page"}],"author":[{"embeddable":true,"href":"https:\/\/woop.design\/en\/wp-json\/wp\/v2\/users\/1"}],"replies":[{"embeddable":true,"href":"https:\/\/woop.design\/en\/wp-json\/wp\/v2\/comments?post=789"}],"version-history":[{"count":7,"href":"https:\/\/woop.design\/en\/wp-json\/wp\/v2\/pages\/789\/revisions"}],"predecessor-version":[{"id":801,"href":"https:\/\/woop.design\/en\/wp-json\/wp\/v2\/pages\/789\/revisions\/801"}],"up":[{"embeddable":true,"href":"https:\/\/woop.design\/en\/wp-json\/wp\/v2\/pages\/147"}],"wp:attachment":[{"href":"https:\/\/woop.design\/en\/wp-json\/wp\/v2\/media?parent=789"}],"curies":[{"name":"wp","href":"https:\/\/api.w.org\/{rel}","templated":true}]}}