{"id":687,"date":"2021-10-26T11:56:55","date_gmt":"2021-10-26T09:56:55","guid":{"rendered":"https:\/\/woop.design\/?page_id=687"},"modified":"2023-08-16T16:12:06","modified_gmt":"2023-08-16T14:12:06","slug":"viderize","status":"publish","type":"page","link":"https:\/\/woop.design\/en\/nase-prace\/viderize\/","title":{"rendered":"Viderize"},"content":{"rendered":"<div data-elementor-type=\"wp-page\" data-elementor-id=\"687\" class=\"elementor elementor-687\" data-elementor-post-type=\"page\">\n\t\t\t\t\t\t<section class=\"elementor-section elementor-top-section elementor-element elementor-element-09980b8 elementor-section-full_width elementor-section-height-default elementor-section-height-default\" data-id=\"09980b8\" data-element_type=\"section\" data-e-type=\"section\">\n\t\t\t\t\t\t<div class=\"elementor-container elementor-column-gap-default\">\n\t\t\t\t\t<div class=\"elementor-column elementor-col-100 elementor-top-column elementor-element elementor-element-9f84433\" data-id=\"9f84433\" data-element_type=\"column\" data-e-type=\"column\">\n\t\t\t<div class=\"elementor-widget-wrap elementor-element-populated\">\n\t\t\t\t\t\t<div class=\"elementor-element elementor-element-d815649 elementor-widget elementor-widget-image\" data-id=\"d815649\" data-element_type=\"widget\" data-e-type=\"widget\" data-widget_type=\"image.default\">\n\t\t\t\t<div class=\"elementor-widget-container\">\n\t\t\t\t\t\t\t\t\t\t\t\t\t\t\t<img fetchpriority=\"high\" decoding=\"async\" width=\"834\" height=\"208\" src=\"https:\/\/woop.design\/wp-content\/uploads\/2021\/10\/Viderize-01.jpg\" class=\"attachment-full size-full wp-image-689\" alt=\"\" srcset=\"https:\/\/woop.design\/wp-content\/uploads\/2021\/10\/Viderize-01.jpg 834w, https:\/\/woop.design\/wp-content\/uploads\/2021\/10\/Viderize-01-300x75.jpg 300w, https:\/\/woop.design\/wp-content\/uploads\/2021\/10\/Viderize-01-768x192.jpg 768w, https:\/\/woop.design\/wp-content\/uploads\/2021\/10\/Viderize-01-18x4.jpg 18w\" sizes=\"(max-width: 834px) 100vw, 834px\" \/>\t\t\t\t\t\t\t\t\t\t\t\t\t\t\t<\/div>\n\t\t\t\t<\/div>\n\t\t\t\t<div class=\"elementor-element elementor-element-1f0bfb9 elementor-widget elementor-widget-heading\" data-id=\"1f0bfb9\" data-element_type=\"widget\" data-e-type=\"widget\" data-widget_type=\"heading.default\">\n\t\t\t\t<div class=\"elementor-widget-container\">\n\t\t\t\t\t<h1 class=\"elementor-heading-title elementor-size-default\">Viderize<\/h1>\t\t\t\t<\/div>\n\t\t\t\t<\/div>\n\t\t\t\t<div class=\"elementor-element elementor-element-e41fa88 elementor-widget elementor-widget-text-editor\" data-id=\"e41fa88\" data-element_type=\"widget\" data-e-type=\"widget\" data-widget_type=\"text-editor.default\">\n\t\t\t\t<div class=\"elementor-widget-container\">\n\t\t\t\t\t\t\t\t\t<p>Branding \/ Webdesign \/ Animace \/ Web \/ UX\/IU<\/p>\t\t\t\t\t\t\t\t<\/div>\n\t\t\t\t<\/div>\n\t\t\t\t<section class=\"elementor-section elementor-inner-section elementor-element elementor-element-6f9342e elementor-section-content-middle elementor-section-boxed elementor-section-height-default elementor-section-height-default\" data-id=\"6f9342e\" data-element_type=\"section\" data-e-type=\"section\">\n\t\t\t\t\t\t<div class=\"elementor-container elementor-column-gap-default\">\n\t\t\t\t\t<div class=\"elementor-column elementor-col-100 elementor-inner-column elementor-element elementor-element-bb73716\" data-id=\"bb73716\" data-element_type=\"column\" data-e-type=\"column\">\n\t\t\t<div class=\"elementor-widget-wrap elementor-element-populated\">\n\t\t\t\t\t\t<div class=\"elementor-element elementor-element-d1af800 elementor-widget elementor-widget-image\" data-id=\"d1af800\" data-element_type=\"widget\" data-e-type=\"widget\" data-widget_type=\"image.default\">\n\t\t\t\t<div class=\"elementor-widget-container\">\n\t\t\t\t\t\t\t\t\t\t\t\t\t\t\t<img decoding=\"async\" width=\"1\" height=\"1\" src=\"https:\/\/woop.design\/wp-content\/uploads\/2019\/11\/uvozovky_zacatek.svg\" class=\"attachment-full size-full wp-image-22\" alt=\"\" \/>\t\t\t\t\t\t\t\t\t\t\t\t\t\t\t<\/div>\n\t\t\t\t<\/div>\n\t\t\t\t<div class=\"elementor-element elementor-element-8b6643c elementor-widget elementor-widget-text-editor\" data-id=\"8b6643c\" data-element_type=\"widget\" data-e-type=\"widget\" data-widget_type=\"text-editor.default\">\n\t\t\t\t<div class=\"elementor-widget-container\">\n\t\t\t\t\t\t\t\t\t<p>Viderize je projekt, kter\u00fd si zaslou\u017e\u00ed \u0161ir\u0161\u00ed pozornost. Jejich t\u00fdm vytv\u00e1\u0159\u00ed aplikaci, kter\u00e1 s pomoc\u00ed strojov\u00e9ho u\u010den\u00ed detekuje a diagnostikuje o\u010dn\u00ed vady a nemoci, nyn\u00ed ji\u017e s velk\u00fdm \u00fasp\u011bchem detekuje cukrovku. Navrhovat web a optimalizovat rozhran\u00ed aplikace pro Viderize pro n\u00e1s bylo radost\u00ed. Projektu toti\u017e hodn\u011b v\u011b\u0159\u00edme.<\/p>\t\t\t\t\t\t\t\t<\/div>\n\t\t\t\t<\/div>\n\t\t\t\t<div class=\"elementor-element elementor-element-ca785b2 elementor-widget elementor-widget-image\" data-id=\"ca785b2\" data-element_type=\"widget\" data-e-type=\"widget\" data-widget_type=\"image.default\">\n\t\t\t\t<div class=\"elementor-widget-container\">\n\t\t\t\t\t\t\t\t\t\t\t\t\t\t\t<img decoding=\"async\" width=\"1\" height=\"1\" src=\"https:\/\/woop.design\/wp-content\/uploads\/2019\/11\/uvozovky_konec.svg\" class=\"attachment-full size-full wp-image-23\" alt=\"\" \/>\t\t\t\t\t\t\t\t\t\t\t\t\t\t\t<\/div>\n\t\t\t\t<\/div>\n\t\t\t\t\t<\/div>\n\t\t<\/div>\n\t\t\t\t\t<\/div>\n\t\t<\/section>\n\t\t\t\t<div class=\"elementor-element elementor-element-6d0e8d4 elementor-widget elementor-widget-image\" data-id=\"6d0e8d4\" data-element_type=\"widget\" data-e-type=\"widget\" data-widget_type=\"image.default\">\n\t\t\t\t<div class=\"elementor-widget-container\">\n\t\t\t\t\t\t\t\t\t\t\t\t\t\t\t<img loading=\"lazy\" decoding=\"async\" width=\"1071\" height=\"2560\" src=\"https:\/\/woop.design\/wp-content\/uploads\/2021\/10\/Viderize-02-scaled.jpg\" class=\"attachment-full size-full wp-image-691\" alt=\"\" srcset=\"https:\/\/woop.design\/wp-content\/uploads\/2021\/10\/Viderize-02-scaled.jpg 1071w, https:\/\/woop.design\/wp-content\/uploads\/2021\/10\/Viderize-02-126x300.jpg 126w, https:\/\/woop.design\/wp-content\/uploads\/2021\/10\/Viderize-02-428x1024.jpg 428w, https:\/\/woop.design\/wp-content\/uploads\/2021\/10\/Viderize-02-768x1836.jpg 768w, https:\/\/woop.design\/wp-content\/uploads\/2021\/10\/Viderize-02-643x1536.jpg 643w, https:\/\/woop.design\/wp-content\/uploads\/2021\/10\/Viderize-02-857x2048.jpg 857w, https:\/\/woop.design\/wp-content\/uploads\/2021\/10\/Viderize-02-5x12.jpg 5w\" sizes=\"(max-width: 1071px) 100vw, 1071px\" \/>\t\t\t\t\t\t\t\t\t\t\t\t\t\t\t<\/div>\n\t\t\t\t<\/div>\n\t\t\t\t<div class=\"elementor-element elementor-element-8a48b92 elementor-widget elementor-widget-image\" data-id=\"8a48b92\" data-element_type=\"widget\" data-e-type=\"widget\" data-widget_type=\"image.default\">\n\t\t\t\t<div class=\"elementor-widget-container\">\n\t\t\t\t\t\t\t\t\t\t\t\t\t\t\t<img loading=\"lazy\" decoding=\"async\" width=\"1086\" height=\"2100\" src=\"https:\/\/woop.design\/wp-content\/uploads\/2021\/10\/Viderize-03.jpg\" class=\"attachment-full size-full wp-image-690\" alt=\"\" srcset=\"https:\/\/woop.design\/wp-content\/uploads\/2021\/10\/Viderize-03.jpg 1086w, https:\/\/woop.design\/wp-content\/uploads\/2021\/10\/Viderize-03-155x300.jpg 155w, https:\/\/woop.design\/wp-content\/uploads\/2021\/10\/Viderize-03-530x1024.jpg 530w, https:\/\/woop.design\/wp-content\/uploads\/2021\/10\/Viderize-03-768x1485.jpg 768w, https:\/\/woop.design\/wp-content\/uploads\/2021\/10\/Viderize-03-794x1536.jpg 794w, https:\/\/woop.design\/wp-content\/uploads\/2021\/10\/Viderize-03-1059x2048.jpg 1059w, https:\/\/woop.design\/wp-content\/uploads\/2021\/10\/Viderize-03-6x12.jpg 6w\" sizes=\"(max-width: 1086px) 100vw, 1086px\" \/>\t\t\t\t\t\t\t\t\t\t\t\t\t\t\t<\/div>\n\t\t\t\t<\/div>\n\t\t\t\t<div class=\"elementor-element elementor-element-9af1c59 elementor-widget elementor-widget-text-editor\" data-id=\"9af1c59\" data-element_type=\"widget\" data-e-type=\"widget\" data-widget_type=\"text-editor.default\">\n\t\t\t\t<div class=\"elementor-widget-container\">\n\t\t\t\t\t\t\t\t\t<p>Website of the project: <a href=\"https:\/\/viderize.com\/\" target=\"_blank\" rel=\"noopener\">viderize.com<\/a><\/p>\t\t\t\t\t\t\t\t<\/div>\n\t\t\t\t<\/div>\n\t\t\t\t\t<\/div>\n\t\t<\/div>\n\t\t\t\t\t<\/div>\n\t\t<\/section>\n\t\t\t\t<\/div>","protected":false},"excerpt":{"rendered":"<p>Viderize Branding \/ Webdesign \/ Animace \/ Web \/ UX\/IU Viderize je projekt, kter\u00fd si zaslou\u017e\u00ed \u0161ir\u0161\u00ed pozornost. Jejich t\u00fdm vytv\u00e1\u0159\u00ed aplikaci, kter\u00e1 s pomoc\u00ed strojov\u00e9ho u\u010den\u00ed detekuje a diagnostikuje o\u010dn\u00ed vady a nemoci, nyn\u00ed ji\u017e s velk\u00fdm \u00fasp\u011bchem detekuje cukrovku. Navrhovat web a optimalizovat rozhran\u00ed aplikace pro Viderize pro n\u00e1s bylo radost\u00ed. Projektu toti\u017e [&hellip;]<\/p>\n","protected":false},"author":1,"featured_media":0,"parent":147,"menu_order":0,"comment_status":"closed","ping_status":"closed","template":"","meta":{"inline_featured_image":false,"footnotes":""},"class_list":["post-687","page","type-page","status-publish","hentry"],"_links":{"self":[{"href":"https:\/\/woop.design\/en\/wp-json\/wp\/v2\/pages\/687","targetHints":{"allow":["GET"]}}],"collection":[{"href":"https:\/\/woop.design\/en\/wp-json\/wp\/v2\/pages"}],"about":[{"href":"https:\/\/woop.design\/en\/wp-json\/wp\/v2\/types\/page"}],"author":[{"embeddable":true,"href":"https:\/\/woop.design\/en\/wp-json\/wp\/v2\/users\/1"}],"replies":[{"embeddable":true,"href":"https:\/\/woop.design\/en\/wp-json\/wp\/v2\/comments?post=687"}],"version-history":[{"count":10,"href":"https:\/\/woop.design\/en\/wp-json\/wp\/v2\/pages\/687\/revisions"}],"predecessor-version":[{"id":848,"href":"https:\/\/woop.design\/en\/wp-json\/wp\/v2\/pages\/687\/revisions\/848"}],"up":[{"embeddable":true,"href":"https:\/\/woop.design\/en\/wp-json\/wp\/v2\/pages\/147"}],"wp:attachment":[{"href":"https:\/\/woop.design\/en\/wp-json\/wp\/v2\/media?parent=687"}],"curies":[{"name":"wp","href":"https:\/\/api.w.org\/{rel}","templated":true}]}}