{"id":679,"date":"2021-10-26T11:48:33","date_gmt":"2021-10-26T09:48:33","guid":{"rendered":"https:\/\/woop.design\/?page_id=679"},"modified":"2021-10-26T11:55:51","modified_gmt":"2021-10-26T09:55:51","slug":"triant-e-shop-s-nabytkem","status":"publish","type":"page","link":"https:\/\/woop.design\/en\/nase-prace\/triant-e-shop-s-nabytkem\/","title":{"rendered":"Triant &#8211; e-shop s n\u00e1bytkem"},"content":{"rendered":"<div data-elementor-type=\"wp-page\" data-elementor-id=\"679\" class=\"elementor elementor-679\" data-elementor-post-type=\"page\">\n\t\t\t\t\t\t<section class=\"elementor-section elementor-top-section elementor-element elementor-element-09980b8 elementor-section-full_width elementor-section-height-default elementor-section-height-default\" data-id=\"09980b8\" data-element_type=\"section\" data-e-type=\"section\">\n\t\t\t\t\t\t<div class=\"elementor-container elementor-column-gap-default\">\n\t\t\t\t\t<div class=\"elementor-column elementor-col-100 elementor-top-column elementor-element elementor-element-9f84433\" data-id=\"9f84433\" data-element_type=\"column\" data-e-type=\"column\">\n\t\t\t<div class=\"elementor-widget-wrap elementor-element-populated\">\n\t\t\t\t\t\t<div class=\"elementor-element elementor-element-d815649 elementor-widget elementor-widget-image\" data-id=\"d815649\" data-element_type=\"widget\" data-e-type=\"widget\" data-widget_type=\"image.default\">\n\t\t\t\t<div class=\"elementor-widget-container\">\n\t\t\t\t\t\t\t\t\t\t\t\t\t\t\t<img fetchpriority=\"high\" decoding=\"async\" width=\"1101\" height=\"649\" src=\"https:\/\/woop.design\/wp-content\/uploads\/2021\/10\/Triant-01.jpg\" class=\"attachment-full size-full wp-image-683\" alt=\"\" srcset=\"https:\/\/woop.design\/wp-content\/uploads\/2021\/10\/Triant-01.jpg 1101w, https:\/\/woop.design\/wp-content\/uploads\/2021\/10\/Triant-01-300x177.jpg 300w, https:\/\/woop.design\/wp-content\/uploads\/2021\/10\/Triant-01-1024x604.jpg 1024w, https:\/\/woop.design\/wp-content\/uploads\/2021\/10\/Triant-01-768x453.jpg 768w, https:\/\/woop.design\/wp-content\/uploads\/2021\/10\/Triant-01-18x12.jpg 18w\" sizes=\"(max-width: 1101px) 100vw, 1101px\" \/>\t\t\t\t\t\t\t\t\t\t\t\t\t\t\t<\/div>\n\t\t\t\t<\/div>\n\t\t\t\t<div class=\"elementor-element elementor-element-1f0bfb9 elementor-widget elementor-widget-heading\" data-id=\"1f0bfb9\" data-element_type=\"widget\" data-e-type=\"widget\" data-widget_type=\"heading.default\">\n\t\t\t\t<div class=\"elementor-widget-container\">\n\t\t\t\t\t<h1 class=\"elementor-heading-title elementor-size-default\">Triant &#8211; e-shop s n\u00e1bytkem<\/h1>\t\t\t\t<\/div>\n\t\t\t\t<\/div>\n\t\t\t\t<div class=\"elementor-element elementor-element-e41fa88 elementor-widget elementor-widget-text-editor\" data-id=\"e41fa88\" data-element_type=\"widget\" data-e-type=\"widget\" data-widget_type=\"text-editor.default\">\n\t\t\t\t<div class=\"elementor-widget-container\">\n\t\t\t\t\t\t\t\t\t<p>E-shop \/ Webdesign \/ Visual style<\/p>\t\t\t\t\t\t\t\t<\/div>\n\t\t\t\t<\/div>\n\t\t\t\t<section class=\"elementor-section elementor-inner-section elementor-element elementor-element-6f9342e elementor-section-content-middle elementor-section-boxed elementor-section-height-default elementor-section-height-default\" data-id=\"6f9342e\" data-element_type=\"section\" data-e-type=\"section\">\n\t\t\t\t\t\t<div class=\"elementor-container elementor-column-gap-default\">\n\t\t\t\t\t<div class=\"elementor-column elementor-col-100 elementor-inner-column elementor-element elementor-element-bb73716\" data-id=\"bb73716\" data-element_type=\"column\" data-e-type=\"column\">\n\t\t\t<div class=\"elementor-widget-wrap elementor-element-populated\">\n\t\t\t\t\t\t<div class=\"elementor-element elementor-element-d1af800 elementor-widget elementor-widget-image\" data-id=\"d1af800\" data-element_type=\"widget\" data-e-type=\"widget\" data-widget_type=\"image.default\">\n\t\t\t\t<div class=\"elementor-widget-container\">\n\t\t\t\t\t\t\t\t\t\t\t\t\t\t\t<img decoding=\"async\" width=\"1\" height=\"1\" src=\"https:\/\/woop.design\/wp-content\/uploads\/2019\/11\/uvozovky_zacatek.svg\" class=\"attachment-full size-full wp-image-22\" alt=\"\" \/>\t\t\t\t\t\t\t\t\t\t\t\t\t\t\t<\/div>\n\t\t\t\t<\/div>\n\t\t\t\t<div class=\"elementor-element elementor-element-8b6643c elementor-widget elementor-widget-text-editor\" data-id=\"8b6643c\" data-element_type=\"widget\" data-e-type=\"widget\" data-widget_type=\"text-editor.default\">\n\t\t\t\t<div class=\"elementor-widget-container\">\n\t\t\t\t\t\t\t\t\t<p>Pro TRIANT jsme d\u011blali kompletn\u00ed redesign e-shopu a facelift vizu\u00e1ln\u00edho stylu. Web z na\u0161\u00ed strany pro\u0161el celkov\u00fdm auditem a optimalizac\u00ed. V\u011b\u0159\u00edme, \u017ee si nyn\u00ed tento mimo\u0159\u00e1dn\u011b kvalitn\u00ed \u010desk\u00fd n\u00e1bytek najde cestu k t\u011bm spr\u00e1vn\u00fdm z\u00e1kazn\u00edk\u016fm.<\/p>\t\t\t\t\t\t\t\t<\/div>\n\t\t\t\t<\/div>\n\t\t\t\t<div class=\"elementor-element elementor-element-ca785b2 elementor-widget elementor-widget-image\" data-id=\"ca785b2\" data-element_type=\"widget\" data-e-type=\"widget\" data-widget_type=\"image.default\">\n\t\t\t\t<div class=\"elementor-widget-container\">\n\t\t\t\t\t\t\t\t\t\t\t\t\t\t\t<img decoding=\"async\" width=\"1\" height=\"1\" src=\"https:\/\/woop.design\/wp-content\/uploads\/2019\/11\/uvozovky_konec.svg\" class=\"attachment-full size-full wp-image-23\" alt=\"\" \/>\t\t\t\t\t\t\t\t\t\t\t\t\t\t\t<\/div>\n\t\t\t\t<\/div>\n\t\t\t\t\t<\/div>\n\t\t<\/div>\n\t\t\t\t\t<\/div>\n\t\t<\/section>\n\t\t\t\t<div class=\"elementor-element elementor-element-6d0e8d4 elementor-widget elementor-widget-image\" data-id=\"6d0e8d4\" data-element_type=\"widget\" data-e-type=\"widget\" data-widget_type=\"image.default\">\n\t\t\t\t<div class=\"elementor-widget-container\">\n\t\t\t\t\t\t\t\t\t\t\t\t\t\t\t<img loading=\"lazy\" decoding=\"async\" width=\"1084\" height=\"1975\" src=\"https:\/\/woop.design\/wp-content\/uploads\/2021\/10\/Triant-02.jpg\" class=\"attachment-full size-full wp-image-682\" alt=\"\" srcset=\"https:\/\/woop.design\/wp-content\/uploads\/2021\/10\/Triant-02.jpg 1084w, https:\/\/woop.design\/wp-content\/uploads\/2021\/10\/Triant-02-165x300.jpg 165w, https:\/\/woop.design\/wp-content\/uploads\/2021\/10\/Triant-02-562x1024.jpg 562w, https:\/\/woop.design\/wp-content\/uploads\/2021\/10\/Triant-02-768x1399.jpg 768w, https:\/\/woop.design\/wp-content\/uploads\/2021\/10\/Triant-02-843x1536.jpg 843w, https:\/\/woop.design\/wp-content\/uploads\/2021\/10\/Triant-02-7x12.jpg 7w\" sizes=\"(max-width: 1084px) 100vw, 1084px\" \/>\t\t\t\t\t\t\t\t\t\t\t\t\t\t\t<\/div>\n\t\t\t\t<\/div>\n\t\t\t\t<div class=\"elementor-element elementor-element-c73dc33 elementor-widget elementor-widget-image\" data-id=\"c73dc33\" data-element_type=\"widget\" data-e-type=\"widget\" data-widget_type=\"image.default\">\n\t\t\t\t<div class=\"elementor-widget-container\">\n\t\t\t\t\t\t\t\t\t\t\t\t\t\t\t<img loading=\"lazy\" decoding=\"async\" width=\"1084\" height=\"2039\" src=\"https:\/\/woop.design\/wp-content\/uploads\/2021\/10\/Triant-03.jpg\" class=\"attachment-full size-full wp-image-681\" alt=\"\" srcset=\"https:\/\/woop.design\/wp-content\/uploads\/2021\/10\/Triant-03.jpg 1084w, https:\/\/woop.design\/wp-content\/uploads\/2021\/10\/Triant-03-159x300.jpg 159w, https:\/\/woop.design\/wp-content\/uploads\/2021\/10\/Triant-03-544x1024.jpg 544w, https:\/\/woop.design\/wp-content\/uploads\/2021\/10\/Triant-03-768x1445.jpg 768w, https:\/\/woop.design\/wp-content\/uploads\/2021\/10\/Triant-03-817x1536.jpg 817w, https:\/\/woop.design\/wp-content\/uploads\/2021\/10\/Triant-03-6x12.jpg 6w\" sizes=\"(max-width: 1084px) 100vw, 1084px\" \/>\t\t\t\t\t\t\t\t\t\t\t\t\t\t\t<\/div>\n\t\t\t\t<\/div>\n\t\t\t\t<div class=\"elementor-element elementor-element-9af1c59 elementor-widget elementor-widget-text-editor\" data-id=\"9af1c59\" data-element_type=\"widget\" data-e-type=\"widget\" data-widget_type=\"text-editor.default\">\n\t\t\t\t<div class=\"elementor-widget-container\">\n\t\t\t\t\t\t\t\t\t<p>Website of the project: <a href=\"https:\/\/triant.cz\/\" target=\"_blank\" rel=\"noopener\">triant.cz<\/a><\/p>\t\t\t\t\t\t\t\t<\/div>\n\t\t\t\t<\/div>\n\t\t\t\t\t<\/div>\n\t\t<\/div>\n\t\t\t\t\t<\/div>\n\t\t<\/section>\n\t\t\t\t<\/div>","protected":false},"excerpt":{"rendered":"<p>E-shop \/ Webdesign \/ Vizu\u00e1ln\u00ed styl Pro TRIANT jsme d\u011blali kompletn\u00ed redesign e-shopu a facelift vizu\u00e1ln\u00edho stylu. Web z na\u0161\u00ed strany pro\u0161el celkov\u00fdm auditem a optimalizac\u00ed. V\u011b\u0159\u00edme, \u017ee si nyn\u00ed tento mimo\u0159\u00e1dn\u011b kvalitn\u00ed \u010desk\u00fd n\u00e1bytek najde cestu k t\u011bm spr\u00e1vn\u00fdm z\u00e1kazn\u00edk\u016fm. Webov\u00e9 str\u00e1nky projektu: triant.cz<\/p>","protected":false},"author":1,"featured_media":0,"parent":147,"menu_order":0,"comment_status":"closed","ping_status":"closed","template":"","meta":{"inline_featured_image":false,"footnotes":""},"class_list":["post-679","page","type-page","status-publish","hentry"],"_links":{"self":[{"href":"https:\/\/woop.design\/en\/wp-json\/wp\/v2\/pages\/679","targetHints":{"allow":["GET"]}}],"collection":[{"href":"https:\/\/woop.design\/en\/wp-json\/wp\/v2\/pages"}],"about":[{"href":"https:\/\/woop.design\/en\/wp-json\/wp\/v2\/types\/page"}],"author":[{"embeddable":true,"href":"https:\/\/woop.design\/en\/wp-json\/wp\/v2\/users\/1"}],"replies":[{"embeddable":true,"href":"https:\/\/woop.design\/en\/wp-json\/wp\/v2\/comments?post=679"}],"version-history":[{"count":4,"href":"https:\/\/woop.design\/en\/wp-json\/wp\/v2\/pages\/679\/revisions"}],"predecessor-version":[{"id":686,"href":"https:\/\/woop.design\/en\/wp-json\/wp\/v2\/pages\/679\/revisions\/686"}],"up":[{"embeddable":true,"href":"https:\/\/woop.design\/en\/wp-json\/wp\/v2\/pages\/147"}],"wp:attachment":[{"href":"https:\/\/woop.design\/en\/wp-json\/wp\/v2\/media?parent=679"}],"curies":[{"name":"wp","href":"https:\/\/api.w.org\/{rel}","templated":true}]}}