{"id":561,"date":"2021-10-24T19:44:55","date_gmt":"2021-10-24T17:44:55","guid":{"rendered":"https:\/\/woop.design\/?page_id=561"},"modified":"2021-10-25T11:13:06","modified_gmt":"2021-10-25T09:13:06","slug":"destinacni-kampan-plzen-2","status":"publish","type":"page","link":"https:\/\/woop.design\/en\/nase-prace\/destinacni-kampan-plzen-2\/","title":{"rendered":"Destina\u010dn\u00ed kampa\u0148 Plze\u0148\u200b"},"content":{"rendered":"<div data-elementor-type=\"wp-page\" data-elementor-id=\"561\" class=\"elementor elementor-561\" data-elementor-post-type=\"page\">\n\t\t\t\t\t\t<section class=\"elementor-section elementor-top-section elementor-element elementor-element-09980b8 elementor-section-full_width elementor-section-height-default elementor-section-height-default\" data-id=\"09980b8\" data-element_type=\"section\" data-e-type=\"section\">\n\t\t\t\t\t\t<div class=\"elementor-container elementor-column-gap-default\">\n\t\t\t\t\t<div class=\"elementor-column elementor-col-100 elementor-top-column elementor-element elementor-element-9f84433\" data-id=\"9f84433\" data-element_type=\"column\" data-e-type=\"column\">\n\t\t\t<div class=\"elementor-widget-wrap elementor-element-populated\">\n\t\t\t\t\t\t<div class=\"elementor-element elementor-element-d815649 elementor-widget elementor-widget-image\" data-id=\"d815649\" data-element_type=\"widget\" data-e-type=\"widget\" data-widget_type=\"image.default\">\n\t\t\t\t<div class=\"elementor-widget-container\">\n\t\t\t\t\t\t\t\t\t\t\t\t\t\t\t<img fetchpriority=\"high\" decoding=\"async\" width=\"1920\" height=\"559\" src=\"https:\/\/woop.design\/wp-content\/uploads\/2021\/10\/Destinacni-Kampan-Plzen.jpg\" class=\"attachment-full size-full wp-image-563\" alt=\"\" srcset=\"https:\/\/woop.design\/wp-content\/uploads\/2021\/10\/Destinacni-Kampan-Plzen.jpg 1920w, https:\/\/woop.design\/wp-content\/uploads\/2021\/10\/Destinacni-Kampan-Plzen-300x87.jpg 300w, https:\/\/woop.design\/wp-content\/uploads\/2021\/10\/Destinacni-Kampan-Plzen-1024x298.jpg 1024w, https:\/\/woop.design\/wp-content\/uploads\/2021\/10\/Destinacni-Kampan-Plzen-768x224.jpg 768w, https:\/\/woop.design\/wp-content\/uploads\/2021\/10\/Destinacni-Kampan-Plzen-1536x447.jpg 1536w, https:\/\/woop.design\/wp-content\/uploads\/2021\/10\/Destinacni-Kampan-Plzen-18x5.jpg 18w\" sizes=\"(max-width: 1920px) 100vw, 1920px\" \/>\t\t\t\t\t\t\t\t\t\t\t\t\t\t\t<\/div>\n\t\t\t\t<\/div>\n\t\t\t\t<div class=\"elementor-element elementor-element-1f0bfb9 elementor-widget elementor-widget-heading\" data-id=\"1f0bfb9\" data-element_type=\"widget\" data-e-type=\"widget\" data-widget_type=\"heading.default\">\n\t\t\t\t<div class=\"elementor-widget-container\">\n\t\t\t\t\t<h1 class=\"elementor-heading-title elementor-size-default\">Destina\u010dn\u00ed kampa\u0148 Plze\u0148\u200b<\/h1>\t\t\t\t<\/div>\n\t\t\t\t<\/div>\n\t\t\t\t<div class=\"elementor-element elementor-element-e41fa88 elementor-widget elementor-widget-text-editor\" data-id=\"e41fa88\" data-element_type=\"widget\" data-e-type=\"widget\" data-widget_type=\"text-editor.default\">\n\t\t\t\t<div class=\"elementor-widget-container\">\n\t\t\t\t\t\t\t\t\t<p>Photography \/ Graphic design<\/p>\t\t\t\t\t\t\t\t<\/div>\n\t\t\t\t<\/div>\n\t\t\t\t<section class=\"elementor-section elementor-inner-section elementor-element elementor-element-6f9342e elementor-section-content-middle elementor-section-boxed elementor-section-height-default elementor-section-height-default\" data-id=\"6f9342e\" data-element_type=\"section\" data-e-type=\"section\">\n\t\t\t\t\t\t<div class=\"elementor-container elementor-column-gap-default\">\n\t\t\t\t\t<div class=\"elementor-column elementor-col-100 elementor-inner-column elementor-element elementor-element-bb73716\" data-id=\"bb73716\" data-element_type=\"column\" data-e-type=\"column\">\n\t\t\t<div class=\"elementor-widget-wrap elementor-element-populated\">\n\t\t\t\t\t\t<div class=\"elementor-element elementor-element-d1af800 elementor-widget elementor-widget-image\" data-id=\"d1af800\" data-element_type=\"widget\" data-e-type=\"widget\" data-widget_type=\"image.default\">\n\t\t\t\t<div class=\"elementor-widget-container\">\n\t\t\t\t\t\t\t\t\t\t\t\t\t\t\t<img decoding=\"async\" width=\"1\" height=\"1\" src=\"https:\/\/woop.design\/wp-content\/uploads\/2019\/11\/uvozovky_zacatek.svg\" class=\"attachment-full size-full wp-image-22\" alt=\"\" \/>\t\t\t\t\t\t\t\t\t\t\t\t\t\t\t<\/div>\n\t\t\t\t<\/div>\n\t\t\t\t<div class=\"elementor-element elementor-element-8b6643c elementor-widget elementor-widget-text-editor\" data-id=\"8b6643c\" data-element_type=\"widget\" data-e-type=\"widget\" data-widget_type=\"text-editor.default\">\n\t\t\t\t<div class=\"elementor-widget-container\">\n\t\t\t\t\t\t\t\t\t<p>Plze\u0148 m\u00e1 co nab\u00eddnout! Krom\u011b sv\u011btozn\u00e1m\u00e9ho piva Pilsner Urquell se tu turist\u00e9 setkaj\u00ed s architektonicky pestr\u00fdm historick\u00fdm centrem, malebn\u00fdm korsem sadov\u00fdmi okruhy a podniky nab\u00edzej\u00edc\u00edmi sv\u011btovou gastronomi\u00ed. Dominantou Plzn\u011b je Katedr\u00e1la sv. Bartolom\u011bje s nezapomenutelnou vyhl\u00eddkou a nejvy\u0161\u0161\u00ed kosteln\u00ed v\u011b\u017e\u00ed ve st\u0159edn\u00ed Evrop\u011b. Mrkn\u011bte na destina\u010dn\u00ed kampa\u0148 Plzn\u011b, pro kterou jsme zajistili focen\u00ed a grafick\u00fd design. T\u011b\u0161\u00edme se v Plzni na vid\u011bnou.<\/p>\t\t\t\t\t\t\t\t<\/div>\n\t\t\t\t<\/div>\n\t\t\t\t<div class=\"elementor-element elementor-element-ca785b2 elementor-widget elementor-widget-image\" data-id=\"ca785b2\" data-element_type=\"widget\" data-e-type=\"widget\" data-widget_type=\"image.default\">\n\t\t\t\t<div class=\"elementor-widget-container\">\n\t\t\t\t\t\t\t\t\t\t\t\t\t\t\t<img decoding=\"async\" width=\"1\" height=\"1\" src=\"https:\/\/woop.design\/wp-content\/uploads\/2019\/11\/uvozovky_konec.svg\" class=\"attachment-full size-full wp-image-23\" alt=\"\" \/>\t\t\t\t\t\t\t\t\t\t\t\t\t\t\t<\/div>\n\t\t\t\t<\/div>\n\t\t\t\t\t<\/div>\n\t\t<\/div>\n\t\t\t\t\t<\/div>\n\t\t<\/section>\n\t\t\t\t<div class=\"elementor-element elementor-element-6d0e8d4 elementor-widget elementor-widget-image\" data-id=\"6d0e8d4\" data-element_type=\"widget\" data-e-type=\"widget\" data-widget_type=\"image.default\">\n\t\t\t\t<div class=\"elementor-widget-container\">\n\t\t\t\t\t\t\t\t\t\t\t\t\t\t\t<img loading=\"lazy\" decoding=\"async\" width=\"873\" height=\"2560\" src=\"https:\/\/woop.design\/wp-content\/uploads\/2021\/10\/Destinacni-Kampan-Plzen-Fotky-scaled.jpg\" class=\"attachment-full size-full wp-image-564\" alt=\"\" srcset=\"https:\/\/woop.design\/wp-content\/uploads\/2021\/10\/Destinacni-Kampan-Plzen-Fotky-scaled.jpg 873w, https:\/\/woop.design\/wp-content\/uploads\/2021\/10\/Destinacni-Kampan-Plzen-Fotky-102x300.jpg 102w, https:\/\/woop.design\/wp-content\/uploads\/2021\/10\/Destinacni-Kampan-Plzen-Fotky-349x1024.jpg 349w, https:\/\/woop.design\/wp-content\/uploads\/2021\/10\/Destinacni-Kampan-Plzen-Fotky-768x2252.jpg 768w, https:\/\/woop.design\/wp-content\/uploads\/2021\/10\/Destinacni-Kampan-Plzen-Fotky-524x1536.jpg 524w, https:\/\/woop.design\/wp-content\/uploads\/2021\/10\/Destinacni-Kampan-Plzen-Fotky-698x2048.jpg 698w, https:\/\/woop.design\/wp-content\/uploads\/2021\/10\/Destinacni-Kampan-Plzen-Fotky-4x12.jpg 4w\" sizes=\"(max-width: 873px) 100vw, 873px\" \/>\t\t\t\t\t\t\t\t\t\t\t\t\t\t\t<\/div>\n\t\t\t\t<\/div>\n\t\t\t\t\t<\/div>\n\t\t<\/div>\n\t\t\t\t\t<\/div>\n\t\t<\/section>\n\t\t\t\t<\/div>","protected":false},"excerpt":{"rendered":"<p>Focen\u00ed \/ Grafick\u00fd design Plze\u0148 m\u00e1 co nab\u00eddnout! Krom\u011b sv\u011btozn\u00e1m\u00e9ho piva Pilsner Urquell se tu turist\u00e9 setkaj\u00ed s architektonicky pestr\u00fdm historick\u00fdm centrem, malebn\u00fdm korsem sadov\u00fdmi okruhy a podniky nab\u00edzej\u00edc\u00edmi sv\u011btovou gastronomi\u00ed. Dominantou Plzn\u011b je Katedr\u00e1la sv. Bartolom\u011bje s nezapomenutelnou vyhl\u00eddkou a nejvy\u0161\u0161\u00ed kosteln\u00ed v\u011b\u017e\u00ed ve st\u0159edn\u00ed Evrop\u011b. Mrkn\u011bte na destina\u010dn\u00ed kampa\u0148 Plzn\u011b, pro kterou jsme [&hellip;]<\/p>\n","protected":false},"author":1,"featured_media":0,"parent":147,"menu_order":0,"comment_status":"closed","ping_status":"closed","template":"","meta":{"inline_featured_image":false,"footnotes":""},"class_list":["post-561","page","type-page","status-publish","hentry"],"_links":{"self":[{"href":"https:\/\/woop.design\/en\/wp-json\/wp\/v2\/pages\/561","targetHints":{"allow":["GET"]}}],"collection":[{"href":"https:\/\/woop.design\/en\/wp-json\/wp\/v2\/pages"}],"about":[{"href":"https:\/\/woop.design\/en\/wp-json\/wp\/v2\/types\/page"}],"author":[{"embeddable":true,"href":"https:\/\/woop.design\/en\/wp-json\/wp\/v2\/users\/1"}],"replies":[{"embeddable":true,"href":"https:\/\/woop.design\/en\/wp-json\/wp\/v2\/comments?post=561"}],"version-history":[{"count":5,"href":"https:\/\/woop.design\/en\/wp-json\/wp\/v2\/pages\/561\/revisions"}],"predecessor-version":[{"id":589,"href":"https:\/\/woop.design\/en\/wp-json\/wp\/v2\/pages\/561\/revisions\/589"}],"up":[{"embeddable":true,"href":"https:\/\/woop.design\/en\/wp-json\/wp\/v2\/pages\/147"}],"wp:attachment":[{"href":"https:\/\/woop.design\/en\/wp-json\/wp\/v2\/media?parent=561"}],"curies":[{"name":"wp","href":"https:\/\/api.w.org\/{rel}","templated":true}]}}