{"id":509,"date":"2021-10-24T18:36:59","date_gmt":"2021-10-24T16:36:59","guid":{"rendered":"https:\/\/woop.design\/?page_id=509"},"modified":"2021-10-24T18:39:50","modified_gmt":"2021-10-24T16:39:50","slug":"rewalluce","status":"publish","type":"page","link":"https:\/\/woop.design\/en\/nase-prace\/rewalluce\/","title":{"rendered":"Rewalluce"},"content":{"rendered":"<div data-elementor-type=\"wp-page\" data-elementor-id=\"509\" class=\"elementor elementor-509\" data-elementor-post-type=\"page\">\n\t\t\t\t\t\t<section class=\"elementor-section elementor-top-section elementor-element elementor-element-09980b8 elementor-section-full_width elementor-section-height-default elementor-section-height-default\" data-id=\"09980b8\" data-element_type=\"section\" data-e-type=\"section\">\n\t\t\t\t\t\t<div class=\"elementor-container elementor-column-gap-default\">\n\t\t\t\t\t<div class=\"elementor-column elementor-col-100 elementor-top-column elementor-element elementor-element-9f84433\" data-id=\"9f84433\" data-element_type=\"column\" data-e-type=\"column\">\n\t\t\t<div class=\"elementor-widget-wrap elementor-element-populated\">\n\t\t\t\t\t\t<div class=\"elementor-element elementor-element-d815649 elementor-widget elementor-widget-image\" data-id=\"d815649\" data-element_type=\"widget\" data-e-type=\"widget\" data-widget_type=\"image.default\">\n\t\t\t\t<div class=\"elementor-widget-container\">\n\t\t\t\t\t\t\t\t\t\t\t\t\t\t\t<img fetchpriority=\"high\" decoding=\"async\" width=\"1312\" height=\"589\" src=\"https:\/\/woop.design\/wp-content\/uploads\/2021\/10\/Rewalluce-webdesign-01.jpg\" class=\"attachment-full size-full wp-image-515\" alt=\"\" srcset=\"https:\/\/woop.design\/wp-content\/uploads\/2021\/10\/Rewalluce-webdesign-01.jpg 1312w, https:\/\/woop.design\/wp-content\/uploads\/2021\/10\/Rewalluce-webdesign-01-300x135.jpg 300w, https:\/\/woop.design\/wp-content\/uploads\/2021\/10\/Rewalluce-webdesign-01-1024x460.jpg 1024w, https:\/\/woop.design\/wp-content\/uploads\/2021\/10\/Rewalluce-webdesign-01-768x345.jpg 768w, https:\/\/woop.design\/wp-content\/uploads\/2021\/10\/Rewalluce-webdesign-01-18x8.jpg 18w\" sizes=\"(max-width: 1312px) 100vw, 1312px\" \/>\t\t\t\t\t\t\t\t\t\t\t\t\t\t\t<\/div>\n\t\t\t\t<\/div>\n\t\t\t\t<div class=\"elementor-element elementor-element-1f0bfb9 elementor-widget elementor-widget-heading\" data-id=\"1f0bfb9\" data-element_type=\"widget\" data-e-type=\"widget\" data-widget_type=\"heading.default\">\n\t\t\t\t<div class=\"elementor-widget-container\">\n\t\t\t\t\t<h1 class=\"elementor-heading-title elementor-size-default\">Rewalluce<\/h1>\t\t\t\t<\/div>\n\t\t\t\t<\/div>\n\t\t\t\t<div class=\"elementor-element elementor-element-e41fa88 elementor-widget elementor-widget-text-editor\" data-id=\"e41fa88\" data-element_type=\"widget\" data-e-type=\"widget\" data-widget_type=\"text-editor.default\">\n\t\t\t\t<div class=\"elementor-widget-container\">\n\t\t\t\t\t\t\t\t\t<p>Webdesign \/ Website \/ E-shop \/ Marketing<\/p>\t\t\t\t\t\t\t\t<\/div>\n\t\t\t\t<\/div>\n\t\t\t\t<section class=\"elementor-section elementor-inner-section elementor-element elementor-element-6f9342e elementor-section-content-middle elementor-section-boxed elementor-section-height-default elementor-section-height-default\" data-id=\"6f9342e\" data-element_type=\"section\" data-e-type=\"section\">\n\t\t\t\t\t\t<div class=\"elementor-container elementor-column-gap-default\">\n\t\t\t\t\t<div class=\"elementor-column elementor-col-100 elementor-inner-column elementor-element elementor-element-bb73716\" data-id=\"bb73716\" data-element_type=\"column\" data-e-type=\"column\">\n\t\t\t<div class=\"elementor-widget-wrap elementor-element-populated\">\n\t\t\t\t\t\t<div class=\"elementor-element elementor-element-d1af800 elementor-widget elementor-widget-image\" data-id=\"d1af800\" data-element_type=\"widget\" data-e-type=\"widget\" data-widget_type=\"image.default\">\n\t\t\t\t<div class=\"elementor-widget-container\">\n\t\t\t\t\t\t\t\t\t\t\t\t\t\t\t<img decoding=\"async\" width=\"1\" height=\"1\" src=\"https:\/\/woop.design\/wp-content\/uploads\/2019\/11\/uvozovky_zacatek.svg\" class=\"attachment-full size-full wp-image-22\" alt=\"\" \/>\t\t\t\t\t\t\t\t\t\t\t\t\t\t\t<\/div>\n\t\t\t\t<\/div>\n\t\t\t\t<div class=\"elementor-element elementor-element-8b6643c elementor-widget elementor-widget-text-editor\" data-id=\"8b6643c\" data-element_type=\"widget\" data-e-type=\"widget\" data-widget_type=\"text-editor.default\">\n\t\t\t\t<div class=\"elementor-widget-container\">\n\t\t\t\t\t\t\t\t\t<p>Nejl\u00e9pe se d\u011bl\u00e1 design pro v\u011bci, kter\u00e9 mluv\u00ed samy za sebe. V Rewalluci d\u011blaj\u00ed par\u00e1dn\u00ed tapety, a p\u0159edev\u0161\u00edm jejich velkoform\u00e1tov\u00e9 obrazov\u00e9 tapety pro d\u011bti jsou dech berouc\u00ed. Grafika pro e-shop Rewalluce se n\u00e1m d\u011blala sama, sta\u010dilo jen uk\u00e1zat zbo\u017e\u00ed. Proto\u017ee ale nav\u00edc upravuj\u00ed tapety na m\u00edru tak, aby sedly p\u0159esn\u011b do va\u0161eho pokoje, museli jsme se soust\u0159edit na prezentaci tohoto skv\u011bl\u00e9ho benefitu. Lid\u00e9 slu\u017ebu dob\u0159e pochopili a v\u011bt\u0161ina zak\u00e1zek je skute\u010dn\u011b tvo\u0159ena \u00fapravou tapet na m\u00edru. P\u0159ejeme Rewalluci hodn\u011b zdaru do budoucna a hodn\u011b \u0161\u0165astn\u00fdch d\u011bt\u00ed a rodi\u010d\u016f.<\/p>\t\t\t\t\t\t\t\t<\/div>\n\t\t\t\t<\/div>\n\t\t\t\t<div class=\"elementor-element elementor-element-ca785b2 elementor-widget elementor-widget-image\" data-id=\"ca785b2\" data-element_type=\"widget\" data-e-type=\"widget\" data-widget_type=\"image.default\">\n\t\t\t\t<div class=\"elementor-widget-container\">\n\t\t\t\t\t\t\t\t\t\t\t\t\t\t\t<img decoding=\"async\" width=\"1\" height=\"1\" src=\"https:\/\/woop.design\/wp-content\/uploads\/2019\/11\/uvozovky_konec.svg\" class=\"attachment-full size-full wp-image-23\" alt=\"\" \/>\t\t\t\t\t\t\t\t\t\t\t\t\t\t\t<\/div>\n\t\t\t\t<\/div>\n\t\t\t\t\t<\/div>\n\t\t<\/div>\n\t\t\t\t\t<\/div>\n\t\t<\/section>\n\t\t\t\t<div class=\"elementor-element elementor-element-6d0e8d4 elementor-widget elementor-widget-image\" data-id=\"6d0e8d4\" data-element_type=\"widget\" data-e-type=\"widget\" data-widget_type=\"image.default\">\n\t\t\t\t<div class=\"elementor-widget-container\">\n\t\t\t\t\t\t\t\t\t\t\t\t\t\t\t<img loading=\"lazy\" decoding=\"async\" width=\"905\" height=\"2560\" src=\"https:\/\/woop.design\/wp-content\/uploads\/2021\/10\/Rewalluce-webdesign-02-scaled.jpg\" class=\"attachment-full size-full wp-image-514\" alt=\"\" srcset=\"https:\/\/woop.design\/wp-content\/uploads\/2021\/10\/Rewalluce-webdesign-02-scaled.jpg 905w, https:\/\/woop.design\/wp-content\/uploads\/2021\/10\/Rewalluce-webdesign-02-106x300.jpg 106w, https:\/\/woop.design\/wp-content\/uploads\/2021\/10\/Rewalluce-webdesign-02-362x1024.jpg 362w, https:\/\/woop.design\/wp-content\/uploads\/2021\/10\/Rewalluce-webdesign-02-768x2173.jpg 768w, https:\/\/woop.design\/wp-content\/uploads\/2021\/10\/Rewalluce-webdesign-02-543x1536.jpg 543w, https:\/\/woop.design\/wp-content\/uploads\/2021\/10\/Rewalluce-webdesign-02-724x2048.jpg 724w, https:\/\/woop.design\/wp-content\/uploads\/2021\/10\/Rewalluce-webdesign-02-4x12.jpg 4w\" sizes=\"(max-width: 905px) 100vw, 905px\" \/>\t\t\t\t\t\t\t\t\t\t\t\t\t\t\t<\/div>\n\t\t\t\t<\/div>\n\t\t\t\t<div class=\"elementor-element elementor-element-9af1c59 elementor-widget elementor-widget-text-editor\" data-id=\"9af1c59\" data-element_type=\"widget\" data-e-type=\"widget\" data-widget_type=\"text-editor.default\">\n\t\t\t\t<div class=\"elementor-widget-container\">\n\t\t\t\t\t\t\t\t\t<p>Website of the project: <a href=\"https:\/\/rewalluce.cz\/\" target=\"_blank\" rel=\"noopener\">rewalluce.cz<\/a><\/p>\t\t\t\t\t\t\t\t<\/div>\n\t\t\t\t<\/div>\n\t\t\t\t\t<\/div>\n\t\t<\/div>\n\t\t\t\t\t<\/div>\n\t\t<\/section>\n\t\t\t\t<\/div>","protected":false},"excerpt":{"rendered":"<p>Rewalluce Webdesign \/ Web \/ E-shop \/ Marketing Nejl\u00e9pe se d\u011bl\u00e1 design pro v\u011bci, kter\u00e9 mluv\u00ed samy za sebe. V Rewalluci d\u011blaj\u00ed par\u00e1dn\u00ed tapety, a p\u0159edev\u0161\u00edm jejich velkoform\u00e1tov\u00e9 obrazov\u00e9 tapety pro d\u011bti jsou dech berouc\u00ed. Grafika pro e-shop Rewalluce se n\u00e1m d\u011blala sama, sta\u010dilo jen uk\u00e1zat zbo\u017e\u00ed. Proto\u017ee ale nav\u00edc upravuj\u00ed tapety na m\u00edru tak, [&hellip;]<\/p>\n","protected":false},"author":1,"featured_media":0,"parent":147,"menu_order":0,"comment_status":"closed","ping_status":"closed","template":"","meta":{"inline_featured_image":false,"footnotes":""},"class_list":["post-509","page","type-page","status-publish","hentry"],"_links":{"self":[{"href":"https:\/\/woop.design\/en\/wp-json\/wp\/v2\/pages\/509","targetHints":{"allow":["GET"]}}],"collection":[{"href":"https:\/\/woop.design\/en\/wp-json\/wp\/v2\/pages"}],"about":[{"href":"https:\/\/woop.design\/en\/wp-json\/wp\/v2\/types\/page"}],"author":[{"embeddable":true,"href":"https:\/\/woop.design\/en\/wp-json\/wp\/v2\/users\/1"}],"replies":[{"embeddable":true,"href":"https:\/\/woop.design\/en\/wp-json\/wp\/v2\/comments?post=509"}],"version-history":[{"count":4,"href":"https:\/\/woop.design\/en\/wp-json\/wp\/v2\/pages\/509\/revisions"}],"predecessor-version":[{"id":519,"href":"https:\/\/woop.design\/en\/wp-json\/wp\/v2\/pages\/509\/revisions\/519"}],"up":[{"embeddable":true,"href":"https:\/\/woop.design\/en\/wp-json\/wp\/v2\/pages\/147"}],"wp:attachment":[{"href":"https:\/\/woop.design\/en\/wp-json\/wp\/v2\/media?parent=509"}],"curies":[{"name":"wp","href":"https:\/\/api.w.org\/{rel}","templated":true}]}}