{"id":481,"date":"2021-10-24T18:07:20","date_gmt":"2021-10-24T16:07:20","guid":{"rendered":"https:\/\/woop.design\/?page_id=481"},"modified":"2023-08-16T16:12:20","modified_gmt":"2023-08-16T14:12:20","slug":"turisticky-portal-industry-open","status":"publish","type":"page","link":"https:\/\/woop.design\/en\/nase-prace\/turisticky-portal-industry-open\/","title":{"rendered":"Turistick\u00fd port\u00e1l Industry open"},"content":{"rendered":"<div data-elementor-type=\"wp-page\" data-elementor-id=\"481\" class=\"elementor elementor-481\" data-elementor-post-type=\"page\">\n\t\t\t\t\t\t<section class=\"elementor-section elementor-top-section elementor-element elementor-element-09980b8 elementor-section-full_width elementor-section-height-default elementor-section-height-default\" data-id=\"09980b8\" data-element_type=\"section\" data-e-type=\"section\">\n\t\t\t\t\t\t<div class=\"elementor-container elementor-column-gap-default\">\n\t\t\t\t\t<div class=\"elementor-column elementor-col-100 elementor-top-column elementor-element elementor-element-9f84433\" data-id=\"9f84433\" data-element_type=\"column\" data-e-type=\"column\">\n\t\t\t<div class=\"elementor-widget-wrap elementor-element-populated\">\n\t\t\t\t\t\t<div class=\"elementor-element elementor-element-d815649 elementor-widget elementor-widget-image\" data-id=\"d815649\" data-element_type=\"widget\" data-e-type=\"widget\" data-widget_type=\"image.default\">\n\t\t\t\t<div class=\"elementor-widget-container\">\n\t\t\t\t\t\t\t\t\t\t\t\t\t\t\t<img fetchpriority=\"high\" decoding=\"async\" width=\"1101\" height=\"649\" src=\"https:\/\/woop.design\/wp-content\/uploads\/2021\/10\/Industry-Open-Web-01.jpg\" class=\"attachment-full size-full wp-image-486\" alt=\"\" srcset=\"https:\/\/woop.design\/wp-content\/uploads\/2021\/10\/Industry-Open-Web-01.jpg 1101w, https:\/\/woop.design\/wp-content\/uploads\/2021\/10\/Industry-Open-Web-01-300x177.jpg 300w, https:\/\/woop.design\/wp-content\/uploads\/2021\/10\/Industry-Open-Web-01-1024x604.jpg 1024w, https:\/\/woop.design\/wp-content\/uploads\/2021\/10\/Industry-Open-Web-01-768x453.jpg 768w, https:\/\/woop.design\/wp-content\/uploads\/2021\/10\/Industry-Open-Web-01-18x12.jpg 18w\" sizes=\"(max-width: 1101px) 100vw, 1101px\" \/>\t\t\t\t\t\t\t\t\t\t\t\t\t\t\t<\/div>\n\t\t\t\t<\/div>\n\t\t\t\t<div class=\"elementor-element elementor-element-1f0bfb9 elementor-widget elementor-widget-heading\" data-id=\"1f0bfb9\" data-element_type=\"widget\" data-e-type=\"widget\" data-widget_type=\"heading.default\">\n\t\t\t\t<div class=\"elementor-widget-container\">\n\t\t\t\t\t<h1 class=\"elementor-heading-title elementor-size-default\">Industry Open Tourist Portal<\/h1>\t\t\t\t<\/div>\n\t\t\t\t<\/div>\n\t\t\t\t<div class=\"elementor-element elementor-element-e41fa88 elementor-widget elementor-widget-text-editor\" data-id=\"e41fa88\" data-element_type=\"widget\" data-e-type=\"widget\" data-widget_type=\"text-editor.default\">\n\t\t\t\t<div class=\"elementor-widget-container\">\n\t\t\t\t\t\t\t\t\t<p>Turistick\u00fd port\u00e1l \/ Webdesign \/ Logo \/ Branding<\/p>\t\t\t\t\t\t\t\t<\/div>\n\t\t\t\t<\/div>\n\t\t\t\t<section class=\"elementor-section elementor-inner-section elementor-element elementor-element-6f9342e elementor-section-content-middle elementor-section-boxed elementor-section-height-default elementor-section-height-default\" data-id=\"6f9342e\" data-element_type=\"section\" data-e-type=\"section\">\n\t\t\t\t\t\t<div class=\"elementor-container elementor-column-gap-default\">\n\t\t\t\t\t<div class=\"elementor-column elementor-col-100 elementor-inner-column elementor-element elementor-element-bb73716\" data-id=\"bb73716\" data-element_type=\"column\" data-e-type=\"column\">\n\t\t\t<div class=\"elementor-widget-wrap elementor-element-populated\">\n\t\t\t\t\t\t<div class=\"elementor-element elementor-element-d1af800 elementor-widget elementor-widget-image\" data-id=\"d1af800\" data-element_type=\"widget\" data-e-type=\"widget\" data-widget_type=\"image.default\">\n\t\t\t\t<div class=\"elementor-widget-container\">\n\t\t\t\t\t\t\t\t\t\t\t\t\t\t\t<img decoding=\"async\" width=\"1\" height=\"1\" src=\"https:\/\/woop.design\/wp-content\/uploads\/2019\/11\/uvozovky_zacatek.svg\" class=\"attachment-full size-full wp-image-22\" alt=\"\" \/>\t\t\t\t\t\t\t\t\t\t\t\t\t\t\t<\/div>\n\t\t\t\t<\/div>\n\t\t\t\t<div class=\"elementor-element elementor-element-8b6643c elementor-widget elementor-widget-text-editor\" data-id=\"8b6643c\" data-element_type=\"widget\" data-e-type=\"widget\" data-widget_type=\"text-editor.default\">\n\t\t\t\t<div class=\"elementor-widget-container\">\n\t\t\t\t\t\t\t\t\t<p>Po n\u011bkolika letech fungov\u00e1n\u00ed se Industry Open posunulo ke skute\u010dn\u011b velk\u00e9 akci, kter\u00e1 krom\u011b letn\u00edho festivalu nab\u00edz\u00ed celoro\u010dn\u00ed turistick\u00e9 vy\u017eit\u00ed. Proto jsme se spolu s Visit Plze\u0148 pustili do upgradu webu. Nyn\u00ed funguje web IO coby plnohodnotn\u00fd port\u00e1l s informacemi, novinkami, akcemi apod. Dr\u017e\u00edme IO do dal\u0161\u00edch let palce, a\u0165 pokra\u010duje ve sv\u00e9 \u00fasp\u011b\u0161n\u00e9 cest\u011b.<\/p>\t\t\t\t\t\t\t\t<\/div>\n\t\t\t\t<\/div>\n\t\t\t\t<div class=\"elementor-element elementor-element-ca785b2 elementor-widget elementor-widget-image\" data-id=\"ca785b2\" data-element_type=\"widget\" data-e-type=\"widget\" data-widget_type=\"image.default\">\n\t\t\t\t<div class=\"elementor-widget-container\">\n\t\t\t\t\t\t\t\t\t\t\t\t\t\t\t<img decoding=\"async\" width=\"1\" height=\"1\" src=\"https:\/\/woop.design\/wp-content\/uploads\/2019\/11\/uvozovky_konec.svg\" class=\"attachment-full size-full wp-image-23\" alt=\"\" \/>\t\t\t\t\t\t\t\t\t\t\t\t\t\t\t<\/div>\n\t\t\t\t<\/div>\n\t\t\t\t\t<\/div>\n\t\t<\/div>\n\t\t\t\t\t<\/div>\n\t\t<\/section>\n\t\t\t\t<div class=\"elementor-element elementor-element-6d0e8d4 elementor-widget elementor-widget-image\" data-id=\"6d0e8d4\" data-element_type=\"widget\" data-e-type=\"widget\" data-widget_type=\"image.default\">\n\t\t\t\t<div class=\"elementor-widget-container\">\n\t\t\t\t\t\t\t\t\t\t\t\t\t\t\t<img loading=\"lazy\" decoding=\"async\" width=\"1046\" height=\"2560\" src=\"https:\/\/woop.design\/wp-content\/uploads\/2021\/10\/Industry-Open-Web-02-scaled.jpg\" class=\"attachment-full size-full wp-image-485\" alt=\"\" srcset=\"https:\/\/woop.design\/wp-content\/uploads\/2021\/10\/Industry-Open-Web-02-scaled.jpg 1046w, https:\/\/woop.design\/wp-content\/uploads\/2021\/10\/Industry-Open-Web-02-123x300.jpg 123w, https:\/\/woop.design\/wp-content\/uploads\/2021\/10\/Industry-Open-Web-02-419x1024.jpg 419w, https:\/\/woop.design\/wp-content\/uploads\/2021\/10\/Industry-Open-Web-02-768x1879.jpg 768w, https:\/\/woop.design\/wp-content\/uploads\/2021\/10\/Industry-Open-Web-02-628x1536.jpg 628w, https:\/\/woop.design\/wp-content\/uploads\/2021\/10\/Industry-Open-Web-02-837x2048.jpg 837w, https:\/\/woop.design\/wp-content\/uploads\/2021\/10\/Industry-Open-Web-02-5x12.jpg 5w\" sizes=\"(max-width: 1046px) 100vw, 1046px\" \/>\t\t\t\t\t\t\t\t\t\t\t\t\t\t\t<\/div>\n\t\t\t\t<\/div>\n\t\t\t\t<div class=\"elementor-element elementor-element-440c33b elementor-widget elementor-widget-image\" data-id=\"440c33b\" data-element_type=\"widget\" data-e-type=\"widget\" data-widget_type=\"image.default\">\n\t\t\t\t<div class=\"elementor-widget-container\">\n\t\t\t\t\t\t\t\t\t\t\t\t\t\t\t<img loading=\"lazy\" decoding=\"async\" width=\"1068\" height=\"1115\" src=\"https:\/\/woop.design\/wp-content\/uploads\/2021\/10\/Industry-Open-Web-03.jpg\" class=\"attachment-full size-full wp-image-484\" alt=\"\" srcset=\"https:\/\/woop.design\/wp-content\/uploads\/2021\/10\/Industry-Open-Web-03.jpg 1068w, https:\/\/woop.design\/wp-content\/uploads\/2021\/10\/Industry-Open-Web-03-287x300.jpg 287w, https:\/\/woop.design\/wp-content\/uploads\/2021\/10\/Industry-Open-Web-03-981x1024.jpg 981w, https:\/\/woop.design\/wp-content\/uploads\/2021\/10\/Industry-Open-Web-03-768x802.jpg 768w, https:\/\/woop.design\/wp-content\/uploads\/2021\/10\/Industry-Open-Web-03-11x12.jpg 11w\" sizes=\"(max-width: 1068px) 100vw, 1068px\" \/>\t\t\t\t\t\t\t\t\t\t\t\t\t\t\t<\/div>\n\t\t\t\t<\/div>\n\t\t\t\t<div class=\"elementor-element elementor-element-78177af elementor-widget elementor-widget-image\" data-id=\"78177af\" data-element_type=\"widget\" data-e-type=\"widget\" data-widget_type=\"image.default\">\n\t\t\t\t<div class=\"elementor-widget-container\">\n\t\t\t\t\t\t\t\t\t\t\t\t\t\t\t<img loading=\"lazy\" decoding=\"async\" width=\"1068\" height=\"1225\" src=\"https:\/\/woop.design\/wp-content\/uploads\/2021\/10\/Industry-Open-Web-04.jpg\" class=\"attachment-full size-full wp-image-483\" alt=\"\" srcset=\"https:\/\/woop.design\/wp-content\/uploads\/2021\/10\/Industry-Open-Web-04.jpg 1068w, https:\/\/woop.design\/wp-content\/uploads\/2021\/10\/Industry-Open-Web-04-262x300.jpg 262w, https:\/\/woop.design\/wp-content\/uploads\/2021\/10\/Industry-Open-Web-04-893x1024.jpg 893w, https:\/\/woop.design\/wp-content\/uploads\/2021\/10\/Industry-Open-Web-04-768x881.jpg 768w, https:\/\/woop.design\/wp-content\/uploads\/2021\/10\/Industry-Open-Web-04-10x12.jpg 10w\" sizes=\"(max-width: 1068px) 100vw, 1068px\" \/>\t\t\t\t\t\t\t\t\t\t\t\t\t\t\t<\/div>\n\t\t\t\t<\/div>\n\t\t\t\t<div class=\"elementor-element elementor-element-9af1c59 elementor-widget elementor-widget-text-editor\" data-id=\"9af1c59\" data-element_type=\"widget\" data-e-type=\"widget\" data-widget_type=\"text-editor.default\">\n\t\t\t\t<div class=\"elementor-widget-container\">\n\t\t\t\t\t\t\t\t\t<p>Website of the project: <a href=\"https:\/\/industryopen.cz\/\" target=\"_blank\" rel=\"noopener\">industryopen.cz<\/a><\/p>\t\t\t\t\t\t\t\t<\/div>\n\t\t\t\t<\/div>\n\t\t\t\t\t<\/div>\n\t\t<\/div>\n\t\t\t\t\t<\/div>\n\t\t<\/section>\n\t\t\t\t<\/div>","protected":false},"excerpt":{"rendered":"<p>Turistick\u00fd port\u00e1l Industry Open Turistick\u00fd port\u00e1l \/ Webdesign \/ Logo \/ Branding Po n\u011bkolika letech fungov\u00e1n\u00ed se Industry Open posunulo ke skute\u010dn\u011b velk\u00e9 akci, kter\u00e1 krom\u011b letn\u00edho festivalu nab\u00edz\u00ed celoro\u010dn\u00ed turistick\u00e9 vy\u017eit\u00ed. Proto jsme se spolu s Visit Plze\u0148 pustili do upgradu webu. Nyn\u00ed funguje web IO coby plnohodnotn\u00fd port\u00e1l s informacemi, novinkami, akcemi apod. [&hellip;]<\/p>\n","protected":false},"author":1,"featured_media":0,"parent":147,"menu_order":0,"comment_status":"closed","ping_status":"closed","template":"","meta":{"inline_featured_image":false,"footnotes":""},"class_list":["post-481","page","type-page","status-publish","hentry"],"_links":{"self":[{"href":"https:\/\/woop.design\/en\/wp-json\/wp\/v2\/pages\/481","targetHints":{"allow":["GET"]}}],"collection":[{"href":"https:\/\/woop.design\/en\/wp-json\/wp\/v2\/pages"}],"about":[{"href":"https:\/\/woop.design\/en\/wp-json\/wp\/v2\/types\/page"}],"author":[{"embeddable":true,"href":"https:\/\/woop.design\/en\/wp-json\/wp\/v2\/users\/1"}],"replies":[{"embeddable":true,"href":"https:\/\/woop.design\/en\/wp-json\/wp\/v2\/comments?post=481"}],"version-history":[{"count":7,"href":"https:\/\/woop.design\/en\/wp-json\/wp\/v2\/pages\/481\/revisions"}],"predecessor-version":[{"id":851,"href":"https:\/\/woop.design\/en\/wp-json\/wp\/v2\/pages\/481\/revisions\/851"}],"up":[{"embeddable":true,"href":"https:\/\/woop.design\/en\/wp-json\/wp\/v2\/pages\/147"}],"wp:attachment":[{"href":"https:\/\/woop.design\/en\/wp-json\/wp\/v2\/media?parent=481"}],"curies":[{"name":"wp","href":"https:\/\/api.w.org\/{rel}","templated":true}]}}