{"id":473,"date":"2021-10-24T17:01:56","date_gmt":"2021-10-24T15:01:56","guid":{"rendered":"https:\/\/woop.design\/?page_id=473"},"modified":"2023-08-16T16:12:43","modified_gmt":"2023-08-16T14:12:43","slug":"naborova-kampan-novem","status":"publish","type":"page","link":"https:\/\/woop.design\/en\/nase-prace\/naborova-kampan-novem\/","title":{"rendered":"Novem recruitment campaign"},"content":{"rendered":"<div data-elementor-type=\"wp-page\" data-elementor-id=\"473\" class=\"elementor elementor-473\" data-elementor-post-type=\"page\">\n\t\t\t\t\t\t<section class=\"elementor-section elementor-top-section elementor-element elementor-element-09980b8 elementor-section-full_width elementor-section-height-default elementor-section-height-default\" data-id=\"09980b8\" data-element_type=\"section\" data-e-type=\"section\">\n\t\t\t\t\t\t<div class=\"elementor-container elementor-column-gap-default\">\n\t\t\t\t\t<div class=\"elementor-column elementor-col-100 elementor-top-column elementor-element elementor-element-9f84433\" data-id=\"9f84433\" data-element_type=\"column\" data-e-type=\"column\">\n\t\t\t<div class=\"elementor-widget-wrap elementor-element-populated\">\n\t\t\t\t\t\t<div class=\"elementor-element elementor-element-d815649 elementor-widget elementor-widget-image\" data-id=\"d815649\" data-element_type=\"widget\" data-e-type=\"widget\" data-widget_type=\"image.default\">\n\t\t\t\t<div class=\"elementor-widget-container\">\n\t\t\t\t\t\t\t\t\t\t\t\t\t\t\t<img fetchpriority=\"high\" decoding=\"async\" width=\"1101\" height=\"649\" src=\"https:\/\/woop.design\/wp-content\/uploads\/2021\/10\/Novem-Kampan-01.jpg\" class=\"attachment-full size-full wp-image-477\" alt=\"\" srcset=\"https:\/\/woop.design\/wp-content\/uploads\/2021\/10\/Novem-Kampan-01.jpg 1101w, https:\/\/woop.design\/wp-content\/uploads\/2021\/10\/Novem-Kampan-01-300x177.jpg 300w, https:\/\/woop.design\/wp-content\/uploads\/2021\/10\/Novem-Kampan-01-1024x604.jpg 1024w, https:\/\/woop.design\/wp-content\/uploads\/2021\/10\/Novem-Kampan-01-768x453.jpg 768w, https:\/\/woop.design\/wp-content\/uploads\/2021\/10\/Novem-Kampan-01-18x12.jpg 18w\" sizes=\"(max-width: 1101px) 100vw, 1101px\" \/>\t\t\t\t\t\t\t\t\t\t\t\t\t\t\t<\/div>\n\t\t\t\t<\/div>\n\t\t\t\t<section class=\"elementor-section elementor-inner-section elementor-element elementor-element-10dc15f elementor-section-content-middle elementor-section-boxed elementor-section-height-default elementor-section-height-default\" data-id=\"10dc15f\" data-element_type=\"section\" data-e-type=\"section\">\n\t\t\t\t\t\t<div class=\"elementor-container elementor-column-gap-default\">\n\t\t\t\t\t<div class=\"elementor-column elementor-col-50 elementor-inner-column elementor-element elementor-element-b3d43c1\" data-id=\"b3d43c1\" data-element_type=\"column\" data-e-type=\"column\">\n\t\t\t<div class=\"elementor-widget-wrap elementor-element-populated\">\n\t\t\t\t\t\t<div class=\"elementor-element elementor-element-b5eb055 elementor-widget elementor-widget-image\" data-id=\"b5eb055\" data-element_type=\"widget\" data-e-type=\"widget\" data-widget_type=\"image.default\">\n\t\t\t\t<div class=\"elementor-widget-container\">\n\t\t\t\t\t\t\t\t\t\t\t\t\t\t\t<img decoding=\"async\" width=\"629\" height=\"902\" src=\"https:\/\/woop.design\/wp-content\/uploads\/2021\/10\/Novem-Kampan-02.jpg\" class=\"attachment-full size-full wp-image-476\" alt=\"\" srcset=\"https:\/\/woop.design\/wp-content\/uploads\/2021\/10\/Novem-Kampan-02.jpg 629w, https:\/\/woop.design\/wp-content\/uploads\/2021\/10\/Novem-Kampan-02-209x300.jpg 209w, https:\/\/woop.design\/wp-content\/uploads\/2021\/10\/Novem-Kampan-02-8x12.jpg 8w\" sizes=\"(max-width: 629px) 100vw, 629px\" \/>\t\t\t\t\t\t\t\t\t\t\t\t\t\t\t<\/div>\n\t\t\t\t<\/div>\n\t\t\t\t\t<\/div>\n\t\t<\/div>\n\t\t\t\t<div class=\"elementor-column elementor-col-50 elementor-inner-column elementor-element elementor-element-9225dc6\" data-id=\"9225dc6\" data-element_type=\"column\" data-e-type=\"column\">\n\t\t\t<div class=\"elementor-widget-wrap elementor-element-populated\">\n\t\t\t\t\t\t<div class=\"elementor-element elementor-element-1f0bfb9 elementor-widget elementor-widget-heading\" data-id=\"1f0bfb9\" data-element_type=\"widget\" data-e-type=\"widget\" data-widget_type=\"heading.default\">\n\t\t\t\t<div class=\"elementor-widget-container\">\n\t\t\t\t\t<h1 class=\"elementor-heading-title elementor-size-default\">Novem recruitment campaign<\/h1>\t\t\t\t<\/div>\n\t\t\t\t<\/div>\n\t\t\t\t<div class=\"elementor-element elementor-element-e41fa88 elementor-widget elementor-widget-text-editor\" data-id=\"e41fa88\" data-element_type=\"widget\" data-e-type=\"widget\" data-widget_type=\"text-editor.default\">\n\t\t\t\t<div class=\"elementor-widget-container\">\n\t\t\t\t\t\t\t\t\t<p>Branding \/ Webdesign \/ PPC n\u00e1borov\u00e1 kampa\u0148<\/p>\t\t\t\t\t\t\t\t<\/div>\n\t\t\t\t<\/div>\n\t\t\t\t<div class=\"elementor-element elementor-element-d1af800 elementor-widget elementor-widget-image\" data-id=\"d1af800\" data-element_type=\"widget\" data-e-type=\"widget\" data-widget_type=\"image.default\">\n\t\t\t\t<div class=\"elementor-widget-container\">\n\t\t\t\t\t\t\t\t\t\t\t\t\t\t\t<img decoding=\"async\" width=\"1\" height=\"1\" src=\"https:\/\/woop.design\/wp-content\/uploads\/2019\/11\/uvozovky_zacatek.svg\" class=\"attachment-full size-full wp-image-22\" alt=\"\" \/>\t\t\t\t\t\t\t\t\t\t\t\t\t\t\t<\/div>\n\t\t\t\t<\/div>\n\t\t\t\t<div class=\"elementor-element elementor-element-8b6643c elementor-widget elementor-widget-text-editor\" data-id=\"8b6643c\" data-element_type=\"widget\" data-e-type=\"widget\" data-widget_type=\"text-editor.default\">\n\t\t\t\t<div class=\"elementor-widget-container\">\n\t\t\t\t\t\t\t\t\t<p>Pro Novem jsme ud\u011blali c\u00edlenou n\u00e1borovou kampa\u0148 se samostatnou mikrostr\u00e1nkou. S\u00a0odstupem \u010dasu m\u016f\u017eeme v klidu \u0159\u00edci, \u017ee kampa\u0148 funguje skv\u011ble. O pr\u00e1ci v Novem je velk\u00fd z\u00e1jem a str\u00e1nka i samotn\u00e1 kampa\u0148 jsou dob\u0159e optimalizovan\u00e9.<\/p>\t\t\t\t\t\t\t\t<\/div>\n\t\t\t\t<\/div>\n\t\t\t\t<div class=\"elementor-element elementor-element-ca785b2 elementor-widget elementor-widget-image\" data-id=\"ca785b2\" data-element_type=\"widget\" data-e-type=\"widget\" data-widget_type=\"image.default\">\n\t\t\t\t<div class=\"elementor-widget-container\">\n\t\t\t\t\t\t\t\t\t\t\t\t\t\t\t<img loading=\"lazy\" decoding=\"async\" width=\"1\" height=\"1\" src=\"https:\/\/woop.design\/wp-content\/uploads\/2019\/11\/uvozovky_konec.svg\" class=\"attachment-full size-full wp-image-23\" alt=\"\" \/>\t\t\t\t\t\t\t\t\t\t\t\t\t\t\t<\/div>\n\t\t\t\t<\/div>\n\t\t\t\t\t<\/div>\n\t\t<\/div>\n\t\t\t\t\t<\/div>\n\t\t<\/section>\n\t\t\t\t<div class=\"elementor-element elementor-element-6d0e8d4 elementor-widget elementor-widget-image\" data-id=\"6d0e8d4\" data-element_type=\"widget\" data-e-type=\"widget\" data-widget_type=\"image.default\">\n\t\t\t\t<div class=\"elementor-widget-container\">\n\t\t\t\t\t\t\t\t\t\t\t\t\t\t\t<img loading=\"lazy\" decoding=\"async\" width=\"989\" height=\"2560\" src=\"https:\/\/woop.design\/wp-content\/uploads\/2021\/10\/Novem-Kampan-Web-scaled.jpg\" class=\"attachment-full size-full wp-image-475\" alt=\"\" srcset=\"https:\/\/woop.design\/wp-content\/uploads\/2021\/10\/Novem-Kampan-Web-scaled.jpg 989w, https:\/\/woop.design\/wp-content\/uploads\/2021\/10\/Novem-Kampan-Web-116x300.jpg 116w, https:\/\/woop.design\/wp-content\/uploads\/2021\/10\/Novem-Kampan-Web-396x1024.jpg 396w, https:\/\/woop.design\/wp-content\/uploads\/2021\/10\/Novem-Kampan-Web-768x1988.jpg 768w, https:\/\/woop.design\/wp-content\/uploads\/2021\/10\/Novem-Kampan-Web-593x1536.jpg 593w, https:\/\/woop.design\/wp-content\/uploads\/2021\/10\/Novem-Kampan-Web-791x2048.jpg 791w, https:\/\/woop.design\/wp-content\/uploads\/2021\/10\/Novem-Kampan-Web-5x12.jpg 5w\" sizes=\"(max-width: 989px) 100vw, 989px\" \/>\t\t\t\t\t\t\t\t\t\t\t\t\t\t\t<\/div>\n\t\t\t\t<\/div>\n\t\t\t\t<div class=\"elementor-element elementor-element-9af1c59 elementor-widget elementor-widget-text-editor\" data-id=\"9af1c59\" data-element_type=\"widget\" data-e-type=\"widget\" data-widget_type=\"text-editor.default\">\n\t\t\t\t<div class=\"elementor-widget-container\">\n\t\t\t\t\t\t\t\t\t<p>Website of the project: <a href=\"https:\/\/chci-lepsi-praci.cz\/\" target=\"_blank\" rel=\"noopener\">chci-lepsi-praci.cz<\/a><\/p>\t\t\t\t\t\t\t\t<\/div>\n\t\t\t\t<\/div>\n\t\t\t\t\t<\/div>\n\t\t<\/div>\n\t\t\t\t\t<\/div>\n\t\t<\/section>\n\t\t\t\t<\/div>","protected":false},"excerpt":{"rendered":"<p>N\u00e1borov\u00e1 kampa\u0148 Novem Branding \/ Webdesign \/ PPC n\u00e1borov\u00e1 kampa\u0148 Pro Novem jsme ud\u011blali c\u00edlenou n\u00e1borovou kampa\u0148 se samostatnou mikrostr\u00e1nkou. S\u00a0odstupem \u010dasu m\u016f\u017eeme v klidu \u0159\u00edci, \u017ee kampa\u0148 funguje skv\u011ble. O pr\u00e1ci v Novem je velk\u00fd z\u00e1jem a str\u00e1nka i samotn\u00e1 kampa\u0148 jsou dob\u0159e optimalizovan\u00e9. Webov\u00e9 str\u00e1nky projektu: chci-lepsi-praci.cz<\/p>","protected":false},"author":1,"featured_media":0,"parent":147,"menu_order":0,"comment_status":"closed","ping_status":"closed","template":"","meta":{"inline_featured_image":false,"footnotes":""},"class_list":["post-473","page","type-page","status-publish","hentry"],"_links":{"self":[{"href":"https:\/\/woop.design\/en\/wp-json\/wp\/v2\/pages\/473","targetHints":{"allow":["GET"]}}],"collection":[{"href":"https:\/\/woop.design\/en\/wp-json\/wp\/v2\/pages"}],"about":[{"href":"https:\/\/woop.design\/en\/wp-json\/wp\/v2\/types\/page"}],"author":[{"embeddable":true,"href":"https:\/\/woop.design\/en\/wp-json\/wp\/v2\/users\/1"}],"replies":[{"embeddable":true,"href":"https:\/\/woop.design\/en\/wp-json\/wp\/v2\/comments?post=473"}],"version-history":[{"count":7,"href":"https:\/\/woop.design\/en\/wp-json\/wp\/v2\/pages\/473\/revisions"}],"predecessor-version":[{"id":854,"href":"https:\/\/woop.design\/en\/wp-json\/wp\/v2\/pages\/473\/revisions\/854"}],"up":[{"embeddable":true,"href":"https:\/\/woop.design\/en\/wp-json\/wp\/v2\/pages\/147"}],"wp:attachment":[{"href":"https:\/\/woop.design\/en\/wp-json\/wp\/v2\/media?parent=473"}],"curies":[{"name":"wp","href":"https:\/\/api.w.org\/{rel}","templated":true}]}}