{"id":462,"date":"2021-10-24T16:55:18","date_gmt":"2021-10-24T14:55:18","guid":{"rendered":"https:\/\/woop.design\/?page_id=462"},"modified":"2023-08-16T16:14:12","modified_gmt":"2023-08-16T14:14:12","slug":"e-shop-gregory-nabytek","status":"publish","type":"page","link":"https:\/\/woop.design\/en\/nase-prace\/e-shop-gregory-nabytek\/","title":{"rendered":"E-shop Gregory n\u00e1bytek\u200b"},"content":{"rendered":"<div data-elementor-type=\"wp-page\" data-elementor-id=\"462\" class=\"elementor elementor-462\" data-elementor-post-type=\"page\">\n\t\t\t\t\t\t<section class=\"elementor-section elementor-top-section elementor-element elementor-element-774b363 elementor-section-full_width elementor-section-height-default elementor-section-height-default\" data-id=\"774b363\" data-element_type=\"section\" data-e-type=\"section\">\n\t\t\t\t\t\t<div class=\"elementor-container elementor-column-gap-no\">\n\t\t\t\t\t<div class=\"elementor-column elementor-col-100 elementor-top-column elementor-element elementor-element-f29fdf3\" data-id=\"f29fdf3\" data-element_type=\"column\" data-e-type=\"column\">\n\t\t\t<div class=\"elementor-widget-wrap elementor-element-populated\">\n\t\t\t\t\t\t<div class=\"elementor-element elementor-element-d815649 elementor-widget elementor-widget-image\" data-id=\"d815649\" data-element_type=\"widget\" data-e-type=\"widget\" data-widget_type=\"image.default\">\n\t\t\t\t<div class=\"elementor-widget-container\">\n\t\t\t\t\t\t\t\t\t\t\t\t\t\t\t<img fetchpriority=\"high\" decoding=\"async\" width=\"1920\" height=\"522\" src=\"https:\/\/woop.design\/wp-content\/uploads\/2021\/10\/Gregory-Nabytek-Logo.jpg\" class=\"attachment-full size-full wp-image-465\" alt=\"\" srcset=\"https:\/\/woop.design\/wp-content\/uploads\/2021\/10\/Gregory-Nabytek-Logo.jpg 1920w, https:\/\/woop.design\/wp-content\/uploads\/2021\/10\/Gregory-Nabytek-Logo-300x82.jpg 300w, https:\/\/woop.design\/wp-content\/uploads\/2021\/10\/Gregory-Nabytek-Logo-1024x278.jpg 1024w, https:\/\/woop.design\/wp-content\/uploads\/2021\/10\/Gregory-Nabytek-Logo-768x209.jpg 768w, https:\/\/woop.design\/wp-content\/uploads\/2021\/10\/Gregory-Nabytek-Logo-1536x418.jpg 1536w, https:\/\/woop.design\/wp-content\/uploads\/2021\/10\/Gregory-Nabytek-Logo-18x5.jpg 18w\" sizes=\"(max-width: 1920px) 100vw, 1920px\" \/>\t\t\t\t\t\t\t\t\t\t\t\t\t\t\t<\/div>\n\t\t\t\t<\/div>\n\t\t\t\t\t<\/div>\n\t\t<\/div>\n\t\t\t\t\t<\/div>\n\t\t<\/section>\n\t\t\t\t<section class=\"elementor-section elementor-top-section elementor-element elementor-element-09980b8 elementor-section-full_width elementor-section-height-default elementor-section-height-default\" data-id=\"09980b8\" data-element_type=\"section\" data-e-type=\"section\">\n\t\t\t\t\t\t<div class=\"elementor-container elementor-column-gap-default\">\n\t\t\t\t\t<div class=\"elementor-column elementor-col-100 elementor-top-column elementor-element elementor-element-9f84433\" data-id=\"9f84433\" data-element_type=\"column\" data-e-type=\"column\">\n\t\t\t<div class=\"elementor-widget-wrap elementor-element-populated\">\n\t\t\t\t\t\t<div class=\"elementor-element elementor-element-1f0bfb9 elementor-widget elementor-widget-heading\" data-id=\"1f0bfb9\" data-element_type=\"widget\" data-e-type=\"widget\" data-widget_type=\"heading.default\">\n\t\t\t\t<div class=\"elementor-widget-container\">\n\t\t\t\t\t<h1 class=\"elementor-heading-title elementor-size-default\">E-shop Gregory n\u00e1bytek\u200b<\/h1>\t\t\t\t<\/div>\n\t\t\t\t<\/div>\n\t\t\t\t<div class=\"elementor-element elementor-element-e41fa88 elementor-widget elementor-widget-text-editor\" data-id=\"e41fa88\" data-element_type=\"widget\" data-e-type=\"widget\" data-widget_type=\"text-editor.default\">\n\t\t\t\t<div class=\"elementor-widget-container\">\n\t\t\t\t\t\t\t\t\t<p>Logo \/ Branding \/ E-shop \/ Webdesign<\/p>\t\t\t\t\t\t\t\t<\/div>\n\t\t\t\t<\/div>\n\t\t\t\t<section class=\"elementor-section elementor-inner-section elementor-element elementor-element-6f9342e elementor-section-content-middle elementor-section-boxed elementor-section-height-default elementor-section-height-default\" data-id=\"6f9342e\" data-element_type=\"section\" data-e-type=\"section\">\n\t\t\t\t\t\t<div class=\"elementor-container elementor-column-gap-default\">\n\t\t\t\t\t<div class=\"elementor-column elementor-col-100 elementor-inner-column elementor-element elementor-element-bb73716\" data-id=\"bb73716\" data-element_type=\"column\" data-e-type=\"column\">\n\t\t\t<div class=\"elementor-widget-wrap elementor-element-populated\">\n\t\t\t\t\t\t<div class=\"elementor-element elementor-element-d1af800 elementor-widget elementor-widget-image\" data-id=\"d1af800\" data-element_type=\"widget\" data-e-type=\"widget\" data-widget_type=\"image.default\">\n\t\t\t\t<div class=\"elementor-widget-container\">\n\t\t\t\t\t\t\t\t\t\t\t\t\t\t\t<img decoding=\"async\" width=\"1\" height=\"1\" src=\"https:\/\/woop.design\/wp-content\/uploads\/2019\/11\/uvozovky_zacatek.svg\" class=\"attachment-full size-full wp-image-22\" alt=\"\" \/>\t\t\t\t\t\t\t\t\t\t\t\t\t\t\t<\/div>\n\t\t\t\t<\/div>\n\t\t\t\t<div class=\"elementor-element elementor-element-8b6643c elementor-widget elementor-widget-text-editor\" data-id=\"8b6643c\" data-element_type=\"widget\" data-e-type=\"widget\" data-widget_type=\"text-editor.default\">\n\t\t\t\t<div class=\"elementor-widget-container\">\n\t\t\t\t\t\t\t\t\t<p>E-shop s n\u00e1bytkem Gregory byl rozs\u00e1hlou marketingovou v\u00fdzvou. Vytvo\u0159ili jsme nejen kompletn\u00ed vizu\u00e1ln\u00ed styl, logo, technick\u00e9 \u0159e\u0161en\u00ed e-shopu, ale i samotn\u00fd n\u00e1zev. E-shop jsme v roce 2021 aktualizovali a optimalizovali s d\u016frazem na u\u017eivatelsk\u00fd pro\u017eitek a vy\u0161\u0161\u00ed konverz\u00ed pom\u011br.<\/p>\t\t\t\t\t\t\t\t<\/div>\n\t\t\t\t<\/div>\n\t\t\t\t<div class=\"elementor-element elementor-element-ca785b2 elementor-widget elementor-widget-image\" data-id=\"ca785b2\" data-element_type=\"widget\" data-e-type=\"widget\" data-widget_type=\"image.default\">\n\t\t\t\t<div class=\"elementor-widget-container\">\n\t\t\t\t\t\t\t\t\t\t\t\t\t\t\t<img decoding=\"async\" width=\"1\" height=\"1\" src=\"https:\/\/woop.design\/wp-content\/uploads\/2019\/11\/uvozovky_konec.svg\" class=\"attachment-full size-full wp-image-23\" alt=\"\" \/>\t\t\t\t\t\t\t\t\t\t\t\t\t\t\t<\/div>\n\t\t\t\t<\/div>\n\t\t\t\t\t<\/div>\n\t\t<\/div>\n\t\t\t\t\t<\/div>\n\t\t<\/section>\n\t\t\t\t<div class=\"elementor-element elementor-element-6d0e8d4 elementor-widget elementor-widget-image\" data-id=\"6d0e8d4\" data-element_type=\"widget\" data-e-type=\"widget\" data-widget_type=\"image.default\">\n\t\t\t\t<div class=\"elementor-widget-container\">\n\t\t\t\t\t\t\t\t\t\t\t\t\t\t\t<img loading=\"lazy\" decoding=\"async\" width=\"1071\" height=\"2247\" src=\"https:\/\/woop.design\/wp-content\/uploads\/2021\/10\/Gregory-Nabytek-Web-E-shop.jpg\" class=\"attachment-full size-full wp-image-464\" alt=\"\" srcset=\"https:\/\/woop.design\/wp-content\/uploads\/2021\/10\/Gregory-Nabytek-Web-E-shop.jpg 1071w, https:\/\/woop.design\/wp-content\/uploads\/2021\/10\/Gregory-Nabytek-Web-E-shop-143x300.jpg 143w, https:\/\/woop.design\/wp-content\/uploads\/2021\/10\/Gregory-Nabytek-Web-E-shop-488x1024.jpg 488w, https:\/\/woop.design\/wp-content\/uploads\/2021\/10\/Gregory-Nabytek-Web-E-shop-768x1611.jpg 768w, https:\/\/woop.design\/wp-content\/uploads\/2021\/10\/Gregory-Nabytek-Web-E-shop-732x1536.jpg 732w, https:\/\/woop.design\/wp-content\/uploads\/2021\/10\/Gregory-Nabytek-Web-E-shop-976x2048.jpg 976w, https:\/\/woop.design\/wp-content\/uploads\/2021\/10\/Gregory-Nabytek-Web-E-shop-6x12.jpg 6w\" sizes=\"(max-width: 1071px) 100vw, 1071px\" \/>\t\t\t\t\t\t\t\t\t\t\t\t\t\t\t<\/div>\n\t\t\t\t<\/div>\n\t\t\t\t<div class=\"elementor-element elementor-element-9af1c59 elementor-widget elementor-widget-text-editor\" data-id=\"9af1c59\" data-element_type=\"widget\" data-e-type=\"widget\" data-widget_type=\"text-editor.default\">\n\t\t\t\t<div class=\"elementor-widget-container\">\n\t\t\t\t\t\t\t\t\t<p>Website of the project: <a href=\"https:\/\/gregorynabytek.cz\/\" target=\"_blank\" rel=\"noopener\">gregorynabytek.cz<\/a><\/p>\t\t\t\t\t\t\t\t<\/div>\n\t\t\t\t<\/div>\n\t\t\t\t\t<\/div>\n\t\t<\/div>\n\t\t\t\t\t<\/div>\n\t\t<\/section>\n\t\t\t\t<\/div>","protected":false},"excerpt":{"rendered":"<p>E-shop Gregory n\u00e1bytek\u200b Logo \/ Branding \/ E-shop \/ Webdesign E-shop s n\u00e1bytkem Gregory byl rozs\u00e1hlou marketingovou v\u00fdzvou. Vytvo\u0159ili jsme nejen kompletn\u00ed vizu\u00e1ln\u00ed styl, logo, technick\u00e9 \u0159e\u0161en\u00ed e-shopu, ale i samotn\u00fd n\u00e1zev. E-shop jsme v roce 2021 aktualizovali a optimalizovali s d\u016frazem na u\u017eivatelsk\u00fd pro\u017eitek a vy\u0161\u0161\u00ed konverz\u00ed pom\u011br. Webov\u00e9 str\u00e1nky projektu: gregorynabytek.cz<\/p>","protected":false},"author":1,"featured_media":0,"parent":147,"menu_order":0,"comment_status":"closed","ping_status":"closed","template":"","meta":{"inline_featured_image":false,"footnotes":""},"class_list":["post-462","page","type-page","status-publish","hentry"],"_links":{"self":[{"href":"https:\/\/woop.design\/en\/wp-json\/wp\/v2\/pages\/462","targetHints":{"allow":["GET"]}}],"collection":[{"href":"https:\/\/woop.design\/en\/wp-json\/wp\/v2\/pages"}],"about":[{"href":"https:\/\/woop.design\/en\/wp-json\/wp\/v2\/types\/page"}],"author":[{"embeddable":true,"href":"https:\/\/woop.design\/en\/wp-json\/wp\/v2\/users\/1"}],"replies":[{"embeddable":true,"href":"https:\/\/woop.design\/en\/wp-json\/wp\/v2\/comments?post=462"}],"version-history":[{"count":14,"href":"https:\/\/woop.design\/en\/wp-json\/wp\/v2\/pages\/462\/revisions"}],"predecessor-version":[{"id":872,"href":"https:\/\/woop.design\/en\/wp-json\/wp\/v2\/pages\/462\/revisions\/872"}],"up":[{"embeddable":true,"href":"https:\/\/woop.design\/en\/wp-json\/wp\/v2\/pages\/147"}],"wp:attachment":[{"href":"https:\/\/woop.design\/en\/wp-json\/wp\/v2\/media?parent=462"}],"curies":[{"name":"wp","href":"https:\/\/api.w.org\/{rel}","templated":true}]}}