{"id":438,"date":"2021-10-24T16:44:40","date_gmt":"2021-10-24T14:44:40","guid":{"rendered":"https:\/\/woop.design\/?page_id=438"},"modified":"2023-08-16T16:13:29","modified_gmt":"2023-08-16T14:13:29","slug":"flowguard","status":"publish","type":"page","link":"https:\/\/woop.design\/en\/nase-prace\/flowguard\/","title":{"rendered":"Flowguard"},"content":{"rendered":"<div data-elementor-type=\"wp-page\" data-elementor-id=\"438\" class=\"elementor elementor-438\" data-elementor-post-type=\"page\">\n\t\t\t\t\t\t<section class=\"elementor-section elementor-top-section elementor-element elementor-element-7377f23 elementor-section-full_width elementor-section-height-default elementor-section-height-default\" data-id=\"7377f23\" data-element_type=\"section\" data-e-type=\"section\">\n\t\t\t\t\t\t<div class=\"elementor-container elementor-column-gap-no\">\n\t\t\t\t\t<div class=\"elementor-column elementor-col-100 elementor-top-column elementor-element elementor-element-a279c88\" data-id=\"a279c88\" data-element_type=\"column\" data-e-type=\"column\">\n\t\t\t<div class=\"elementor-widget-wrap elementor-element-populated\">\n\t\t\t\t\t\t<div class=\"elementor-element elementor-element-d815649 elementor-widget elementor-widget-image\" data-id=\"d815649\" data-element_type=\"widget\" data-e-type=\"widget\" data-widget_type=\"image.default\">\n\t\t\t\t<div class=\"elementor-widget-container\">\n\t\t\t\t\t\t\t\t\t\t\t\t\t\t\t<img fetchpriority=\"high\" decoding=\"async\" width=\"1920\" height=\"600\" src=\"https:\/\/woop.design\/wp-content\/uploads\/2021\/10\/Flowguard-Logo.jpg\" class=\"attachment-full size-full wp-image-444\" alt=\"\" srcset=\"https:\/\/woop.design\/wp-content\/uploads\/2021\/10\/Flowguard-Logo.jpg 1920w, https:\/\/woop.design\/wp-content\/uploads\/2021\/10\/Flowguard-Logo-300x94.jpg 300w, https:\/\/woop.design\/wp-content\/uploads\/2021\/10\/Flowguard-Logo-1024x320.jpg 1024w, https:\/\/woop.design\/wp-content\/uploads\/2021\/10\/Flowguard-Logo-768x240.jpg 768w, https:\/\/woop.design\/wp-content\/uploads\/2021\/10\/Flowguard-Logo-1536x480.jpg 1536w, https:\/\/woop.design\/wp-content\/uploads\/2021\/10\/Flowguard-Logo-18x6.jpg 18w\" sizes=\"(max-width: 1920px) 100vw, 1920px\" \/>\t\t\t\t\t\t\t\t\t\t\t\t\t\t\t<\/div>\n\t\t\t\t<\/div>\n\t\t\t\t\t<\/div>\n\t\t<\/div>\n\t\t\t\t\t<\/div>\n\t\t<\/section>\n\t\t\t\t<section class=\"elementor-section elementor-top-section elementor-element elementor-element-09980b8 elementor-section-full_width elementor-section-height-default elementor-section-height-default\" data-id=\"09980b8\" data-element_type=\"section\" data-e-type=\"section\">\n\t\t\t\t\t\t<div class=\"elementor-container elementor-column-gap-default\">\n\t\t\t\t\t<div class=\"elementor-column elementor-col-100 elementor-top-column elementor-element elementor-element-9f84433\" data-id=\"9f84433\" data-element_type=\"column\" data-e-type=\"column\">\n\t\t\t<div class=\"elementor-widget-wrap elementor-element-populated\">\n\t\t\t\t\t\t<div class=\"elementor-element elementor-element-1f0bfb9 elementor-widget elementor-widget-heading\" data-id=\"1f0bfb9\" data-element_type=\"widget\" data-e-type=\"widget\" data-widget_type=\"heading.default\">\n\t\t\t\t<div class=\"elementor-widget-container\">\n\t\t\t\t\t<h1 class=\"elementor-heading-title elementor-size-default\">Flowguard<\/h1>\t\t\t\t<\/div>\n\t\t\t\t<\/div>\n\t\t\t\t<div class=\"elementor-element elementor-element-e41fa88 elementor-widget elementor-widget-text-editor\" data-id=\"e41fa88\" data-element_type=\"widget\" data-e-type=\"widget\" data-widget_type=\"text-editor.default\">\n\t\t\t\t<div class=\"elementor-widget-container\">\n\t\t\t\t\t\t\t\t\t<p>Logo \/ Branding \/ Redesign \/ Webdesign<\/p>\t\t\t\t\t\t\t\t<\/div>\n\t\t\t\t<\/div>\n\t\t\t\t<section class=\"elementor-section elementor-inner-section elementor-element elementor-element-6f9342e elementor-section-content-middle elementor-section-boxed elementor-section-height-default elementor-section-height-default\" data-id=\"6f9342e\" data-element_type=\"section\" data-e-type=\"section\">\n\t\t\t\t\t\t<div class=\"elementor-container elementor-column-gap-default\">\n\t\t\t\t\t<div class=\"elementor-column elementor-col-100 elementor-inner-column elementor-element elementor-element-bb73716\" data-id=\"bb73716\" data-element_type=\"column\" data-e-type=\"column\">\n\t\t\t<div class=\"elementor-widget-wrap elementor-element-populated\">\n\t\t\t\t\t\t<div class=\"elementor-element elementor-element-d1af800 elementor-widget elementor-widget-image\" data-id=\"d1af800\" data-element_type=\"widget\" data-e-type=\"widget\" data-widget_type=\"image.default\">\n\t\t\t\t<div class=\"elementor-widget-container\">\n\t\t\t\t\t\t\t\t\t\t\t\t\t\t\t<img decoding=\"async\" width=\"1\" height=\"1\" src=\"https:\/\/woop.design\/wp-content\/uploads\/2019\/11\/uvozovky_zacatek.svg\" class=\"attachment-full size-full wp-image-22\" alt=\"\" \/>\t\t\t\t\t\t\t\t\t\t\t\t\t\t\t<\/div>\n\t\t\t\t<\/div>\n\t\t\t\t<div class=\"elementor-element elementor-element-8b6643c elementor-widget elementor-widget-text-editor\" data-id=\"8b6643c\" data-element_type=\"widget\" data-e-type=\"widget\" data-widget_type=\"text-editor.default\">\n\t\t\t\t<div class=\"elementor-widget-container\">\n\t\t\t\t\t\t\t\t\t<p>Z\u00e1kazn\u00edk za n\u00e1mi p\u0159i\u0161el s pot\u0159ebou faceliftu loga a dopracov\u00e1n\u00ed vizu\u00e1ln\u00edho stylu jejich produktu pro ochranu s\u00edt\u00ed a proti DDoS \u00fatok\u016fm. Redesign vych\u00e1zel z identity spole\u010dnosti, kterou jsme vytv\u00e1\u0159eli v minulosti. Pro tento projekt jsme navrhli vizu\u00e1l pln\u00fd ilustrac\u00ed technick\u00fdch sch\u00e9mat. Cht\u011bli jsme vytvo\u0159it techno styl, kter\u00fd ale oproti za\u017eit\u00fdm kli\u0161\u00e9 bude sv\u011btl\u00fd, vesel\u00fd a optimistick\u00fd.<\/p>\t\t\t\t\t\t\t\t<\/div>\n\t\t\t\t<\/div>\n\t\t\t\t<div class=\"elementor-element elementor-element-ca785b2 elementor-widget elementor-widget-image\" data-id=\"ca785b2\" data-element_type=\"widget\" data-e-type=\"widget\" data-widget_type=\"image.default\">\n\t\t\t\t<div class=\"elementor-widget-container\">\n\t\t\t\t\t\t\t\t\t\t\t\t\t\t\t<img decoding=\"async\" width=\"1\" height=\"1\" src=\"https:\/\/woop.design\/wp-content\/uploads\/2019\/11\/uvozovky_konec.svg\" class=\"attachment-full size-full wp-image-23\" alt=\"\" \/>\t\t\t\t\t\t\t\t\t\t\t\t\t\t\t<\/div>\n\t\t\t\t<\/div>\n\t\t\t\t\t<\/div>\n\t\t<\/div>\n\t\t\t\t\t<\/div>\n\t\t<\/section>\n\t\t\t\t<div class=\"elementor-element elementor-element-6d0e8d4 elementor-widget elementor-widget-image\" data-id=\"6d0e8d4\" data-element_type=\"widget\" data-e-type=\"widget\" data-widget_type=\"image.default\">\n\t\t\t\t<div class=\"elementor-widget-container\">\n\t\t\t\t\t\t\t\t\t\t\t\t\t\t\t<img loading=\"lazy\" decoding=\"async\" width=\"838\" height=\"267\" src=\"https:\/\/woop.design\/wp-content\/uploads\/2021\/10\/Flowguard-Logo-Evolution.svg\" class=\"attachment-full size-full wp-image-443\" alt=\"\" \/>\t\t\t\t\t\t\t\t\t\t\t\t\t\t\t<\/div>\n\t\t\t\t<\/div>\n\t\t\t\t<div class=\"elementor-element elementor-element-09d4190 elementor-widget elementor-widget-image\" data-id=\"09d4190\" data-element_type=\"widget\" data-e-type=\"widget\" data-widget_type=\"image.default\">\n\t\t\t\t<div class=\"elementor-widget-container\">\n\t\t\t\t\t\t\t\t\t\t\t\t\t\t\t<img loading=\"lazy\" decoding=\"async\" width=\"992\" height=\"1114\" src=\"https:\/\/woop.design\/wp-content\/uploads\/2021\/10\/Flowguard-Web-01.jpg\" class=\"attachment-full size-full wp-image-441\" alt=\"\" srcset=\"https:\/\/woop.design\/wp-content\/uploads\/2021\/10\/Flowguard-Web-01.jpg 992w, https:\/\/woop.design\/wp-content\/uploads\/2021\/10\/Flowguard-Web-01-267x300.jpg 267w, https:\/\/woop.design\/wp-content\/uploads\/2021\/10\/Flowguard-Web-01-912x1024.jpg 912w, https:\/\/woop.design\/wp-content\/uploads\/2021\/10\/Flowguard-Web-01-768x862.jpg 768w, https:\/\/woop.design\/wp-content\/uploads\/2021\/10\/Flowguard-Web-01-11x12.jpg 11w\" sizes=\"(max-width: 992px) 100vw, 992px\" \/>\t\t\t\t\t\t\t\t\t\t\t\t\t\t\t<\/div>\n\t\t\t\t<\/div>\n\t\t\t\t<div class=\"elementor-element elementor-element-341eef9 elementor-widget elementor-widget-image\" data-id=\"341eef9\" data-element_type=\"widget\" data-e-type=\"widget\" data-widget_type=\"image.default\">\n\t\t\t\t<div class=\"elementor-widget-container\">\n\t\t\t\t\t\t\t\t\t\t\t\t\t\t\t<img loading=\"lazy\" decoding=\"async\" width=\"992\" height=\"1105\" src=\"https:\/\/woop.design\/wp-content\/uploads\/2021\/10\/Flowguard-Web-00.jpg\" class=\"attachment-full size-full wp-image-442\" alt=\"\" srcset=\"https:\/\/woop.design\/wp-content\/uploads\/2021\/10\/Flowguard-Web-00.jpg 992w, https:\/\/woop.design\/wp-content\/uploads\/2021\/10\/Flowguard-Web-00-269x300.jpg 269w, https:\/\/woop.design\/wp-content\/uploads\/2021\/10\/Flowguard-Web-00-919x1024.jpg 919w, https:\/\/woop.design\/wp-content\/uploads\/2021\/10\/Flowguard-Web-00-768x855.jpg 768w, https:\/\/woop.design\/wp-content\/uploads\/2021\/10\/Flowguard-Web-00-11x12.jpg 11w\" sizes=\"(max-width: 992px) 100vw, 992px\" \/>\t\t\t\t\t\t\t\t\t\t\t\t\t\t\t<\/div>\n\t\t\t\t<\/div>\n\t\t\t\t<div class=\"elementor-element elementor-element-d579110 elementor-widget elementor-widget-image\" data-id=\"d579110\" data-element_type=\"widget\" data-e-type=\"widget\" data-widget_type=\"image.default\">\n\t\t\t\t<div class=\"elementor-widget-container\">\n\t\t\t\t\t\t\t\t\t\t\t\t\t\t\t<img loading=\"lazy\" decoding=\"async\" width=\"993\" height=\"1116\" src=\"https:\/\/woop.design\/wp-content\/uploads\/2021\/10\/Flowguard-Web-02.jpg\" class=\"attachment-full size-full wp-image-440\" alt=\"\" srcset=\"https:\/\/woop.design\/wp-content\/uploads\/2021\/10\/Flowguard-Web-02.jpg 993w, https:\/\/woop.design\/wp-content\/uploads\/2021\/10\/Flowguard-Web-02-267x300.jpg 267w, https:\/\/woop.design\/wp-content\/uploads\/2021\/10\/Flowguard-Web-02-911x1024.jpg 911w, https:\/\/woop.design\/wp-content\/uploads\/2021\/10\/Flowguard-Web-02-768x863.jpg 768w, https:\/\/woop.design\/wp-content\/uploads\/2021\/10\/Flowguard-Web-02-11x12.jpg 11w\" sizes=\"(max-width: 993px) 100vw, 993px\" \/>\t\t\t\t\t\t\t\t\t\t\t\t\t\t\t<\/div>\n\t\t\t\t<\/div>\n\t\t\t\t<div class=\"elementor-element elementor-element-7883f06 elementor-widget elementor-widget-image\" data-id=\"7883f06\" data-element_type=\"widget\" data-e-type=\"widget\" data-widget_type=\"image.default\">\n\t\t\t\t<div class=\"elementor-widget-container\">\n\t\t\t\t\t\t\t\t\t\t\t\t\t\t\t<img loading=\"lazy\" decoding=\"async\" width=\"789\" height=\"363\" src=\"https:\/\/woop.design\/wp-content\/uploads\/2021\/10\/Flowguard-Ilustrace.svg\" class=\"attachment-full size-full wp-image-445\" alt=\"\" \/>\t\t\t\t\t\t\t\t\t\t\t\t\t\t\t<\/div>\n\t\t\t\t<\/div>\n\t\t\t\t\t<\/div>\n\t\t<\/div>\n\t\t\t\t\t<\/div>\n\t\t<\/section>\n\t\t\t\t<\/div>","protected":false},"excerpt":{"rendered":"<p>Flowguard Logo \/ Branding \/ Redesign \/ Webdesign Z\u00e1kazn\u00edk za n\u00e1mi p\u0159i\u0161el s pot\u0159ebou faceliftu loga a dopracov\u00e1n\u00ed vizu\u00e1ln\u00edho stylu jejich produktu pro ochranu s\u00edt\u00ed a proti DDoS \u00fatok\u016fm. Redesign vych\u00e1zel z identity spole\u010dnosti, kterou jsme vytv\u00e1\u0159eli v minulosti. Pro tento projekt jsme navrhli vizu\u00e1l pln\u00fd ilustrac\u00ed technick\u00fdch sch\u00e9mat. Cht\u011bli jsme vytvo\u0159it techno styl, kter\u00fd [&hellip;]<\/p>\n","protected":false},"author":1,"featured_media":0,"parent":147,"menu_order":0,"comment_status":"closed","ping_status":"closed","template":"","meta":{"inline_featured_image":false,"footnotes":""},"class_list":["post-438","page","type-page","status-publish","hentry"],"_links":{"self":[{"href":"https:\/\/woop.design\/en\/wp-json\/wp\/v2\/pages\/438","targetHints":{"allow":["GET"]}}],"collection":[{"href":"https:\/\/woop.design\/en\/wp-json\/wp\/v2\/pages"}],"about":[{"href":"https:\/\/woop.design\/en\/wp-json\/wp\/v2\/types\/page"}],"author":[{"embeddable":true,"href":"https:\/\/woop.design\/en\/wp-json\/wp\/v2\/users\/1"}],"replies":[{"embeddable":true,"href":"https:\/\/woop.design\/en\/wp-json\/wp\/v2\/comments?post=438"}],"version-history":[{"count":16,"href":"https:\/\/woop.design\/en\/wp-json\/wp\/v2\/pages\/438\/revisions"}],"predecessor-version":[{"id":860,"href":"https:\/\/woop.design\/en\/wp-json\/wp\/v2\/pages\/438\/revisions\/860"}],"up":[{"embeddable":true,"href":"https:\/\/woop.design\/en\/wp-json\/wp\/v2\/pages\/147"}],"wp:attachment":[{"href":"https:\/\/woop.design\/en\/wp-json\/wp\/v2\/media?parent=438"}],"curies":[{"name":"wp","href":"https:\/\/api.w.org\/{rel}","templated":true}]}}