{"id":317,"date":"2019-12-01T19:02:09","date_gmt":"2019-12-01T18:02:09","guid":{"rendered":"https:\/\/woop.design\/?page_id=317"},"modified":"2023-08-16T16:14:00","modified_gmt":"2023-08-16T14:14:00","slug":"kiteforce","status":"publish","type":"page","link":"https:\/\/woop.design\/en\/nase-prace\/kiteforce\/","title":{"rendered":"Kiteforce"},"content":{"rendered":"<div data-elementor-type=\"wp-page\" data-elementor-id=\"317\" class=\"elementor elementor-317\" data-elementor-post-type=\"page\">\n\t\t\t\t\t\t<section class=\"elementor-section elementor-top-section elementor-element elementor-element-a8623d2 elementor-section-full_width elementor-section-height-default elementor-section-height-default\" data-id=\"a8623d2\" data-element_type=\"section\" data-e-type=\"section\">\n\t\t\t\t\t\t<div class=\"elementor-container elementor-column-gap-no\">\n\t\t\t\t\t<div class=\"elementor-column elementor-col-100 elementor-top-column elementor-element elementor-element-270dfc2\" data-id=\"270dfc2\" data-element_type=\"column\" data-e-type=\"column\">\n\t\t\t<div class=\"elementor-widget-wrap elementor-element-populated\">\n\t\t\t\t\t\t<div class=\"elementor-element elementor-element-0eb5a7f elementor-hidden-tablet elementor-hidden-phone elementor-widget elementor-widget-image\" data-id=\"0eb5a7f\" data-element_type=\"widget\" data-e-type=\"widget\" data-widget_type=\"image.default\">\n\t\t\t\t<div class=\"elementor-widget-container\">\n\t\t\t\t\t\t\t\t\t\t\t\t\t\t\t<img fetchpriority=\"high\" decoding=\"async\" width=\"1920\" height=\"786\" src=\"https:\/\/woop.design\/wp-content\/uploads\/2019\/12\/KF_01.jpg\" class=\"attachment-full size-full wp-image-325\" alt=\"\" srcset=\"https:\/\/woop.design\/wp-content\/uploads\/2019\/12\/KF_01.jpg 1920w, https:\/\/woop.design\/wp-content\/uploads\/2019\/12\/KF_01-300x123.jpg 300w, https:\/\/woop.design\/wp-content\/uploads\/2019\/12\/KF_01-1024x419.jpg 1024w, https:\/\/woop.design\/wp-content\/uploads\/2019\/12\/KF_01-768x314.jpg 768w, https:\/\/woop.design\/wp-content\/uploads\/2019\/12\/KF_01-1536x629.jpg 1536w, https:\/\/woop.design\/wp-content\/uploads\/2019\/12\/KF_01-18x7.jpg 18w\" sizes=\"(max-width: 1920px) 100vw, 1920px\" \/>\t\t\t\t\t\t\t\t\t\t\t\t\t\t\t<\/div>\n\t\t\t\t<\/div>\n\t\t\t\t<div class=\"elementor-element elementor-element-9f1b104 elementor-hidden-desktop elementor-widget elementor-widget-image\" data-id=\"9f1b104\" data-element_type=\"widget\" data-e-type=\"widget\" data-widget_type=\"image.default\">\n\t\t\t\t<div class=\"elementor-widget-container\">\n\t\t\t\t\t\t\t\t\t\t\t\t\t\t\t<img decoding=\"async\" width=\"1000\" height=\"786\" src=\"https:\/\/woop.design\/wp-content\/uploads\/2019\/12\/KF_01_Respons.jpg\" class=\"attachment-full size-full wp-image-326\" alt=\"\" srcset=\"https:\/\/woop.design\/wp-content\/uploads\/2019\/12\/KF_01_Respons.jpg 1000w, https:\/\/woop.design\/wp-content\/uploads\/2019\/12\/KF_01_Respons-300x236.jpg 300w, https:\/\/woop.design\/wp-content\/uploads\/2019\/12\/KF_01_Respons-768x604.jpg 768w, https:\/\/woop.design\/wp-content\/uploads\/2019\/12\/KF_01_Respons-15x12.jpg 15w\" sizes=\"(max-width: 1000px) 100vw, 1000px\" \/>\t\t\t\t\t\t\t\t\t\t\t\t\t\t\t<\/div>\n\t\t\t\t<\/div>\n\t\t\t\t<div class=\"elementor-element elementor-element-7b47170 elementor-widget elementor-widget-spacer\" data-id=\"7b47170\" data-element_type=\"widget\" data-e-type=\"widget\" data-widget_type=\"spacer.default\">\n\t\t\t\t<div class=\"elementor-widget-container\">\n\t\t\t\t\t\t\t<div class=\"elementor-spacer\">\n\t\t\t<div class=\"elementor-spacer-inner\"><\/div>\n\t\t<\/div>\n\t\t\t\t\t\t<\/div>\n\t\t\t\t<\/div>\n\t\t\t\t<div class=\"elementor-element elementor-element-2dd80c1 elementor-widget elementor-widget-heading\" data-id=\"2dd80c1\" data-element_type=\"widget\" data-e-type=\"widget\" data-widget_type=\"heading.default\">\n\t\t\t\t<div class=\"elementor-widget-container\">\n\t\t\t\t\t<h1 class=\"elementor-heading-title elementor-size-default\">Kiteforce<\/h1>\t\t\t\t<\/div>\n\t\t\t\t<\/div>\n\t\t\t\t<div class=\"elementor-element elementor-element-c3ea5e1 elementor-widget elementor-widget-text-editor\" data-id=\"c3ea5e1\" data-element_type=\"widget\" data-e-type=\"widget\" data-widget_type=\"text-editor.default\">\n\t\t\t\t<div class=\"elementor-widget-container\">\n\t\t\t\t\t\t\t\t\t<p>Logo \/ Branding \/ Web development<\/p>\t\t\t\t\t\t\t\t<\/div>\n\t\t\t\t<\/div>\n\t\t\t\t<div class=\"elementor-element elementor-element-3721363 elementor-widget elementor-widget-spacer\" data-id=\"3721363\" data-element_type=\"widget\" data-e-type=\"widget\" data-widget_type=\"spacer.default\">\n\t\t\t\t<div class=\"elementor-widget-container\">\n\t\t\t\t\t\t\t<div class=\"elementor-spacer\">\n\t\t\t<div class=\"elementor-spacer-inner\"><\/div>\n\t\t<\/div>\n\t\t\t\t\t\t<\/div>\n\t\t\t\t<\/div>\n\t\t\t\t<section class=\"elementor-section elementor-inner-section elementor-element elementor-element-31cc43a elementor-section-content-middle elementor-section-boxed elementor-section-height-default elementor-section-height-default\" data-id=\"31cc43a\" data-element_type=\"section\" data-e-type=\"section\">\n\t\t\t\t\t\t<div class=\"elementor-container elementor-column-gap-default\">\n\t\t\t\t\t<div class=\"elementor-column elementor-col-100 elementor-inner-column elementor-element elementor-element-a95bf4a\" data-id=\"a95bf4a\" data-element_type=\"column\" data-e-type=\"column\">\n\t\t\t<div class=\"elementor-widget-wrap elementor-element-populated\">\n\t\t\t\t\t\t<div class=\"elementor-element elementor-element-7655385 elementor-widget elementor-widget-image\" data-id=\"7655385\" data-element_type=\"widget\" data-e-type=\"widget\" data-widget_type=\"image.default\">\n\t\t\t\t<div class=\"elementor-widget-container\">\n\t\t\t\t\t\t\t\t\t\t\t\t\t\t\t<img decoding=\"async\" width=\"1\" height=\"1\" src=\"https:\/\/woop.design\/wp-content\/uploads\/2019\/11\/uvozovky_zacatek.svg\" class=\"attachment-full size-full wp-image-22\" alt=\"\" \/>\t\t\t\t\t\t\t\t\t\t\t\t\t\t\t<\/div>\n\t\t\t\t<\/div>\n\t\t\t\t<div class=\"elementor-element elementor-element-f1fb812 elementor-widget elementor-widget-text-editor\" data-id=\"f1fb812\" data-element_type=\"widget\" data-e-type=\"widget\" data-widget_type=\"text-editor.default\">\n\t\t\t\t<div class=\"elementor-widget-container\">\n\t\t\t\t\t\t\t\t\t<p>V Kiteforce jsou prof\u00edci a nad\u0161enci do kitingu. Vytvo\u0159ili jsme jim logo a identitu, kter\u00e9 vych\u00e1z\u00ed z vizu\u00e1ln\u00ed kultury prvn\u00edch surfa\u0159sk\u00fdch ru\u010dn\u011b malovan\u00fdch design\u016f. Logo z\u00e1rove\u0148 odkazuje k leteck\u00fdm ozbrojen\u00fdm sil\u00e1m, kter\u00e9 inspirovaly i n\u00e1zev Kiteforce.<\/p>\t\t\t\t\t\t\t\t<\/div>\n\t\t\t\t<\/div>\n\t\t\t\t<div class=\"elementor-element elementor-element-8268268 elementor-widget elementor-widget-image\" data-id=\"8268268\" data-element_type=\"widget\" data-e-type=\"widget\" data-widget_type=\"image.default\">\n\t\t\t\t<div class=\"elementor-widget-container\">\n\t\t\t\t\t\t\t\t\t\t\t\t\t\t\t<img loading=\"lazy\" decoding=\"async\" width=\"1\" height=\"1\" src=\"https:\/\/woop.design\/wp-content\/uploads\/2019\/11\/uvozovky_konec.svg\" class=\"attachment-full size-full wp-image-23\" alt=\"\" \/>\t\t\t\t\t\t\t\t\t\t\t\t\t\t\t<\/div>\n\t\t\t\t<\/div>\n\t\t\t\t\t<\/div>\n\t\t<\/div>\n\t\t\t\t\t<\/div>\n\t\t<\/section>\n\t\t\t\t<div class=\"elementor-element elementor-element-71be271 elementor-widget elementor-widget-spacer\" data-id=\"71be271\" data-element_type=\"widget\" data-e-type=\"widget\" data-widget_type=\"spacer.default\">\n\t\t\t\t<div class=\"elementor-widget-container\">\n\t\t\t\t\t\t\t<div class=\"elementor-spacer\">\n\t\t\t<div class=\"elementor-spacer-inner\"><\/div>\n\t\t<\/div>\n\t\t\t\t\t\t<\/div>\n\t\t\t\t<\/div>\n\t\t\t\t<div class=\"elementor-element elementor-element-9749a8a elementor-hidden-tablet elementor-hidden-phone elementor-widget elementor-widget-image\" data-id=\"9749a8a\" data-element_type=\"widget\" data-e-type=\"widget\" data-widget_type=\"image.default\">\n\t\t\t\t<div class=\"elementor-widget-container\">\n\t\t\t\t\t\t\t\t\t\t\t\t\t\t\t<img loading=\"lazy\" decoding=\"async\" width=\"1017\" height=\"595\" src=\"https:\/\/woop.design\/wp-content\/uploads\/2019\/12\/KF_02.png\" class=\"attachment-full size-full wp-image-322\" alt=\"\" srcset=\"https:\/\/woop.design\/wp-content\/uploads\/2019\/12\/KF_02.png 1017w, https:\/\/woop.design\/wp-content\/uploads\/2019\/12\/KF_02-300x176.png 300w, https:\/\/woop.design\/wp-content\/uploads\/2019\/12\/KF_02-768x449.png 768w, https:\/\/woop.design\/wp-content\/uploads\/2019\/12\/KF_02-18x12.png 18w\" sizes=\"(max-width: 1017px) 100vw, 1017px\" \/>\t\t\t\t\t\t\t\t\t\t\t\t\t\t\t<\/div>\n\t\t\t\t<\/div>\n\t\t\t\t<div class=\"elementor-element elementor-element-01140ac elementor-hidden-desktop elementor-widget elementor-widget-image\" data-id=\"01140ac\" data-element_type=\"widget\" data-e-type=\"widget\" data-widget_type=\"image.default\">\n\t\t\t\t<div class=\"elementor-widget-container\">\n\t\t\t\t\t\t\t\t\t\t\t\t\t\t\t<img loading=\"lazy\" decoding=\"async\" width=\"764\" height=\"520\" src=\"https:\/\/woop.design\/wp-content\/uploads\/2019\/12\/KF_02_Respons.png\" class=\"attachment-full size-full wp-image-323\" alt=\"\" srcset=\"https:\/\/woop.design\/wp-content\/uploads\/2019\/12\/KF_02_Respons.png 764w, https:\/\/woop.design\/wp-content\/uploads\/2019\/12\/KF_02_Respons-300x204.png 300w, https:\/\/woop.design\/wp-content\/uploads\/2019\/12\/KF_02_Respons-18x12.png 18w\" sizes=\"(max-width: 764px) 100vw, 764px\" \/>\t\t\t\t\t\t\t\t\t\t\t\t\t\t\t<\/div>\n\t\t\t\t<\/div>\n\t\t\t\t<div class=\"elementor-element elementor-element-a3ceaf3 elementor-widget elementor-widget-spacer\" data-id=\"a3ceaf3\" data-element_type=\"widget\" data-e-type=\"widget\" data-widget_type=\"spacer.default\">\n\t\t\t\t<div class=\"elementor-widget-container\">\n\t\t\t\t\t\t\t<div class=\"elementor-spacer\">\n\t\t\t<div class=\"elementor-spacer-inner\"><\/div>\n\t\t<\/div>\n\t\t\t\t\t\t<\/div>\n\t\t\t\t<\/div>\n\t\t\t\t<section class=\"elementor-section elementor-inner-section elementor-element elementor-element-dfe924d elementor-section-content-middle elementor-section-boxed elementor-section-height-default elementor-section-height-default\" data-id=\"dfe924d\" data-element_type=\"section\" data-e-type=\"section\">\n\t\t\t\t\t\t<div class=\"elementor-container elementor-column-gap-default\">\n\t\t\t\t\t<div class=\"elementor-column elementor-col-100 elementor-inner-column elementor-element elementor-element-b3e0d8a\" data-id=\"b3e0d8a\" data-element_type=\"column\" data-e-type=\"column\">\n\t\t\t<div class=\"elementor-widget-wrap elementor-element-populated\">\n\t\t\t\t\t\t<div class=\"elementor-element elementor-element-f03cd53 elementor-widget elementor-widget-image\" data-id=\"f03cd53\" data-element_type=\"widget\" data-e-type=\"widget\" data-widget_type=\"image.default\">\n\t\t\t\t<div class=\"elementor-widget-container\">\n\t\t\t\t\t\t\t\t\t\t\t\t\t\t\t<img decoding=\"async\" width=\"1\" height=\"1\" src=\"https:\/\/woop.design\/wp-content\/uploads\/2019\/11\/uvozovky_zacatek.svg\" class=\"attachment-full size-full wp-image-22\" alt=\"\" \/>\t\t\t\t\t\t\t\t\t\t\t\t\t\t\t<\/div>\n\t\t\t\t<\/div>\n\t\t\t\t<div class=\"elementor-element elementor-element-609aa24 elementor-widget elementor-widget-text-editor\" data-id=\"609aa24\" data-element_type=\"widget\" data-e-type=\"widget\" data-widget_type=\"text-editor.default\">\n\t\t\t\t<div class=\"elementor-widget-container\">\n\t\t\t\t\t\t\t\t\t<p>Web Kiteforce jsme pojali syrov\u011b. Charakter Kiteforce je definov\u00e1n oddanost\u00ed sportu, a proto nesm\u00ed b\u00fdt komer\u010dn\u00ed \u010d\u00e1st webu pod\u00e1na podb\u00edziv\u011b.<\/p>\t\t\t\t\t\t\t\t<\/div>\n\t\t\t\t<\/div>\n\t\t\t\t<div class=\"elementor-element elementor-element-248c376 elementor-widget elementor-widget-image\" data-id=\"248c376\" data-element_type=\"widget\" data-e-type=\"widget\" data-widget_type=\"image.default\">\n\t\t\t\t<div class=\"elementor-widget-container\">\n\t\t\t\t\t\t\t\t\t\t\t\t\t\t\t<img loading=\"lazy\" decoding=\"async\" width=\"1\" height=\"1\" src=\"https:\/\/woop.design\/wp-content\/uploads\/2019\/11\/uvozovky_konec.svg\" class=\"attachment-full size-full wp-image-23\" alt=\"\" \/>\t\t\t\t\t\t\t\t\t\t\t\t\t\t\t<\/div>\n\t\t\t\t<\/div>\n\t\t\t\t\t<\/div>\n\t\t<\/div>\n\t\t\t\t\t<\/div>\n\t\t<\/section>\n\t\t\t\t<div class=\"elementor-element elementor-element-e181c21 elementor-widget elementor-widget-spacer\" data-id=\"e181c21\" data-element_type=\"widget\" data-e-type=\"widget\" data-widget_type=\"spacer.default\">\n\t\t\t\t<div class=\"elementor-widget-container\">\n\t\t\t\t\t\t\t<div class=\"elementor-spacer\">\n\t\t\t<div class=\"elementor-spacer-inner\"><\/div>\n\t\t<\/div>\n\t\t\t\t\t\t<\/div>\n\t\t\t\t<\/div>\n\t\t\t\t<div class=\"elementor-element elementor-element-192910a elementor-widget elementor-widget-image\" data-id=\"192910a\" data-element_type=\"widget\" data-e-type=\"widget\" data-widget_type=\"image.default\">\n\t\t\t\t<div class=\"elementor-widget-container\">\n\t\t\t\t\t\t\t\t\t\t\t\t\t\t\t<img loading=\"lazy\" decoding=\"async\" width=\"718\" height=\"1024\" src=\"https:\/\/woop.design\/wp-content\/uploads\/2019\/12\/KF_03-718x1024.png\" class=\"attachment-large size-large wp-image-324\" alt=\"\" srcset=\"https:\/\/woop.design\/wp-content\/uploads\/2019\/12\/KF_03-718x1024.png 718w, https:\/\/woop.design\/wp-content\/uploads\/2019\/12\/KF_03-210x300.png 210w, https:\/\/woop.design\/wp-content\/uploads\/2019\/12\/KF_03-768x1095.png 768w, https:\/\/woop.design\/wp-content\/uploads\/2019\/12\/KF_03-8x12.png 8w, https:\/\/woop.design\/wp-content\/uploads\/2019\/12\/KF_03.png 932w\" sizes=\"(max-width: 718px) 100vw, 718px\" \/>\t\t\t\t\t\t\t\t\t\t\t\t\t\t\t<\/div>\n\t\t\t\t<\/div>\n\t\t\t\t<div class=\"elementor-element elementor-element-ccfdd23 elementor-widget elementor-widget-text-editor\" data-id=\"ccfdd23\" data-element_type=\"widget\" data-e-type=\"widget\" data-widget_type=\"text-editor.default\">\n\t\t\t\t<div class=\"elementor-widget-container\">\n\t\t\t\t\t\t\t\t\t<p>Website of the project: <a href=\"https:\/\/kiteforce.cz\/\" target=\"_blank\" rel=\"noopener\">kiteforce.cz<\/a><\/p>\t\t\t\t\t\t\t\t<\/div>\n\t\t\t\t<\/div>\n\t\t\t\t<div class=\"elementor-element elementor-element-b6749c0 elementor-widget elementor-widget-spacer\" data-id=\"b6749c0\" data-element_type=\"widget\" data-e-type=\"widget\" data-widget_type=\"spacer.default\">\n\t\t\t\t<div class=\"elementor-widget-container\">\n\t\t\t\t\t\t\t<div class=\"elementor-spacer\">\n\t\t\t<div class=\"elementor-spacer-inner\"><\/div>\n\t\t<\/div>\n\t\t\t\t\t\t<\/div>\n\t\t\t\t<\/div>\n\t\t\t\t\t<\/div>\n\t\t<\/div>\n\t\t\t\t\t<\/div>\n\t\t<\/section>\n\t\t\t\t<\/div>","protected":false},"excerpt":{"rendered":"<p>Kiteforce Logo \/ Branding \/ Web V Kiteforce jsou prof\u00edci a nad\u0161enci do kitingu. Vytvo\u0159ili jsme jim logo a identitu, kter\u00e9 vych\u00e1z\u00ed z vizu\u00e1ln\u00ed kultury prvn\u00edch surfa\u0159sk\u00fdch ru\u010dn\u011b malovan\u00fdch design\u016f. Logo z\u00e1rove\u0148 odkazuje k leteck\u00fdm ozbrojen\u00fdm sil\u00e1m, kter\u00e9 inspirovaly i n\u00e1zev Kiteforce. Web Kiteforce jsme pojali syrov\u011b. Charakter Kiteforce je definov\u00e1n oddanost\u00ed sportu, a proto [&hellip;]<\/p>\n","protected":false},"author":1,"featured_media":0,"parent":147,"menu_order":0,"comment_status":"closed","ping_status":"closed","template":"","meta":{"inline_featured_image":false,"footnotes":""},"class_list":["post-317","page","type-page","status-publish","hentry"],"_links":{"self":[{"href":"https:\/\/woop.design\/en\/wp-json\/wp\/v2\/pages\/317","targetHints":{"allow":["GET"]}}],"collection":[{"href":"https:\/\/woop.design\/en\/wp-json\/wp\/v2\/pages"}],"about":[{"href":"https:\/\/woop.design\/en\/wp-json\/wp\/v2\/types\/page"}],"author":[{"embeddable":true,"href":"https:\/\/woop.design\/en\/wp-json\/wp\/v2\/users\/1"}],"replies":[{"embeddable":true,"href":"https:\/\/woop.design\/en\/wp-json\/wp\/v2\/comments?post=317"}],"version-history":[{"count":10,"href":"https:\/\/woop.design\/en\/wp-json\/wp\/v2\/pages\/317\/revisions"}],"predecessor-version":[{"id":869,"href":"https:\/\/woop.design\/en\/wp-json\/wp\/v2\/pages\/317\/revisions\/869"}],"up":[{"embeddable":true,"href":"https:\/\/woop.design\/en\/wp-json\/wp\/v2\/pages\/147"}],"wp:attachment":[{"href":"https:\/\/woop.design\/en\/wp-json\/wp\/v2\/media?parent=317"}],"curies":[{"name":"wp","href":"https:\/\/api.w.org\/{rel}","templated":true}]}}