{"id":3,"date":"2019-11-08T23:05:20","date_gmt":"2019-11-08T22:05:20","guid":{"rendered":"http:\/\/woop.woop.design\/?page_id=3"},"modified":"2022-03-14T08:46:49","modified_gmt":"2022-03-14T07:46:49","slug":"ochrana-osobnich-udaju","status":"publish","type":"page","link":"https:\/\/woop.design\/en\/ochrana-osobnich-udaju\/","title":{"rendered":"Privacy Policy"},"content":{"rendered":"<div data-elementor-type=\"wp-page\" data-elementor-id=\"3\" class=\"elementor elementor-3\" data-elementor-post-type=\"page\">\n\t\t\t\t\t\t<section class=\"elementor-section elementor-top-section elementor-element elementor-element-5af10d87 elementor-section-boxed elementor-section-height-default elementor-section-height-default\" data-id=\"5af10d87\" data-element_type=\"section\" data-e-type=\"section\">\n\t\t\t\t\t\t<div class=\"elementor-container elementor-column-gap-default\">\n\t\t\t\t\t<div class=\"elementor-column elementor-col-100 elementor-top-column elementor-element elementor-element-323c73e2\" data-id=\"323c73e2\" data-element_type=\"column\" data-e-type=\"column\">\n\t\t\t<div class=\"elementor-widget-wrap elementor-element-populated\">\n\t\t\t\t\t\t<div class=\"elementor-element elementor-element-96995c9 elementor-widget elementor-widget-image\" data-id=\"96995c9\" data-element_type=\"widget\" data-e-type=\"widget\" data-widget_type=\"image.default\">\n\t\t\t\t<div class=\"elementor-widget-container\">\n\t\t\t\t\t\t\t\t\t\t\t\t\t\t\t<img decoding=\"async\" width=\"1\" height=\"1\" src=\"https:\/\/woop.design\/wp-content\/uploads\/2019\/11\/Icon_Logo_Design_Logotyp.svg\" class=\"attachment-full size-full wp-image-40\" alt=\"\" \/>\t\t\t\t\t\t\t\t\t\t\t\t\t\t\t<\/div>\n\t\t\t\t<\/div>\n\t\t\t\t<div class=\"elementor-element elementor-element-fdaddc0 elementor-widget elementor-widget-heading\" data-id=\"fdaddc0\" data-element_type=\"widget\" data-e-type=\"widget\" data-widget_type=\"heading.default\">\n\t\t\t\t<div class=\"elementor-widget-container\">\n\t\t\t\t\t<h1 class=\"elementor-heading-title elementor-size-default\">Privacy Policy<\/h1>\t\t\t\t<\/div>\n\t\t\t\t<\/div>\n\t\t\t\t<div class=\"elementor-element elementor-element-26dd69ee elementor-widget elementor-widget-text-editor\" data-id=\"26dd69ee\" data-element_type=\"widget\" data-e-type=\"widget\" data-widget_type=\"text-editor.default\">\n\t\t\t\t<div class=\"elementor-widget-container\">\n\t\t\t\t\t\t\t\t\t\n<p>Z\u00e1sady jsou platn\u00e9 od: 1. 1. 2022<\/p>\n\n<h2 class=\"wp-block-heading\">Kdo jsme<\/h2>\n\n<p>\u00a0<\/p>\n\n<figure class=\"wp-block-table is-style-stripes\">\n<table>\n<tbody>\n<tr>\n<td>N\u00e1zev (jm\u00e9no)<\/td>\n<td>WOOP Design Studio s.r.o.<\/td>\n<\/tr>\n<tr>\n<td>Adresa s\u00eddla<\/td>\n<td>Veleslav\u00ednova 339\/16, 301 00 Plze\u0148, \u010cesk\u00e1 republika<\/td>\n<\/tr>\n<tr>\n<td>Identifika\u010dn\u00ed \u010d\u00edslo<\/td>\n<td>07885687<\/td>\n<\/tr>\n<tr>\n<td>Webov\u00e9 str\u00e1nky<\/td>\n<td>https:\/\/woop.design\/<\/td>\n<\/tr>\n<tr>\n<td>Telefonn\u00ed \u010d\u00edslo<\/td>\n<td>+420 605 959 999<\/td>\n<\/tr>\n<tr>\n<td>E-mail<\/td>\n<td>info@woop.design<\/td>\n<\/tr>\n<\/tbody>\n<\/table>\n<\/figure>\n\n<p>\u00a0<\/p>\n\n<h2 class=\"wp-block-heading\">Jak\u00e9 jsou \u00fa\u010dely zpracov\u00e1n\u00ed osobn\u00edch \u00fadaj\u016f?<\/h2>\n\n<p>Hlavn\u00edm d\u016fvodem pro zpracov\u00e1n\u00ed osobn\u00edch \u00fadaj\u016f je poskytov\u00e1n\u00ed na\u0161ich produkt\u016f a slu\u017eeb.<br \/>Zab\u00fdv\u00e1me se touto \u010dinnost\u00ed: grafick\u00e9 slu\u017eby, marketingov\u00e9 slu\u017eby, tvorba, spr\u00e1va a provoz web\u016f a e-shop\u016f.<\/p>\n\n<p>Konkr\u00e9tn\u00ed \u00fa\u010dely zpracov\u00e1n\u00ed:<\/p>\n\n<ul class=\"wp-block-list\">\n<li>Poskytov\u00e1n\u00ed slu\u017eby, prodej zbo\u017e\u00ed<\/li>\n<li>V\u00fdzkum, v\u00fdvoj, zlep\u0161ov\u00e1n\u00ed produkt\u016f a slu\u017eeb<\/li>\n<li>P\u0159\u00edm\u00fd marketing na klienty<\/li>\n<li>Odes\u00edl\u00e1n\u00ed personalizovan\u00fdch marketingov\u00fdch zpr\u00e1v a dotazn\u00edk\u016f spokojenosti na webov\u00fdch str\u00e1nk\u00e1ch\u00a0 \u010di obchodu.<\/li>\n<li>Nep\u0159\u00edm\u00fd marketing<\/li>\n<li>Intern\u00ed obchodn\u00ed a administrativn\u00ed funkce<\/li>\n<li>Veden\u00ed klientsk\u00fdch \u00fa\u010dt\u016f<\/li>\n<\/ul>\n\n<h2 class=\"wp-block-heading\">Jak\u00e9 jsou pr\u00e1vn\u00ed z\u00e1klady zpracov\u00e1n\u00ed?<\/h2>\n\n<p>Zpracov\u00e1n\u00ed osobn\u00edch \u00fadaj\u016f v r\u00e1mci \u00fa\u010del\u016f uveden\u00fdch v\u00fd\u0161e prob\u00edh\u00e1 na z\u00e1klad\u011b t\u011bchto pr\u00e1vn\u00edch titul\u016f:<\/p>\n\n<ul class=\"wp-block-list\">\n<li>Uzav\u0159en\u00ed nebo pln\u011bn\u00ed smlouvy<\/li>\n<li>Pln\u011bn\u00ed pr\u00e1vn\u00ed povinnosti<\/li>\n<li>Opr\u00e1vn\u011bn\u00e9 z\u00e1jmy spr\u00e1vce nebo t\u0159et\u00ed strany<\/li>\n<\/ul>\n\n<p>Pokud je n\u011bjak\u00e9 zpracov\u00e1n\u00ed zalo\u017een\u00e9 na va\u0161em souhlasu, v\u017edy je takov\u00fd souhlas dobrovoln\u00fd a svobodn\u00fd, a nebudeme v\u00e1s tud\u00ed\u017e \u017e\u00e1dn\u00fdm zp\u016fsobem nutit takov\u00fd souhlas ud\u011blit. Zpracov\u00e1n\u00ed bez va\u0161eho souhlasu nebudeme prov\u00e1d\u011bt. Souhlas m\u016f\u017eete kdykoli odvolat a my p\u0159estaneme se zpracov\u00e1n\u00edm, kter\u00e9 je na n\u011bm zalo\u017eeno. Odvol\u00e1n\u00ed souhlasu ale nem\u00e1 vliv na ji\u017e proveden\u00e9 zpracov\u00e1n\u00ed.<\/p>\n\n<p>Pokud je zpracov\u00e1n\u00ed zalo\u017een\u00e9 na opr\u00e1vn\u011bn\u00fdch z\u00e1jmech, m\u00e1te pr\u00e1vo proti takov\u00e9mu zpracov\u00e1n\u00ed podat n\u00e1mitku z d\u016fvod\u016f t\u00fdkaj\u00edc\u00edch se va\u0161\u00ed konkr\u00e9tn\u00ed situace. Na\u0161\u00ed povinnost\u00ed je zhodnotit, zda jsou na na\u0161\u00ed stran\u011b dostate\u010dn\u00e9 d\u016fvody pro pokra\u010dov\u00e1n\u00ed ve zpracov\u00e1n\u00ed, a informovat v\u00e1s o tom.<\/p>\n\n<h2 class=\"wp-block-heading\">Jak\u00e9 \u00fadaje zpracov\u00e1v\u00e1me?<\/h2>\n\n<p>Zpracov\u00e1v\u00e1me zejm\u00e9na \u00fadaje, kter\u00e9 pot\u0159ebujeme k nab\u00eddce a poskytov\u00e1n\u00ed na\u0161ich produkt\u016f nebo slu\u017eeb, dodr\u017een\u00ed pr\u00e1vn\u00edch povinnost\u00ed a ochranu va\u0161ich nebo na\u0161ich z\u00e1jm\u016f.<\/p>\n\n<p>Kategorie zpracov\u00e1van\u00fdch osobn\u00edch \u00fadaj\u016f:<\/p>\n\n<ul class=\"wp-block-list\">\n<li>Identifika\u010dn\u00ed \u00fadaje z\u00e1kladn\u00ed<\/li>\n<li>Kontaktn\u00ed \u00fadaje<\/li>\n<li>Sociodemografick\u00e9 \u00fadaje<\/li>\n<li>\u00dadaje t\u00fdkaj\u00edc\u00ed se informa\u010dn\u00edch a komunika\u010dn\u00edch technologi\u00ed<\/li>\n<li>Geoloka\u010dn\u00ed \u00fadaje<\/li>\n<li>\u00dadaje o chov\u00e1n\u00ed osob<\/li>\n<li>Unik\u00e1tn\u00ed identifik\u00e1tory<\/li>\n<\/ul>\n\n<p>Pokud nen\u00ed uvedeno jinak, jsou v\u00fd\u0161e uveden\u00e9 \u00fadaje nezbytn\u00e9 pro \u00fa\u010dely uveden\u00e9 v\u00fd\u0161e a bez jejich poskytnut\u00ed s n\u00e1mi nelze nav\u00e1zat smluvn\u00ed nebo jin\u00fd obdobn\u00fd vztah. Pokud by byly n\u011bkter\u00e9 \u00fadaje dobrovoln\u00e9, upozorn\u00edme v\u00e1s na to.<\/p>\n\n<h2 class=\"wp-block-heading\">Odkud \u00fadaje z\u00edsk\u00e1v\u00e1me?<\/h2>\n\n<p>Osobn\u00ed \u00fadaje z\u00edsk\u00e1v\u00e1me:<br \/>\u2022 P\u0159\u00edmo od subjekt\u016f \u00fadaj\u016f (z\u00e1kazn\u00edk\u016f, zam\u011bstnanc\u016f apod.)<br \/>\u2022 Z ve\u0159ejn\u011b dostupn\u00fdch zdroj\u016f (ve\u0159ejn\u00e9 rejst\u0159\u00edky, soci\u00e1ln\u00ed s\u00edt\u011b apod.)<br \/>\u2022 Komer\u010dn\u00ed rejst\u0159\u00edky a zdroje \u00fadaj\u016f (poskytovatel\u00e9 informa\u010dn\u00edch produkt\u016f a slu\u017eeb)<br \/>\u2022 Vlastn\u00ed \u010dinnost (intern\u00ed funkce, IT syst\u00e9my)<br \/>\u2022 Jin\u00e9 osoby (p\u0159\u00edbuzn\u00ed, osoby jednaj\u00edc\u00ed ve prosp\u011bch subjektu apod.)<\/p>\n\n<h2 class=\"wp-block-heading\">Jak s \u00fadaji pracujeme?<\/h2>\n\n<p>Zpracov\u00e1n\u00ed prov\u00e1d\u00edme manu\u00e1ln\u011b i automaticky pomoc\u00ed r\u016fzn\u00fdch aplikac\u00ed a softwaru, zejm. takov\u00fdch, kter\u00e9 n\u00e1m pom\u00e1haj\u00ed p\u0159i v\u00fdkonu na\u0161\u00ed \u010dinnosti a bez kter\u00fdch bychom prakticky nemohli na\u0161e slu\u017eby poskytovat.<\/p>\n\n<p>Automatizovan\u00e9 individu\u00e1ln\u00ed rozhodov\u00e1n\u00ed a profilov\u00e1n\u00ed<\/p>\n\n<p>Automatizovan\u00fdm individu\u00e1ln\u00edm rozhodov\u00e1n\u00edm je takov\u00e9 zpracov\u00e1n\u00ed \u00fadaj\u016f, kter\u00e9 m\u00e1 pro V\u00e1s podstatn\u00e9 d\u016fsledky (nap\u0159. neuzav\u0159en\u00ed smlouvy) a na kter\u00e9m se p\u0159\u00edmo nepod\u00edl\u00ed \u017e\u00e1dn\u00ed lid\u00e9. Vyu\u017e\u00edvaj\u00ed se k n\u011bmu tedy v\u00fdhradn\u011b automatick\u00e9 prost\u0159edky (aplikace, software, algoritmy apod.). Profilov\u00e1n\u00ed znamen\u00e1 automatizovan\u00e9 zpracov\u00e1n\u00ed \u00fadaj\u016f za \u00fa\u010delem zhodnocen\u00ed ur\u010dit\u00fdch osobn\u00edch aspekt\u016f \u010dlov\u011bka (pracovn\u00ed v\u00fdkony, ekonomick\u00e1 situace, zdrav\u00ed, chov\u00e1n\u00ed, preference nebo sledov\u00e1n\u00ed polohy).<\/p>\n\n<p>Automatizovan\u00e9 individu\u00e1ln\u00ed rozhodov\u00e1n\u00ed neprov\u00e1d\u00edme.<\/p>\n\n<p>V p\u0159\u00edpad\u011b, kdy by automatizovan\u00e9 rozhodov\u00e1n\u00ed pro v\u00e1s m\u011blo podstatn\u00e9 d\u016fsledky (nap\u0159. by vedlo k neuzav\u0159en\u00ed smlouvy, k zam\u00edtnut\u00ed v\u00fdplaty pln\u011bn\u00ed, zm\u011bn\u011b podm\u00ednek sjednan\u00e9 slu\u017eby apod.) m\u00e1te pr\u00e1vo nechat takov\u00e9 rozhodnut\u00ed p\u0159ezkoumat, vyj\u00e1d\u0159it se k n\u011bmu a p\u0159\u00edpadn\u011b ho napadnout.<\/p>\n\n<p>Profilov\u00e1n\u00ed neprov\u00e1d\u00edme.<\/p>\n\n<h2 class=\"wp-block-heading\">Komu m\u016f\u017eeme \u00fadaje p\u0159edat?<\/h2>\n\n<p>Osobn\u00ed \u00fadaje mohou zpracov\u00e1vat tito p\u0159\u00edjemci:<\/p>\n\n<ul class=\"wp-block-list\">\n<li>Smluvn\u00ed partne\u0159i zaji\u0161\u0165uj\u00edc\u00ed slu\u017eby a dod\u00e1vky nutn\u00e9 pro na\u0161i \u010dinnost<\/li>\n<li>Poskytovatel\u00e9 specializovan\u00fdch slu\u017eeb<\/li>\n<li>Poskytovatel\u00e9 analytiky a monitorov\u00e1n\u00ed webov\u00fdch str\u00e1nek nebo aplikac\u00ed<\/li>\n<li>Poskytovatel\u00e9 reklamn\u00edch slu\u017eeb na webu nebo v aplikaci (v\u010detn\u011b remarketingu)<\/li>\n<\/ul>\n\n<p>V p\u0159\u00edpad\u011b, kdy by se u n\u00e1s n\u011bco m\u011bnilo a p\u0159ev\u00e1d\u011bli jsme na\u0161i obchodn\u00ed nebo jinou \u010dinnost jako celek nebo i jej\u00ed \u010d\u00e1st na jinou osobu, pak by sou\u010d\u00e1st\u00ed takov\u00e9ho p\u0159evodu byly i osobn\u00ed \u00fadaje, kter\u00e9 se t\u00e9to \u010dinnosti t\u00fdkaj\u00ed. Stejn\u011b by to bylo i v p\u0159\u00edpad\u011b, \u017ee bychom byli v souladu s pr\u00e1vn\u00edmi p\u0159edpisy nuceni takov\u00e9 zm\u011bny ud\u011blat.<\/p>\n\n<p>Obdobn\u011b m\u016f\u017eeme b\u00fdt povinn\u00ed poskytnout n\u011bkter\u00e9 \u00fadaje na z\u00e1klad\u011b pr\u00e1vn\u00edch p\u0159edpis\u016f opr\u00e1vn\u011bn\u00fdm org\u00e1n\u016fm ve\u0159ejn\u00e9 moci nebo jin\u00fdm subjekt\u016fm ur\u010den\u00fdm z\u00e1vazn\u00fdmi pr\u00e1vn\u00edmi p\u0159edpisy.<\/p>\n\n<h2 class=\"wp-block-heading\">Kde mohou b\u00fdt va\u0161e \u00fadaje zpracov\u00e1v\u00e1ny?<\/h2>\n\n<p>Va\u0161e osobn\u00ed \u00fadaje mohou b\u00fdt p\u0159ed\u00e1v\u00e1ny ke zpracov\u00e1n\u00ed v r\u00e1mci EU a Evropsk\u00e9ho hospod\u00e1\u0159sk\u00e9ho prostoru. V souladu s pr\u00e1vn\u00edmi p\u0159edpisy m\u016f\u017eeme osobn\u00ed \u00fadaje p\u0159ed\u00e1vat i do zem\u00ed mimo EU\/EHP, to ale jen v p\u0159\u00edpad\u011b zaji\u0161t\u011bn\u00ed odpov\u00eddaj\u00edc\u00edho zabezpe\u010den\u00ed a dolo\u017een\u00ed z\u00e1ruk, \u017ee s nimi bude nakl\u00e1d\u00e1no v souladu s pr\u00e1vn\u00edmi p\u0159edpisy.<\/p>\n\n<p>Pro p\u0159ed\u00e1v\u00e1n\u00ed vyu\u017e\u00edv\u00e1me n\u00e1sleduj\u00edc\u00ed z\u00e1ruky:<\/p>\n\n<ul class=\"wp-block-list\">\n<li>Bezpe\u010dn\u00e1 zem\u011b podle rozhodnut\u00ed Evropsk\u00e9 komise o odpov\u00eddaj\u00edc\u00ed ochran\u011b<\/li>\n<li>Schv\u00e1len\u00fd mechanismus pro vyd\u00e1n\u00ed osv\u011bd\u010den\u00ed spolu se z\u00e1vazn\u00fdmi a vymahateln\u00fdmi z\u00e1vazky spr\u00e1vce nebo zpracovatele ve t\u0159et\u00ed zemi uplat\u0148ovat vhodn\u00e9 z\u00e1ruky<\/li>\n<\/ul>\n\n<h2 class=\"wp-block-heading\">Jak dlouho m\u00e1me \u00fadaje u sebe?<\/h2>\n\n<p>Osobn\u00ed \u00fadaje zpracov\u00e1v\u00e1me:<\/p>\n\n<ul class=\"wp-block-list\">\n<li>Po dobu pln\u011bn\u00ed smlouvy (poskytov\u00e1n\u00ed slu\u017eby, vy\u0159izov\u00e1n\u00ed objedn\u00e1vky, dod\u00e1n\u00ed zbo\u017e\u00ed)<\/li>\n<li>Po ukon\u010den\u00ed slu\u017eby nebo dod\u00e1n\u00ed zbo\u017e\u00ed z d\u016fvodu ochrany pr\u00e1v a legitimn\u00edch z\u00e1jm\u016f, zpravidla do uplynut\u00ed proml\u010dec\u00ed doby<\/li>\n<li>Po dobu, kterou n\u00e1m ukl\u00e1daj\u00ed pr\u00e1vn\u00ed p\u0159edpisy<\/li>\n<\/ul>\n\n<h2 class=\"wp-block-heading\">Jak\u00e1 jsou va\u0161e pr\u00e1va?<\/h2>\n\n<p>M\u016f\u017eete n\u00e1s po\u017e\u00e1dat o informace o zpracov\u00e1n\u00ed, o opravu nep\u0159esn\u00fdch \u00fadaj\u016f, o v\u00fdmaz \u00fadaj\u016f v p\u0159\u00edpad\u011b z\u00e1niku \u00fa\u010delu nebo neopr\u00e1vn\u011bn\u00e9ho zpracov\u00e1n\u00ed, m\u00e1te pr\u00e1vo na omezen\u00ed zpracov\u00e1n\u00ed, pr\u00e1vo na uplatn\u011bn\u00ed n\u00e1mitky proti zpracov\u00e1n\u00ed na z\u00e1klad\u011b opr\u00e1vn\u011bn\u00e9ho z\u00e1jmu, v\u010detn\u011b p\u0159\u00edm\u00e9ho marketingu, pr\u00e1vo na p\u0159\u00edstup k \u00fadaj\u016fm (kopii \u00fadaj\u016f) a p\u0159enositelnost a pr\u00e1vo podat st\u00ed\u017enost k dozorov\u00e9mu \u00fa\u0159adu (\u010desk\u00fd \u00da\u0159ad pro ochranu osobn\u00edch \u00fadaj\u016f, Pplk. Sochora 27, 170 00 Praha 7, www.uoou.cz) nebo na m\u00edstn\u00ed \u00fa\u0159ad ochrany osobn\u00edch \u00fadaj\u016f (sv\u016fj \u00fa\u0159ad naleznete zde: https:\/\/edpb.europa.eu\/about-edpb\/board\/members_en).<\/p>\n\n<p>Pokud od n\u00e1s dost\u00e1v\u00e1te obchodn\u00ed komunikaci, m\u00e1te v\u017edy mo\u017enost se z t\u00e9to komunikace odhl\u00e1sit, a to p\u0159es odkaz obsa\u017een\u00fd v ka\u017ed\u00e9 takov\u00e9 elektronick\u00e9 zpr\u00e1v\u011b nebo p\u0159\u00edmou \u017e\u00e1dost\u00ed zaslanou na na\u0161e kontaktn\u00ed m\u00edsta.<\/p>\n\n<p>Pokud jsou po\u017eadavky souvisej\u00edc\u00ed s uplatn\u011bn\u00edm va\u0161ich pr\u00e1v zjevn\u011b ned\u016fvodn\u00e9 nebo nep\u0159im\u011b\u0159en\u00e9 (zejm. pokud se opakuj\u00ed), m\u016f\u017eeme po\u017eadovat p\u0159im\u011b\u0159enou \u00fahradu nep\u0159evy\u0161uj\u00edc\u00ed n\u00e1klady nezbytn\u00e9 na vy\u0159\u00edzen\u00ed po\u017eadavku, nebo va\u0161i \u017e\u00e1dost odm\u00edtnout.<\/p>\n\n<p>Kontakty pro \u017e\u00e1dosti a dotazy t\u00fdkaj\u00edc\u00ed se osobn\u00edch \u00fadaj\u016f jsou uvedeny v hlavi\u010dce tohoto dokumentu.<\/p>\n\n<h2 class=\"wp-block-heading\">Jak\u00e1 bezpe\u010dnostn\u00ed opat\u0159en\u00ed uplat\u0148ujeme?<\/h2>\n\n<p>Za \u00fa\u010delem ochrany osobn\u00edch \u00fadaj\u016f jsme zavedli n\u00e1sleduj\u00edc\u00ed opat\u0159en\u00ed:<\/p>\n\n<ul class=\"wp-block-list\">\n<li>\u0160ifrov\u00e1n\u00ed, zabezpe\u010den\u00ed dat (zejm. citliv\u00fdch)<\/li>\n<li>\u0158\u00edzen\u00ed p\u0159\u00edstupov\u00fdch opr\u00e1vn\u011bn\u00ed, politika bezpe\u010dn\u00fdch hesel<\/li>\n<li>Zabezpe\u010den\u00ed za\u0159\u00edzen\u00ed, syst\u00e9m\u016f, s\u00edt\u011b, webov\u00fdch str\u00e1nek<\/li>\n<li>Detekce a prevence \u00fatok\u016f a incident\u016f<\/li>\n<li>Z\u00e1lohov\u00e1n\u00ed, pl\u00e1ny obnovy a krizov\u00e9ho \u0159\u00edzen\u00ed<\/li>\n<li>Aktualizace SW, patch management<\/li>\n<li>Fyzick\u00e1 bezpe\u010dnost<\/li>\n<\/ul>\n\t\t\t\t\t\t\t\t<\/div>\n\t\t\t\t<\/div>\n\t\t\t\t\t<\/div>\n\t\t<\/div>\n\t\t\t\t\t<\/div>\n\t\t<\/section>\n\t\t\t\t<\/div>","protected":false},"excerpt":{"rendered":"<p>Z\u00e1sady jsou platn\u00e9 od: 1. 1. 2022 Kdo jsme \u00a0 N\u00e1zev (jm\u00e9no) WOOP Design Studio s.r.o. Adresa s\u00eddla Veleslav\u00ednova 339\/16, 301 00 Plze\u0148, \u010cesk\u00e1 republika Identifika\u010dn\u00ed \u010d\u00edslo 07885687 Webov\u00e9 str\u00e1nky https:\/\/woop.design\/ Telefonn\u00ed \u010d\u00edslo +420 605 959 999 E-mail info@woop.design \u00a0 Jak\u00e9 jsou \u00fa\u010dely zpracov\u00e1n\u00ed osobn\u00edch \u00fadaj\u016f? Hlavn\u00edm d\u016fvodem pro zpracov\u00e1n\u00ed osobn\u00edch \u00fadaj\u016f je poskytov\u00e1n\u00ed na\u0161ich [&hellip;]<\/p>\n","protected":false},"author":1,"featured_media":0,"parent":0,"menu_order":0,"comment_status":"closed","ping_status":"closed","template":"","meta":{"inline_featured_image":false,"footnotes":""},"class_list":["post-3","page","type-page","status-publish","hentry"],"_links":{"self":[{"href":"https:\/\/woop.design\/en\/wp-json\/wp\/v2\/pages\/3","targetHints":{"allow":["GET"]}}],"collection":[{"href":"https:\/\/woop.design\/en\/wp-json\/wp\/v2\/pages"}],"about":[{"href":"https:\/\/woop.design\/en\/wp-json\/wp\/v2\/types\/page"}],"author":[{"embeddable":true,"href":"https:\/\/woop.design\/en\/wp-json\/wp\/v2\/users\/1"}],"replies":[{"embeddable":true,"href":"https:\/\/woop.design\/en\/wp-json\/wp\/v2\/comments?post=3"}],"version-history":[{"count":17,"href":"https:\/\/woop.design\/en\/wp-json\/wp\/v2\/pages\/3\/revisions"}],"predecessor-version":[{"id":778,"href":"https:\/\/woop.design\/en\/wp-json\/wp\/v2\/pages\/3\/revisions\/778"}],"wp:attachment":[{"href":"https:\/\/woop.design\/en\/wp-json\/wp\/v2\/media?parent=3"}],"curies":[{"name":"wp","href":"https:\/\/api.w.org\/{rel}","templated":true}]}}