{"id":284,"date":"2019-12-01T18:24:54","date_gmt":"2019-12-01T17:24:54","guid":{"rendered":"https:\/\/woop.design\/?page_id=284"},"modified":"2023-08-16T16:13:50","modified_gmt":"2023-08-16T14:13:50","slug":"befit-2","status":"publish","type":"page","link":"https:\/\/woop.design\/en\/nase-prace\/befit-2\/","title":{"rendered":"BeFit"},"content":{"rendered":"<div data-elementor-type=\"wp-page\" data-elementor-id=\"284\" class=\"elementor elementor-284\" data-elementor-post-type=\"page\">\n\t\t\t\t\t\t<section class=\"elementor-section elementor-top-section elementor-element elementor-element-a8623d2 elementor-section-full_width elementor-section-height-default elementor-section-height-default\" data-id=\"a8623d2\" data-element_type=\"section\" data-e-type=\"section\">\n\t\t\t\t\t\t<div class=\"elementor-container elementor-column-gap-no\">\n\t\t\t\t\t<div class=\"elementor-column elementor-col-100 elementor-top-column elementor-element elementor-element-270dfc2\" data-id=\"270dfc2\" data-element_type=\"column\" data-e-type=\"column\">\n\t\t\t<div class=\"elementor-widget-wrap elementor-element-populated\">\n\t\t\t\t\t\t<div class=\"elementor-element elementor-element-2005828 elementor-widget elementor-widget-spacer\" data-id=\"2005828\" data-element_type=\"widget\" data-e-type=\"widget\" data-widget_type=\"spacer.default\">\n\t\t\t\t<div class=\"elementor-widget-container\">\n\t\t\t\t\t\t\t<div class=\"elementor-spacer\">\n\t\t\t<div class=\"elementor-spacer-inner\"><\/div>\n\t\t<\/div>\n\t\t\t\t\t\t<\/div>\n\t\t\t\t<\/div>\n\t\t\t\t<div class=\"elementor-element elementor-element-0eb5a7f elementor-hidden-tablet elementor-hidden-phone elementor-widget elementor-widget-image\" data-id=\"0eb5a7f\" data-element_type=\"widget\" data-e-type=\"widget\" data-widget_type=\"image.default\">\n\t\t\t\t<div class=\"elementor-widget-container\">\n\t\t\t\t\t\t\t\t\t\t\t\t\t\t\t<img decoding=\"async\" width=\"1\" height=\"1\" src=\"https:\/\/woop.design\/wp-content\/uploads\/2019\/12\/Be_Fit_01.svg\" class=\"attachment-full size-full wp-image-289\" alt=\"\" \/>\t\t\t\t\t\t\t\t\t\t\t\t\t\t\t<\/div>\n\t\t\t\t<\/div>\n\t\t\t\t<div class=\"elementor-element elementor-element-30a6bf0 elementor-hidden-desktop elementor-widget elementor-widget-image\" data-id=\"30a6bf0\" data-element_type=\"widget\" data-e-type=\"widget\" data-widget_type=\"image.default\">\n\t\t\t\t<div class=\"elementor-widget-container\">\n\t\t\t\t\t\t\t\t\t\t\t\t\t\t\t<img decoding=\"async\" width=\"1\" height=\"1\" src=\"https:\/\/woop.design\/wp-content\/uploads\/2019\/12\/Be_Fit_01_Respons.svg\" class=\"attachment-full size-full wp-image-288\" alt=\"\" \/>\t\t\t\t\t\t\t\t\t\t\t\t\t\t\t<\/div>\n\t\t\t\t<\/div>\n\t\t\t\t<div class=\"elementor-element elementor-element-7b47170 elementor-widget elementor-widget-spacer\" data-id=\"7b47170\" data-element_type=\"widget\" data-e-type=\"widget\" data-widget_type=\"spacer.default\">\n\t\t\t\t<div class=\"elementor-widget-container\">\n\t\t\t\t\t\t\t<div class=\"elementor-spacer\">\n\t\t\t<div class=\"elementor-spacer-inner\"><\/div>\n\t\t<\/div>\n\t\t\t\t\t\t<\/div>\n\t\t\t\t<\/div>\n\t\t\t\t<div class=\"elementor-element elementor-element-2dd80c1 elementor-widget elementor-widget-heading\" data-id=\"2dd80c1\" data-element_type=\"widget\" data-e-type=\"widget\" data-widget_type=\"heading.default\">\n\t\t\t\t<div class=\"elementor-widget-container\">\n\t\t\t\t\t<h1 class=\"elementor-heading-title elementor-size-default\">BeFit<\/h1>\t\t\t\t<\/div>\n\t\t\t\t<\/div>\n\t\t\t\t<div class=\"elementor-element elementor-element-c3ea5e1 elementor-widget elementor-widget-text-editor\" data-id=\"c3ea5e1\" data-element_type=\"widget\" data-e-type=\"widget\" data-widget_type=\"text-editor.default\">\n\t\t\t\t<div class=\"elementor-widget-container\">\n\t\t\t\t\t\t\t\t\t<p>Logo \/ Branding \/ Web development<\/p>\t\t\t\t\t\t\t\t<\/div>\n\t\t\t\t<\/div>\n\t\t\t\t<div class=\"elementor-element elementor-element-3721363 elementor-widget elementor-widget-spacer\" data-id=\"3721363\" data-element_type=\"widget\" data-e-type=\"widget\" data-widget_type=\"spacer.default\">\n\t\t\t\t<div class=\"elementor-widget-container\">\n\t\t\t\t\t\t\t<div class=\"elementor-spacer\">\n\t\t\t<div class=\"elementor-spacer-inner\"><\/div>\n\t\t<\/div>\n\t\t\t\t\t\t<\/div>\n\t\t\t\t<\/div>\n\t\t\t\t<section class=\"elementor-section elementor-inner-section elementor-element elementor-element-31cc43a elementor-section-content-middle elementor-section-boxed elementor-section-height-default elementor-section-height-default\" data-id=\"31cc43a\" data-element_type=\"section\" data-e-type=\"section\">\n\t\t\t\t\t\t<div class=\"elementor-container elementor-column-gap-default\">\n\t\t\t\t\t<div class=\"elementor-column elementor-col-100 elementor-inner-column elementor-element elementor-element-a95bf4a\" data-id=\"a95bf4a\" data-element_type=\"column\" data-e-type=\"column\">\n\t\t\t<div class=\"elementor-widget-wrap elementor-element-populated\">\n\t\t\t\t\t\t<div class=\"elementor-element elementor-element-7655385 elementor-widget elementor-widget-image\" data-id=\"7655385\" data-element_type=\"widget\" data-e-type=\"widget\" data-widget_type=\"image.default\">\n\t\t\t\t<div class=\"elementor-widget-container\">\n\t\t\t\t\t\t\t\t\t\t\t\t\t\t\t<img decoding=\"async\" width=\"1\" height=\"1\" src=\"https:\/\/woop.design\/wp-content\/uploads\/2019\/11\/uvozovky_zacatek.svg\" class=\"attachment-full size-full wp-image-22\" alt=\"\" \/>\t\t\t\t\t\t\t\t\t\t\t\t\t\t\t<\/div>\n\t\t\t\t<\/div>\n\t\t\t\t<div class=\"elementor-element elementor-element-f1fb812 elementor-widget elementor-widget-text-editor\" data-id=\"f1fb812\" data-element_type=\"widget\" data-e-type=\"widget\" data-widget_type=\"text-editor.default\">\n\t\t\t\t<div class=\"elementor-widget-container\">\n\t\t\t\t\t\t\t\t\t<p>BeFit nen\u00ed jen fitko, BeFit je klub, kter\u00fd pot\u0159eboval unik\u00e1tn\u00ed identitu, se kterou se jeho \u010dlenov\u00e9 mohou ztoto\u017enit a b\u00fdt na ni hrd\u00ed. Vytvo\u0159ili jsme logo, kter\u00e9 je variabiln\u00ed, komunikuje modern\u011b pomoc\u00ed piktogram\u016f. Logo vypr\u00e1v\u00ed p\u0159\u00edb\u011bh, styl, se kter\u00fdm se lze identifikovat. \u0158\u00edk\u00e1 bu\u010f fit.<\/p>\t\t\t\t\t\t\t\t<\/div>\n\t\t\t\t<\/div>\n\t\t\t\t<div class=\"elementor-element elementor-element-8268268 elementor-widget elementor-widget-image\" data-id=\"8268268\" data-element_type=\"widget\" data-e-type=\"widget\" data-widget_type=\"image.default\">\n\t\t\t\t<div class=\"elementor-widget-container\">\n\t\t\t\t\t\t\t\t\t\t\t\t\t\t\t<img loading=\"lazy\" decoding=\"async\" width=\"1\" height=\"1\" src=\"https:\/\/woop.design\/wp-content\/uploads\/2019\/11\/uvozovky_konec.svg\" class=\"attachment-full size-full wp-image-23\" alt=\"\" \/>\t\t\t\t\t\t\t\t\t\t\t\t\t\t\t<\/div>\n\t\t\t\t<\/div>\n\t\t\t\t\t<\/div>\n\t\t<\/div>\n\t\t\t\t\t<\/div>\n\t\t<\/section>\n\t\t\t\t<div class=\"elementor-element elementor-element-71be271 elementor-widget elementor-widget-spacer\" data-id=\"71be271\" data-element_type=\"widget\" data-e-type=\"widget\" data-widget_type=\"spacer.default\">\n\t\t\t\t<div class=\"elementor-widget-container\">\n\t\t\t\t\t\t\t<div class=\"elementor-spacer\">\n\t\t\t<div class=\"elementor-spacer-inner\"><\/div>\n\t\t<\/div>\n\t\t\t\t\t\t<\/div>\n\t\t\t\t<\/div>\n\t\t\t\t<div class=\"elementor-element elementor-element-9749a8a elementor-widget elementor-widget-image\" data-id=\"9749a8a\" data-element_type=\"widget\" data-e-type=\"widget\" data-widget_type=\"image.default\">\n\t\t\t\t<div class=\"elementor-widget-container\">\n\t\t\t\t\t\t\t\t\t\t\t\t\t\t\t<img loading=\"lazy\" decoding=\"async\" width=\"1\" height=\"1\" src=\"https:\/\/woop.design\/wp-content\/uploads\/2019\/12\/Be_Fit_02.svg\" class=\"attachment-full size-full wp-image-287\" alt=\"\" \/>\t\t\t\t\t\t\t\t\t\t\t\t\t\t\t<\/div>\n\t\t\t\t<\/div>\n\t\t\t\t<div class=\"elementor-element elementor-element-a3ceaf3 elementor-widget elementor-widget-spacer\" data-id=\"a3ceaf3\" data-element_type=\"widget\" data-e-type=\"widget\" data-widget_type=\"spacer.default\">\n\t\t\t\t<div class=\"elementor-widget-container\">\n\t\t\t\t\t\t\t<div class=\"elementor-spacer\">\n\t\t\t<div class=\"elementor-spacer-inner\"><\/div>\n\t\t<\/div>\n\t\t\t\t\t\t<\/div>\n\t\t\t\t<\/div>\n\t\t\t\t<section class=\"elementor-section elementor-inner-section elementor-element elementor-element-dfe924d elementor-section-content-middle elementor-section-boxed elementor-section-height-default elementor-section-height-default\" data-id=\"dfe924d\" data-element_type=\"section\" data-e-type=\"section\">\n\t\t\t\t\t\t<div class=\"elementor-container elementor-column-gap-default\">\n\t\t\t\t\t<div class=\"elementor-column elementor-col-100 elementor-inner-column elementor-element elementor-element-b3e0d8a\" data-id=\"b3e0d8a\" data-element_type=\"column\" data-e-type=\"column\">\n\t\t\t<div class=\"elementor-widget-wrap elementor-element-populated\">\n\t\t\t\t\t\t<div class=\"elementor-element elementor-element-f03cd53 elementor-widget elementor-widget-image\" data-id=\"f03cd53\" data-element_type=\"widget\" data-e-type=\"widget\" data-widget_type=\"image.default\">\n\t\t\t\t<div class=\"elementor-widget-container\">\n\t\t\t\t\t\t\t\t\t\t\t\t\t\t\t<img decoding=\"async\" width=\"1\" height=\"1\" src=\"https:\/\/woop.design\/wp-content\/uploads\/2019\/11\/uvozovky_zacatek.svg\" class=\"attachment-full size-full wp-image-22\" alt=\"\" \/>\t\t\t\t\t\t\t\t\t\t\t\t\t\t\t<\/div>\n\t\t\t\t<\/div>\n\t\t\t\t<div class=\"elementor-element elementor-element-609aa24 elementor-widget elementor-widget-text-editor\" data-id=\"609aa24\" data-element_type=\"widget\" data-e-type=\"widget\" data-widget_type=\"text-editor.default\">\n\t\t\t\t<div class=\"elementor-widget-container\">\n\t\t\t\t\t\t\t\t\t<p>Webovky fitka vypr\u00e1v\u011bj\u00ed p\u0159\u00edb\u011bh \u017eivotn\u00edho stylu, jsou p\u0159ehledn\u00e9, ale vyza\u0159uj\u00ed unik\u00e1tn\u00ed styl. Komunikuj\u00ed piktogramy a ilustracemi.<\/p>\t\t\t\t\t\t\t\t<\/div>\n\t\t\t\t<\/div>\n\t\t\t\t<div class=\"elementor-element elementor-element-248c376 elementor-widget elementor-widget-image\" data-id=\"248c376\" data-element_type=\"widget\" data-e-type=\"widget\" data-widget_type=\"image.default\">\n\t\t\t\t<div class=\"elementor-widget-container\">\n\t\t\t\t\t\t\t\t\t\t\t\t\t\t\t<img loading=\"lazy\" decoding=\"async\" width=\"1\" height=\"1\" src=\"https:\/\/woop.design\/wp-content\/uploads\/2019\/11\/uvozovky_konec.svg\" class=\"attachment-full size-full wp-image-23\" alt=\"\" \/>\t\t\t\t\t\t\t\t\t\t\t\t\t\t\t<\/div>\n\t\t\t\t<\/div>\n\t\t\t\t\t<\/div>\n\t\t<\/div>\n\t\t\t\t\t<\/div>\n\t\t<\/section>\n\t\t\t\t<div class=\"elementor-element elementor-element-e181c21 elementor-widget elementor-widget-spacer\" data-id=\"e181c21\" data-element_type=\"widget\" data-e-type=\"widget\" data-widget_type=\"spacer.default\">\n\t\t\t\t<div class=\"elementor-widget-container\">\n\t\t\t\t\t\t\t<div class=\"elementor-spacer\">\n\t\t\t<div class=\"elementor-spacer-inner\"><\/div>\n\t\t<\/div>\n\t\t\t\t\t\t<\/div>\n\t\t\t\t<\/div>\n\t\t\t\t<div class=\"elementor-element elementor-element-5369ab8 elementor-widget elementor-widget-image\" data-id=\"5369ab8\" data-element_type=\"widget\" data-e-type=\"widget\" data-widget_type=\"image.default\">\n\t\t\t\t<div class=\"elementor-widget-container\">\n\t\t\t\t\t\t\t\t\t\t\t\t\t\t\t<img loading=\"lazy\" decoding=\"async\" width=\"800\" height=\"907\" src=\"https:\/\/woop.design\/wp-content\/uploads\/2019\/12\/Be_Fit_03.png\" class=\"attachment-large size-large wp-image-286\" alt=\"\" srcset=\"https:\/\/woop.design\/wp-content\/uploads\/2019\/12\/Be_Fit_03.png 857w, https:\/\/woop.design\/wp-content\/uploads\/2019\/12\/Be_Fit_03-265x300.png 265w, https:\/\/woop.design\/wp-content\/uploads\/2019\/12\/Be_Fit_03-768x871.png 768w, https:\/\/woop.design\/wp-content\/uploads\/2019\/12\/Be_Fit_03-11x12.png 11w\" sizes=\"(max-width: 800px) 100vw, 800px\" \/>\t\t\t\t\t\t\t\t\t\t\t\t\t\t\t<\/div>\n\t\t\t\t<\/div>\n\t\t\t\t<div class=\"elementor-element elementor-element-ccfdd23 elementor-widget elementor-widget-text-editor\" data-id=\"ccfdd23\" data-element_type=\"widget\" data-e-type=\"widget\" data-widget_type=\"text-editor.default\">\n\t\t\t\t<div class=\"elementor-widget-container\">\n\t\t\t\t\t\t\t\t\t<p>Website of the project: <a href=\"https:\/\/befitclub.cz\/\" target=\"_blank\" rel=\"noopener\">befitclub.cz<\/a><\/p>\t\t\t\t\t\t\t\t<\/div>\n\t\t\t\t<\/div>\n\t\t\t\t<div class=\"elementor-element elementor-element-b6749c0 elementor-widget elementor-widget-spacer\" data-id=\"b6749c0\" data-element_type=\"widget\" data-e-type=\"widget\" data-widget_type=\"spacer.default\">\n\t\t\t\t<div class=\"elementor-widget-container\">\n\t\t\t\t\t\t\t<div class=\"elementor-spacer\">\n\t\t\t<div class=\"elementor-spacer-inner\"><\/div>\n\t\t<\/div>\n\t\t\t\t\t\t<\/div>\n\t\t\t\t<\/div>\n\t\t\t\t\t<\/div>\n\t\t<\/div>\n\t\t\t\t\t<\/div>\n\t\t<\/section>\n\t\t\t\t<\/div>","protected":false},"excerpt":{"rendered":"<p>BeFit Logo \/ Branding \/ Web BeFit nen\u00ed jen fitko, BeFit je klub, kter\u00fd pot\u0159eboval unik\u00e1tn\u00ed identitu, se kterou se jeho \u010dlenov\u00e9 mohou ztoto\u017enit a b\u00fdt na ni hrd\u00ed. Vytvo\u0159ili jsme logo, kter\u00e9 je variabiln\u00ed, komunikuje modern\u011b pomoc\u00ed piktogram\u016f. Logo vypr\u00e1v\u00ed p\u0159\u00edb\u011bh, styl, se kter\u00fdm se lze identifikovat. \u0158\u00edk\u00e1 bu\u010f fit. Webovky fitka vypr\u00e1v\u011bj\u00ed p\u0159\u00edb\u011bh [&hellip;]<\/p>\n","protected":false},"author":1,"featured_media":0,"parent":147,"menu_order":0,"comment_status":"closed","ping_status":"closed","template":"","meta":{"inline_featured_image":false,"footnotes":""},"class_list":["post-284","page","type-page","status-publish","hentry"],"_links":{"self":[{"href":"https:\/\/woop.design\/en\/wp-json\/wp\/v2\/pages\/284","targetHints":{"allow":["GET"]}}],"collection":[{"href":"https:\/\/woop.design\/en\/wp-json\/wp\/v2\/pages"}],"about":[{"href":"https:\/\/woop.design\/en\/wp-json\/wp\/v2\/types\/page"}],"author":[{"embeddable":true,"href":"https:\/\/woop.design\/en\/wp-json\/wp\/v2\/users\/1"}],"replies":[{"embeddable":true,"href":"https:\/\/woop.design\/en\/wp-json\/wp\/v2\/comments?post=284"}],"version-history":[{"count":10,"href":"https:\/\/woop.design\/en\/wp-json\/wp\/v2\/pages\/284\/revisions"}],"predecessor-version":[{"id":866,"href":"https:\/\/woop.design\/en\/wp-json\/wp\/v2\/pages\/284\/revisions\/866"}],"up":[{"embeddable":true,"href":"https:\/\/woop.design\/en\/wp-json\/wp\/v2\/pages\/147"}],"wp:attachment":[{"href":"https:\/\/woop.design\/en\/wp-json\/wp\/v2\/media?parent=284"}],"curies":[{"name":"wp","href":"https:\/\/api.w.org\/{rel}","templated":true}]}}