{"id":276,"date":"2019-12-01T18:16:38","date_gmt":"2019-12-01T17:16:38","guid":{"rendered":"https:\/\/woop.design\/?page_id=276"},"modified":"2023-08-16T16:14:36","modified_gmt":"2023-08-16T14:14:36","slug":"mistrovstvi-cr-v-badmintonu","status":"publish","type":"page","link":"https:\/\/woop.design\/en\/nase-prace\/mistrovstvi-cr-v-badmintonu\/","title":{"rendered":"Mistrovstv\u00ed \u010cR v badmintonu"},"content":{"rendered":"<div data-elementor-type=\"wp-page\" data-elementor-id=\"276\" class=\"elementor elementor-276\" data-elementor-post-type=\"page\">\n\t\t\t\t\t\t<section class=\"elementor-section elementor-top-section elementor-element elementor-element-a8623d2 elementor-section-full_width elementor-section-height-default elementor-section-height-default\" data-id=\"a8623d2\" data-element_type=\"section\" data-e-type=\"section\">\n\t\t\t\t\t\t<div class=\"elementor-container elementor-column-gap-no\">\n\t\t\t\t\t<div class=\"elementor-column elementor-col-100 elementor-top-column elementor-element elementor-element-270dfc2\" data-id=\"270dfc2\" data-element_type=\"column\" data-e-type=\"column\">\n\t\t\t<div class=\"elementor-widget-wrap elementor-element-populated\">\n\t\t\t\t\t\t<div class=\"elementor-element elementor-element-0eb5a7f elementor-hidden-tablet elementor-hidden-phone elementor-widget elementor-widget-image\" data-id=\"0eb5a7f\" data-element_type=\"widget\" data-e-type=\"widget\" data-widget_type=\"image.default\">\n\t\t\t\t<div class=\"elementor-widget-container\">\n\t\t\t\t\t\t\t\t\t\t\t\t\t\t\t<img fetchpriority=\"high\" decoding=\"async\" width=\"1920\" height=\"559\" src=\"https:\/\/woop.design\/wp-content\/uploads\/2019\/12\/Badminton_01.jpg\" class=\"attachment-full size-full wp-image-280\" alt=\"\" srcset=\"https:\/\/woop.design\/wp-content\/uploads\/2019\/12\/Badminton_01.jpg 1920w, https:\/\/woop.design\/wp-content\/uploads\/2019\/12\/Badminton_01-300x87.jpg 300w, https:\/\/woop.design\/wp-content\/uploads\/2019\/12\/Badminton_01-1024x298.jpg 1024w, https:\/\/woop.design\/wp-content\/uploads\/2019\/12\/Badminton_01-768x224.jpg 768w, https:\/\/woop.design\/wp-content\/uploads\/2019\/12\/Badminton_01-1536x447.jpg 1536w, https:\/\/woop.design\/wp-content\/uploads\/2019\/12\/Badminton_01-18x5.jpg 18w\" sizes=\"(max-width: 1920px) 100vw, 1920px\" \/>\t\t\t\t\t\t\t\t\t\t\t\t\t\t\t<\/div>\n\t\t\t\t<\/div>\n\t\t\t\t<div class=\"elementor-element elementor-element-30a6bf0 elementor-hidden-desktop elementor-widget elementor-widget-image\" data-id=\"30a6bf0\" data-element_type=\"widget\" data-e-type=\"widget\" data-widget_type=\"image.default\">\n\t\t\t\t<div class=\"elementor-widget-container\">\n\t\t\t\t\t\t\t\t\t\t\t\t\t\t\t<img decoding=\"async\" width=\"1000\" height=\"700\" src=\"https:\/\/woop.design\/wp-content\/uploads\/2019\/12\/Badminton_01_Respons.jpg\" class=\"attachment-full size-full wp-image-279\" alt=\"\" srcset=\"https:\/\/woop.design\/wp-content\/uploads\/2019\/12\/Badminton_01_Respons.jpg 1000w, https:\/\/woop.design\/wp-content\/uploads\/2019\/12\/Badminton_01_Respons-300x210.jpg 300w, https:\/\/woop.design\/wp-content\/uploads\/2019\/12\/Badminton_01_Respons-768x538.jpg 768w, https:\/\/woop.design\/wp-content\/uploads\/2019\/12\/Badminton_01_Respons-18x12.jpg 18w\" sizes=\"(max-width: 1000px) 100vw, 1000px\" \/>\t\t\t\t\t\t\t\t\t\t\t\t\t\t\t<\/div>\n\t\t\t\t<\/div>\n\t\t\t\t<div class=\"elementor-element elementor-element-7b47170 elementor-widget elementor-widget-spacer\" data-id=\"7b47170\" data-element_type=\"widget\" data-e-type=\"widget\" data-widget_type=\"spacer.default\">\n\t\t\t\t<div class=\"elementor-widget-container\">\n\t\t\t\t\t\t\t<div class=\"elementor-spacer\">\n\t\t\t<div class=\"elementor-spacer-inner\"><\/div>\n\t\t<\/div>\n\t\t\t\t\t\t<\/div>\n\t\t\t\t<\/div>\n\t\t\t\t<div class=\"elementor-element elementor-element-2dd80c1 elementor-widget elementor-widget-heading\" data-id=\"2dd80c1\" data-element_type=\"widget\" data-e-type=\"widget\" data-widget_type=\"heading.default\">\n\t\t\t\t<div class=\"elementor-widget-container\">\n\t\t\t\t\t<h1 class=\"elementor-heading-title elementor-size-default\">Mistrovstv\u00ed \u010cR v badmintonu<\/h1>\t\t\t\t<\/div>\n\t\t\t\t<\/div>\n\t\t\t\t<div class=\"elementor-element elementor-element-c3ea5e1 elementor-widget elementor-widget-text-editor\" data-id=\"c3ea5e1\" data-element_type=\"widget\" data-e-type=\"widget\" data-widget_type=\"text-editor.default\">\n\t\t\t\t<div class=\"elementor-widget-container\">\n\t\t\t\t\t\t\t\t\t<p>Logo \/ Branding \/ Web \/ Typesetting \/ Marketing<\/p>\t\t\t\t\t\t\t\t<\/div>\n\t\t\t\t<\/div>\n\t\t\t\t<div class=\"elementor-element elementor-element-3721363 elementor-widget elementor-widget-spacer\" data-id=\"3721363\" data-element_type=\"widget\" data-e-type=\"widget\" data-widget_type=\"spacer.default\">\n\t\t\t\t<div class=\"elementor-widget-container\">\n\t\t\t\t\t\t\t<div class=\"elementor-spacer\">\n\t\t\t<div class=\"elementor-spacer-inner\"><\/div>\n\t\t<\/div>\n\t\t\t\t\t\t<\/div>\n\t\t\t\t<\/div>\n\t\t\t\t<section class=\"elementor-section elementor-inner-section elementor-element elementor-element-31cc43a elementor-section-content-middle elementor-section-boxed elementor-section-height-default elementor-section-height-default\" data-id=\"31cc43a\" data-element_type=\"section\" data-e-type=\"section\">\n\t\t\t\t\t\t<div class=\"elementor-container elementor-column-gap-default\">\n\t\t\t\t\t<div class=\"elementor-column elementor-col-100 elementor-inner-column elementor-element elementor-element-a95bf4a\" data-id=\"a95bf4a\" data-element_type=\"column\" data-e-type=\"column\">\n\t\t\t<div class=\"elementor-widget-wrap elementor-element-populated\">\n\t\t\t\t\t\t<div class=\"elementor-element elementor-element-7655385 elementor-widget elementor-widget-image\" data-id=\"7655385\" data-element_type=\"widget\" data-e-type=\"widget\" data-widget_type=\"image.default\">\n\t\t\t\t<div class=\"elementor-widget-container\">\n\t\t\t\t\t\t\t\t\t\t\t\t\t\t\t<img decoding=\"async\" width=\"1\" height=\"1\" src=\"https:\/\/woop.design\/wp-content\/uploads\/2019\/11\/uvozovky_zacatek.svg\" class=\"attachment-full size-full wp-image-22\" alt=\"\" \/>\t\t\t\t\t\t\t\t\t\t\t\t\t\t\t<\/div>\n\t\t\t\t<\/div>\n\t\t\t\t<div class=\"elementor-element elementor-element-f1fb812 elementor-widget elementor-widget-text-editor\" data-id=\"f1fb812\" data-element_type=\"widget\" data-e-type=\"widget\" data-widget_type=\"text-editor.default\">\n\t\t\t\t<div class=\"elementor-widget-container\">\n\t\t\t\t\t\t\t\t\t<p>Ro\u010dn\u00edk 2019 byl skute\u010dn\u011b rekordn\u00ed. Vizu\u00e1l a kampa\u0148 pro Mistrovstv\u00ed \u010cR v badmintonu p\u0159ivedla na z\u00e1pasy historicky nejv\u00edce div\u00e1k\u016f v cel\u00e9 \u010cR. Doufejme, \u017ee v roce 2020 tento rekord p\u0159ekon\u00e1me.<\/p>\t\t\t\t\t\t\t\t<\/div>\n\t\t\t\t<\/div>\n\t\t\t\t<div class=\"elementor-element elementor-element-8268268 elementor-widget elementor-widget-image\" data-id=\"8268268\" data-element_type=\"widget\" data-e-type=\"widget\" data-widget_type=\"image.default\">\n\t\t\t\t<div class=\"elementor-widget-container\">\n\t\t\t\t\t\t\t\t\t\t\t\t\t\t\t<img loading=\"lazy\" decoding=\"async\" width=\"1\" height=\"1\" src=\"https:\/\/woop.design\/wp-content\/uploads\/2019\/11\/uvozovky_konec.svg\" class=\"attachment-full size-full wp-image-23\" alt=\"\" \/>\t\t\t\t\t\t\t\t\t\t\t\t\t\t\t<\/div>\n\t\t\t\t<\/div>\n\t\t\t\t\t<\/div>\n\t\t<\/div>\n\t\t\t\t\t<\/div>\n\t\t<\/section>\n\t\t\t\t<div class=\"elementor-element elementor-element-71be271 elementor-widget elementor-widget-spacer\" data-id=\"71be271\" data-element_type=\"widget\" data-e-type=\"widget\" data-widget_type=\"spacer.default\">\n\t\t\t\t<div class=\"elementor-widget-container\">\n\t\t\t\t\t\t\t<div class=\"elementor-spacer\">\n\t\t\t<div class=\"elementor-spacer-inner\"><\/div>\n\t\t<\/div>\n\t\t\t\t\t\t<\/div>\n\t\t\t\t<\/div>\n\t\t\t\t<div class=\"elementor-element elementor-element-9749a8a elementor-widget elementor-widget-image\" data-id=\"9749a8a\" data-element_type=\"widget\" data-e-type=\"widget\" data-widget_type=\"image.default\">\n\t\t\t\t<div class=\"elementor-widget-container\">\n\t\t\t\t\t\t\t\t\t\t\t\t\t\t\t<img loading=\"lazy\" decoding=\"async\" width=\"1207\" height=\"883\" src=\"https:\/\/woop.design\/wp-content\/uploads\/2019\/12\/Badminton_02.png\" class=\"attachment-full size-full wp-image-278\" alt=\"\" srcset=\"https:\/\/woop.design\/wp-content\/uploads\/2019\/12\/Badminton_02.png 1207w, https:\/\/woop.design\/wp-content\/uploads\/2019\/12\/Badminton_02-300x219.png 300w, https:\/\/woop.design\/wp-content\/uploads\/2019\/12\/Badminton_02-1024x749.png 1024w, https:\/\/woop.design\/wp-content\/uploads\/2019\/12\/Badminton_02-768x562.png 768w, https:\/\/woop.design\/wp-content\/uploads\/2019\/12\/Badminton_02-16x12.png 16w\" sizes=\"(max-width: 1207px) 100vw, 1207px\" \/>\t\t\t\t\t\t\t\t\t\t\t\t\t\t\t<\/div>\n\t\t\t\t<\/div>\n\t\t\t\t<div class=\"elementor-element elementor-element-ccfdd23 elementor-widget elementor-widget-text-editor\" data-id=\"ccfdd23\" data-element_type=\"widget\" data-e-type=\"widget\" data-widget_type=\"text-editor.default\">\n\t\t\t\t<div class=\"elementor-widget-container\">\n\t\t\t\t\t\t\t\t\t<p>Website of the project: <a href=\"https:\/\/www.badminton-plzen.cz\/\" target=\"_blank\" rel=\"noopener\">www.badminton-plzen.cz<\/a><\/p>\t\t\t\t\t\t\t\t<\/div>\n\t\t\t\t<\/div>\n\t\t\t\t<div class=\"elementor-element elementor-element-b6749c0 elementor-widget elementor-widget-spacer\" data-id=\"b6749c0\" data-element_type=\"widget\" data-e-type=\"widget\" data-widget_type=\"spacer.default\">\n\t\t\t\t<div class=\"elementor-widget-container\">\n\t\t\t\t\t\t\t<div class=\"elementor-spacer\">\n\t\t\t<div class=\"elementor-spacer-inner\"><\/div>\n\t\t<\/div>\n\t\t\t\t\t\t<\/div>\n\t\t\t\t<\/div>\n\t\t\t\t<div class=\"elementor-element elementor-element-838f28b elementor-widget elementor-widget-spacer\" data-id=\"838f28b\" data-element_type=\"widget\" data-e-type=\"widget\" data-widget_type=\"spacer.default\">\n\t\t\t\t<div class=\"elementor-widget-container\">\n\t\t\t\t\t\t\t<div class=\"elementor-spacer\">\n\t\t\t<div class=\"elementor-spacer-inner\"><\/div>\n\t\t<\/div>\n\t\t\t\t\t\t<\/div>\n\t\t\t\t<\/div>\n\t\t\t\t\t<\/div>\n\t\t<\/div>\n\t\t\t\t\t<\/div>\n\t\t<\/section>\n\t\t\t\t<\/div>","protected":false},"excerpt":{"rendered":"<p>Mistrovstv\u00ed \u010cR v badmintonu Logo \/ Branding \/ Web \/ Sazba \/ Marketing Ro\u010dn\u00edk 2019 byl skute\u010dn\u011b rekordn\u00ed. Vizu\u00e1l a kampa\u0148 pro Mistrovstv\u00ed \u010cR v badmintonu p\u0159ivedla na z\u00e1pasy historicky nejv\u00edce div\u00e1k\u016f v cel\u00e9 \u010cR. Doufejme, \u017ee v roce 2020 tento rekord p\u0159ekon\u00e1me. Webov\u00e9 str\u00e1nky projektu: www.badminton-plzen.cz<\/p>","protected":false},"author":1,"featured_media":0,"parent":147,"menu_order":0,"comment_status":"closed","ping_status":"closed","template":"","meta":{"inline_featured_image":false,"footnotes":""},"class_list":["post-276","page","type-page","status-publish","hentry"],"_links":{"self":[{"href":"https:\/\/woop.design\/en\/wp-json\/wp\/v2\/pages\/276","targetHints":{"allow":["GET"]}}],"collection":[{"href":"https:\/\/woop.design\/en\/wp-json\/wp\/v2\/pages"}],"about":[{"href":"https:\/\/woop.design\/en\/wp-json\/wp\/v2\/types\/page"}],"author":[{"embeddable":true,"href":"https:\/\/woop.design\/en\/wp-json\/wp\/v2\/users\/1"}],"replies":[{"embeddable":true,"href":"https:\/\/woop.design\/en\/wp-json\/wp\/v2\/comments?post=276"}],"version-history":[{"count":10,"href":"https:\/\/woop.design\/en\/wp-json\/wp\/v2\/pages\/276\/revisions"}],"predecessor-version":[{"id":875,"href":"https:\/\/woop.design\/en\/wp-json\/wp\/v2\/pages\/276\/revisions\/875"}],"up":[{"embeddable":true,"href":"https:\/\/woop.design\/en\/wp-json\/wp\/v2\/pages\/147"}],"wp:attachment":[{"href":"https:\/\/woop.design\/en\/wp-json\/wp\/v2\/media?parent=276"}],"curies":[{"name":"wp","href":"https:\/\/api.w.org\/{rel}","templated":true}]}}