{"id":204,"date":"2019-11-12T21:58:20","date_gmt":"2019-11-12T20:58:20","guid":{"rendered":"http:\/\/woop.woop.design\/?page_id=204"},"modified":"2021-10-25T12:48:42","modified_gmt":"2021-10-25T10:48:42","slug":"svatebni-oznameni","status":"publish","type":"page","link":"https:\/\/woop.design\/en\/nase-prace\/svatebni-oznameni\/","title":{"rendered":"Visual Style for Wedding"},"content":{"rendered":"<div data-elementor-type=\"wp-page\" data-elementor-id=\"204\" class=\"elementor elementor-204\" data-elementor-post-type=\"page\">\n\t\t\t\t\t\t<section class=\"elementor-section elementor-top-section elementor-element elementor-element-a8623d2 elementor-section-full_width elementor-section-height-default elementor-section-height-default\" data-id=\"a8623d2\" data-element_type=\"section\" data-e-type=\"section\">\n\t\t\t\t\t\t<div class=\"elementor-container elementor-column-gap-no\">\n\t\t\t\t\t<div class=\"elementor-column elementor-col-100 elementor-top-column elementor-element elementor-element-270dfc2\" data-id=\"270dfc2\" data-element_type=\"column\" data-e-type=\"column\">\n\t\t\t<div class=\"elementor-widget-wrap elementor-element-populated\">\n\t\t\t\t\t\t<div class=\"elementor-element elementor-element-2005828 elementor-widget elementor-widget-spacer\" data-id=\"2005828\" data-element_type=\"widget\" data-e-type=\"widget\" data-widget_type=\"spacer.default\">\n\t\t\t\t<div class=\"elementor-widget-container\">\n\t\t\t\t\t\t\t<div class=\"elementor-spacer\">\n\t\t\t<div class=\"elementor-spacer-inner\"><\/div>\n\t\t<\/div>\n\t\t\t\t\t\t<\/div>\n\t\t\t\t<\/div>\n\t\t\t\t<div class=\"elementor-element elementor-element-0eb5a7f elementor-widget elementor-widget-image\" data-id=\"0eb5a7f\" data-element_type=\"widget\" data-e-type=\"widget\" data-widget_type=\"image.default\">\n\t\t\t\t<div class=\"elementor-widget-container\">\n\t\t\t\t\t\t\t\t\t\t\t\t\t\t\t<img fetchpriority=\"high\" decoding=\"async\" width=\"1436\" height=\"456\" src=\"https:\/\/woop.design\/wp-content\/uploads\/2019\/11\/Svatba_grafika.png\" class=\"attachment-full size-full wp-image-57\" alt=\"\" srcset=\"https:\/\/woop.design\/wp-content\/uploads\/2019\/11\/Svatba_grafika.png 1436w, https:\/\/woop.design\/wp-content\/uploads\/2019\/11\/Svatba_grafika-300x95.png 300w, https:\/\/woop.design\/wp-content\/uploads\/2019\/11\/Svatba_grafika-1024x325.png 1024w, https:\/\/woop.design\/wp-content\/uploads\/2019\/11\/Svatba_grafika-768x244.png 768w, https:\/\/woop.design\/wp-content\/uploads\/2019\/11\/Svatba_grafika-18x6.png 18w\" sizes=\"(max-width: 1436px) 100vw, 1436px\" \/>\t\t\t\t\t\t\t\t\t\t\t\t\t\t\t<\/div>\n\t\t\t\t<\/div>\n\t\t\t\t<div class=\"elementor-element elementor-element-7b47170 elementor-widget elementor-widget-spacer\" data-id=\"7b47170\" data-element_type=\"widget\" data-e-type=\"widget\" data-widget_type=\"spacer.default\">\n\t\t\t\t<div class=\"elementor-widget-container\">\n\t\t\t\t\t\t\t<div class=\"elementor-spacer\">\n\t\t\t<div class=\"elementor-spacer-inner\"><\/div>\n\t\t<\/div>\n\t\t\t\t\t\t<\/div>\n\t\t\t\t<\/div>\n\t\t\t\t<div class=\"elementor-element elementor-element-2dd80c1 elementor-widget elementor-widget-heading\" data-id=\"2dd80c1\" data-element_type=\"widget\" data-e-type=\"widget\" data-widget_type=\"heading.default\">\n\t\t\t\t<div class=\"elementor-widget-container\">\n\t\t\t\t\t<h1 class=\"elementor-heading-title elementor-size-default\">Visual Style for Wedding Ceremony<\/h1>\t\t\t\t<\/div>\n\t\t\t\t<\/div>\n\t\t\t\t<div class=\"elementor-element elementor-element-c3ea5e1 elementor-widget elementor-widget-text-editor\" data-id=\"c3ea5e1\" data-element_type=\"widget\" data-e-type=\"widget\" data-widget_type=\"text-editor.default\">\n\t\t\t\t<div class=\"elementor-widget-container\">\n\t\t\t\t\t\t\t\t\t<p>Typesetting \/ Illustration \/ Graphic Design<\/p>\t\t\t\t\t\t\t\t<\/div>\n\t\t\t\t<\/div>\n\t\t\t\t<div class=\"elementor-element elementor-element-3721363 elementor-widget elementor-widget-spacer\" data-id=\"3721363\" data-element_type=\"widget\" data-e-type=\"widget\" data-widget_type=\"spacer.default\">\n\t\t\t\t<div class=\"elementor-widget-container\">\n\t\t\t\t\t\t\t<div class=\"elementor-spacer\">\n\t\t\t<div class=\"elementor-spacer-inner\"><\/div>\n\t\t<\/div>\n\t\t\t\t\t\t<\/div>\n\t\t\t\t<\/div>\n\t\t\t\t<section class=\"elementor-section elementor-inner-section elementor-element elementor-element-31cc43a elementor-section-content-middle elementor-section-boxed elementor-section-height-default elementor-section-height-default\" data-id=\"31cc43a\" data-element_type=\"section\" data-e-type=\"section\">\n\t\t\t\t\t\t<div class=\"elementor-container elementor-column-gap-default\">\n\t\t\t\t\t<div class=\"elementor-column elementor-col-100 elementor-inner-column elementor-element elementor-element-a95bf4a\" data-id=\"a95bf4a\" data-element_type=\"column\" data-e-type=\"column\">\n\t\t\t<div class=\"elementor-widget-wrap elementor-element-populated\">\n\t\t\t\t\t\t<div class=\"elementor-element elementor-element-7655385 elementor-widget elementor-widget-image\" data-id=\"7655385\" data-element_type=\"widget\" data-e-type=\"widget\" data-widget_type=\"image.default\">\n\t\t\t\t<div class=\"elementor-widget-container\">\n\t\t\t\t\t\t\t\t\t\t\t\t\t\t\t<img decoding=\"async\" width=\"1\" height=\"1\" src=\"https:\/\/woop.design\/wp-content\/uploads\/2019\/11\/uvozovky_zacatek.svg\" class=\"attachment-full size-full wp-image-22\" alt=\"\" \/>\t\t\t\t\t\t\t\t\t\t\t\t\t\t\t<\/div>\n\t\t\t\t<\/div>\n\t\t\t\t<div class=\"elementor-element elementor-element-f1fb812 elementor-widget elementor-widget-text-editor\" data-id=\"f1fb812\" data-element_type=\"widget\" data-e-type=\"widget\" data-widget_type=\"text-editor.default\">\n\t\t\t\t<div class=\"elementor-widget-container\">\n\t\t\t\t\t\t\t\t\t<p>The wedding decoration was in combination of green, yellow and red to achieve the decent character of the printed materials, we chose the transition of these colors with reference to the traditional lithography technique. The theme of the tree was asked by newlyweds. Our benefit was the variation of the tree according to the event. Hearts and Birds for Ceremony and Baptism. Apples and snacks for a buffet. Lights for evening celebrations.<\/p>\t\t\t\t\t\t\t\t<\/div>\n\t\t\t\t<\/div>\n\t\t\t\t\t<\/div>\n\t\t<\/div>\n\t\t\t\t\t<\/div>\n\t\t<\/section>\n\t\t\t\t<div class=\"elementor-element elementor-element-71be271 elementor-widget elementor-widget-spacer\" data-id=\"71be271\" data-element_type=\"widget\" data-e-type=\"widget\" data-widget_type=\"spacer.default\">\n\t\t\t\t<div class=\"elementor-widget-container\">\n\t\t\t\t\t\t\t<div class=\"elementor-spacer\">\n\t\t\t<div class=\"elementor-spacer-inner\"><\/div>\n\t\t<\/div>\n\t\t\t\t\t\t<\/div>\n\t\t\t\t<\/div>\n\t\t\t\t<div class=\"elementor-element elementor-element-9749a8a elementor-widget elementor-widget-image\" data-id=\"9749a8a\" data-element_type=\"widget\" data-e-type=\"widget\" data-widget_type=\"image.default\">\n\t\t\t\t<div class=\"elementor-widget-container\">\n\t\t\t\t\t\t\t\t\t\t\t\t\t\t\t<img decoding=\"async\" width=\"1138\" height=\"583\" src=\"https:\/\/woop.design\/wp-content\/uploads\/2019\/11\/Svatba_Obrad.jpg\" class=\"attachment-full size-full wp-image-61\" alt=\"\" srcset=\"https:\/\/woop.design\/wp-content\/uploads\/2019\/11\/Svatba_Obrad.jpg 1138w, https:\/\/woop.design\/wp-content\/uploads\/2019\/11\/Svatba_Obrad-300x154.jpg 300w, https:\/\/woop.design\/wp-content\/uploads\/2019\/11\/Svatba_Obrad-1024x525.jpg 1024w, https:\/\/woop.design\/wp-content\/uploads\/2019\/11\/Svatba_Obrad-768x393.jpg 768w, https:\/\/woop.design\/wp-content\/uploads\/2019\/11\/Svatba_Obrad-18x9.jpg 18w\" sizes=\"(max-width: 1138px) 100vw, 1138px\" \/>\t\t\t\t\t\t\t\t\t\t\t\t\t\t\t<\/div>\n\t\t\t\t<\/div>\n\t\t\t\t<div class=\"elementor-element elementor-element-1688b8e elementor-widget elementor-widget-spacer\" data-id=\"1688b8e\" data-element_type=\"widget\" data-e-type=\"widget\" data-widget_type=\"spacer.default\">\n\t\t\t\t<div class=\"elementor-widget-container\">\n\t\t\t\t\t\t\t<div class=\"elementor-spacer\">\n\t\t\t<div class=\"elementor-spacer-inner\"><\/div>\n\t\t<\/div>\n\t\t\t\t\t\t<\/div>\n\t\t\t\t<\/div>\n\t\t\t\t<div class=\"elementor-element elementor-element-0eae273 elementor-widget elementor-widget-image\" data-id=\"0eae273\" data-element_type=\"widget\" data-e-type=\"widget\" data-widget_type=\"image.default\">\n\t\t\t\t<div class=\"elementor-widget-container\">\n\t\t\t\t\t\t\t\t\t\t\t\t\t\t\t<img loading=\"lazy\" decoding=\"async\" width=\"1138\" height=\"590\" src=\"https:\/\/woop.design\/wp-content\/uploads\/2019\/11\/Svatba_Obed.jpg\" class=\"attachment-full size-full wp-image-60\" alt=\"\" srcset=\"https:\/\/woop.design\/wp-content\/uploads\/2019\/11\/Svatba_Obed.jpg 1138w, https:\/\/woop.design\/wp-content\/uploads\/2019\/11\/Svatba_Obed-300x156.jpg 300w, https:\/\/woop.design\/wp-content\/uploads\/2019\/11\/Svatba_Obed-1024x531.jpg 1024w, https:\/\/woop.design\/wp-content\/uploads\/2019\/11\/Svatba_Obed-768x398.jpg 768w, https:\/\/woop.design\/wp-content\/uploads\/2019\/11\/Svatba_Obed-18x9.jpg 18w\" sizes=\"(max-width: 1138px) 100vw, 1138px\" \/>\t\t\t\t\t\t\t\t\t\t\t\t\t\t\t<\/div>\n\t\t\t\t<\/div>\n\t\t\t\t<div class=\"elementor-element elementor-element-885c2ad elementor-widget elementor-widget-spacer\" data-id=\"885c2ad\" data-element_type=\"widget\" data-e-type=\"widget\" data-widget_type=\"spacer.default\">\n\t\t\t\t<div class=\"elementor-widget-container\">\n\t\t\t\t\t\t\t<div class=\"elementor-spacer\">\n\t\t\t<div class=\"elementor-spacer-inner\"><\/div>\n\t\t<\/div>\n\t\t\t\t\t\t<\/div>\n\t\t\t\t<\/div>\n\t\t\t\t<div class=\"elementor-element elementor-element-c17c11d elementor-widget elementor-widget-image\" data-id=\"c17c11d\" data-element_type=\"widget\" data-e-type=\"widget\" data-widget_type=\"image.default\">\n\t\t\t\t<div class=\"elementor-widget-container\">\n\t\t\t\t\t\t\t\t\t\t\t\t\t\t\t<img loading=\"lazy\" decoding=\"async\" width=\"1138\" height=\"590\" src=\"https:\/\/woop.design\/wp-content\/uploads\/2019\/11\/Svatba_Oslava.jpg\" class=\"attachment-full size-full wp-image-62\" alt=\"\" srcset=\"https:\/\/woop.design\/wp-content\/uploads\/2019\/11\/Svatba_Oslava.jpg 1138w, https:\/\/woop.design\/wp-content\/uploads\/2019\/11\/Svatba_Oslava-300x156.jpg 300w, https:\/\/woop.design\/wp-content\/uploads\/2019\/11\/Svatba_Oslava-1024x531.jpg 1024w, https:\/\/woop.design\/wp-content\/uploads\/2019\/11\/Svatba_Oslava-768x398.jpg 768w, https:\/\/woop.design\/wp-content\/uploads\/2019\/11\/Svatba_Oslava-18x9.jpg 18w\" sizes=\"(max-width: 1138px) 100vw, 1138px\" \/>\t\t\t\t\t\t\t\t\t\t\t\t\t\t\t<\/div>\n\t\t\t\t<\/div>\n\t\t\t\t<div class=\"elementor-element elementor-element-2c56880 elementor-widget elementor-widget-spacer\" data-id=\"2c56880\" data-element_type=\"widget\" data-e-type=\"widget\" data-widget_type=\"spacer.default\">\n\t\t\t\t<div class=\"elementor-widget-container\">\n\t\t\t\t\t\t\t<div class=\"elementor-spacer\">\n\t\t\t<div class=\"elementor-spacer-inner\"><\/div>\n\t\t<\/div>\n\t\t\t\t\t\t<\/div>\n\t\t\t\t<\/div>\n\t\t\t\t<div class=\"elementor-element elementor-element-82e9682 elementor-widget elementor-widget-image\" data-id=\"82e9682\" data-element_type=\"widget\" data-e-type=\"widget\" data-widget_type=\"image.default\">\n\t\t\t\t<div class=\"elementor-widget-container\">\n\t\t\t\t\t\t\t\t\t\t\t\t\t\t\t<img loading=\"lazy\" decoding=\"async\" width=\"1214\" height=\"470\" src=\"https:\/\/woop.design\/wp-content\/uploads\/2019\/11\/Svatba_Menu.jpg\" class=\"attachment-full size-full wp-image-59\" alt=\"\" srcset=\"https:\/\/woop.design\/wp-content\/uploads\/2019\/11\/Svatba_Menu.jpg 1214w, https:\/\/woop.design\/wp-content\/uploads\/2019\/11\/Svatba_Menu-300x116.jpg 300w, https:\/\/woop.design\/wp-content\/uploads\/2019\/11\/Svatba_Menu-1024x396.jpg 1024w, https:\/\/woop.design\/wp-content\/uploads\/2019\/11\/Svatba_Menu-768x297.jpg 768w, https:\/\/woop.design\/wp-content\/uploads\/2019\/11\/Svatba_Menu-18x7.jpg 18w\" sizes=\"(max-width: 1214px) 100vw, 1214px\" \/>\t\t\t\t\t\t\t\t\t\t\t\t\t\t\t<\/div>\n\t\t\t\t<\/div>\n\t\t\t\t<div class=\"elementor-element elementor-element-5d19782 elementor-widget elementor-widget-spacer\" data-id=\"5d19782\" data-element_type=\"widget\" data-e-type=\"widget\" data-widget_type=\"spacer.default\">\n\t\t\t\t<div class=\"elementor-widget-container\">\n\t\t\t\t\t\t\t<div class=\"elementor-spacer\">\n\t\t\t<div class=\"elementor-spacer-inner\"><\/div>\n\t\t<\/div>\n\t\t\t\t\t\t<\/div>\n\t\t\t\t<\/div>\n\t\t\t\t<div class=\"elementor-element elementor-element-2cd317f elementor-widget elementor-widget-image\" data-id=\"2cd317f\" data-element_type=\"widget\" data-e-type=\"widget\" data-widget_type=\"image.default\">\n\t\t\t\t<div class=\"elementor-widget-container\">\n\t\t\t\t\t\t\t\t\t\t\t\t\t\t\t<img loading=\"lazy\" decoding=\"async\" width=\"710\" height=\"573\" src=\"https:\/\/woop.design\/wp-content\/uploads\/2019\/11\/Svatba_Jmenovky.jpg\" class=\"attachment-full size-full wp-image-58\" alt=\"\" srcset=\"https:\/\/woop.design\/wp-content\/uploads\/2019\/11\/Svatba_Jmenovky.jpg 710w, https:\/\/woop.design\/wp-content\/uploads\/2019\/11\/Svatba_Jmenovky-300x242.jpg 300w, https:\/\/woop.design\/wp-content\/uploads\/2019\/11\/Svatba_Jmenovky-15x12.jpg 15w\" sizes=\"(max-width: 710px) 100vw, 710px\" \/>\t\t\t\t\t\t\t\t\t\t\t\t\t\t\t<\/div>\n\t\t\t\t<\/div>\n\t\t\t\t<div class=\"elementor-element elementor-element-838f28b elementor-widget elementor-widget-spacer\" data-id=\"838f28b\" data-element_type=\"widget\" data-e-type=\"widget\" data-widget_type=\"spacer.default\">\n\t\t\t\t<div class=\"elementor-widget-container\">\n\t\t\t\t\t\t\t<div class=\"elementor-spacer\">\n\t\t\t<div class=\"elementor-spacer-inner\"><\/div>\n\t\t<\/div>\n\t\t\t\t\t\t<\/div>\n\t\t\t\t<\/div>\n\t\t\t\t\t<\/div>\n\t\t<\/div>\n\t\t\t\t\t<\/div>\n\t\t<\/section>\n\t\t\t\t<\/div>","protected":false},"excerpt":{"rendered":"<p>Vizu\u00e1ln\u00ed styl pro svatebn\u00ed ob\u0159ad Sazba \/ Ilustrace \/ Grafick\u00fd design Svatebn\u00ed v\u00fdzdoba byla v kombinaci zelen\u00e9, \u017elut\u00e9 a \u010derven\u00e9, abychom doc\u00edlili decentn\u00edho charakteru ti\u0161t\u011bn\u00fdch materi\u00e1l\u016f, zvolili jsme p\u0159echod t\u011bchto barev s odkazem k tradi\u010dn\u00ed technice litografie. Motiv stromu si vy\u017e\u00e1dali novoman\u017eel\u00e9. Na\u0161\u00edm p\u0159\u00ednosem bylo variov\u00e1n\u00ed stromu podle dan\u00e9 ud\u00e1losti. Srdce a pt\u00e1\u010de pro ob\u0159ad [&hellip;]<\/p>\n","protected":false},"author":1,"featured_media":0,"parent":147,"menu_order":0,"comment_status":"closed","ping_status":"closed","template":"","meta":{"inline_featured_image":false,"footnotes":""},"class_list":["post-204","page","type-page","status-publish","hentry"],"_links":{"self":[{"href":"https:\/\/woop.design\/en\/wp-json\/wp\/v2\/pages\/204","targetHints":{"allow":["GET"]}}],"collection":[{"href":"https:\/\/woop.design\/en\/wp-json\/wp\/v2\/pages"}],"about":[{"href":"https:\/\/woop.design\/en\/wp-json\/wp\/v2\/types\/page"}],"author":[{"embeddable":true,"href":"https:\/\/woop.design\/en\/wp-json\/wp\/v2\/users\/1"}],"replies":[{"embeddable":true,"href":"https:\/\/woop.design\/en\/wp-json\/wp\/v2\/comments?post=204"}],"version-history":[{"count":5,"href":"https:\/\/woop.design\/en\/wp-json\/wp\/v2\/pages\/204\/revisions"}],"predecessor-version":[{"id":660,"href":"https:\/\/woop.design\/en\/wp-json\/wp\/v2\/pages\/204\/revisions\/660"}],"up":[{"embeddable":true,"href":"https:\/\/woop.design\/en\/wp-json\/wp\/v2\/pages\/147"}],"wp:attachment":[{"href":"https:\/\/woop.design\/en\/wp-json\/wp\/v2\/media?parent=204"}],"curies":[{"name":"wp","href":"https:\/\/api.w.org\/{rel}","templated":true}]}}